{"id":10807,"date":"2016-08-12T14:19:41","date_gmt":"2016-08-12T11:19:41","guid":{"rendered":"https:\/\/etslogistika.ee\/?page_id=10807"},"modified":"2020-12-14T17:36:37","modified_gmt":"2020-12-14T15:36:37","slug":"requisites","status":"publish","type":"page","link":"https:\/\/etslogistika.ee\/en\/about-us\/requisites\/","title":{"rendered":"Requisites"},"content":{"rendered":"<p style=\"text-align: center;\"><strong>ETS LOGISTICS O\u00dc<\/strong><\/p>\n<p style=\"text-align: center;\"><strong>Registry code<\/strong>\u00a011372168<\/p>\n<p style=\"text-align: center;\"><strong>V.A.T.\u00a0number<\/strong> EE101338260<\/p>\n<p style=\"text-align: center;\"><strong>Address<\/strong> V\u00f5idu 3, Rakvere\u00a044311, L\u00e4\u00e4ne-Viru maakond, Estonia<\/p>\n<p style=\"text-align: center;\"><strong>Phone<\/strong> +372 6022 432<\/p>\n<p style=\"text-align: center;\"><strong>Fax<\/strong>\u00a0+372 60 108 18<\/p>\n<p style=\"text-align: center;\"><strong>E-mail<\/strong>\u00a0etslogistika@etslogistika.ee<\/p>\n<p style=\"text-align: center;\"><strong>Bank<\/strong> AS LHV Pank<\/p>\n<p style=\"text-align: center;\">(Tartu mnt 2, 10145 Tallinn)<\/p>\n<p style=\"text-align: center;\"><strong>BIC\/SWIFT<\/strong> LHVBEE22<\/p>\n<p style=\"text-align: center;\"><strong>IBAN<\/strong> EE207700771001245575<\/p>\n<p>\u00a0<\/p>\n","protected":false},"excerpt":{"rendered":"<p>ETS LOGISTICS O\u00dc Registry code\u00a011372168 V.A.T.\u00a0number EE101338260 Address V\u00f5idu 3, Rakvere\u00a044311, L\u00e4\u00e4ne-Viru maakond, Estonia Phone +372 6022 432 Fax\u00a0+372 60 108 18 E-mail\u00a0etslogistika@etslogistika.ee Bank AS LHV Pank (Tartu mnt 2, 10145 Tallinn) BIC\/SWIFT LHVBEE22 IBAN EE207700771001245575 \u00a0<\/p>\n","protected":false},"author":2,"featured_media":10808,"parent":133254,"menu_order":0,"comment_status":"closed","ping_status":"closed","template":"","meta":{"footnotes":""},"class_list":["post-10807","page","type-page","status-publish","has-post-thumbnail","hentry"],"yoast_head":"<!-- This site is optimized with the Yoast SEO plugin v27.4 - https:\/\/yoast.com\/product\/yoast-seo-wordpress\/ -->\n<title>Requisites &#8212; International freight service | ETS Logistika<\/title>\n<meta name=\"robots\" content=\"index, follow, max-snippet:-1, max-image-preview:large, max-video-preview:-1\" \/>\n<link rel=\"canonical\" href=\"https:\/\/etslogistika.ee\/en\/about-us\/requisites\/\" \/>\n<meta property=\"og:locale\" content=\"en_US\" \/>\n<meta property=\"og:type\" content=\"article\" \/>\n<meta property=\"og:title\" content=\"Requisites &#8212; International freight service | ETS Logistika\" \/>\n<meta property=\"og:description\" content=\"ETS LOGISTICS O\u00dc Registry code\u00a011372168 V.A.T.\u00a0number EE101338260 Address V\u00f5idu 3, Rakvere\u00a044311, L\u00e4\u00e4ne-Viru maakond, Estonia Phone +372 6022 432 Fax\u00a0+372 60 108 18 E-mail\u00a0etslogistika@etslogistika.ee Bank AS LHV Pank (Tartu mnt 2, 10145 Tallinn) BIC\/SWIFT LHVBEE22 IBAN EE207700771001245575 \u00a0\" \/>\n<meta property=\"og:url\" content=\"https:\/\/etslogistika.ee\/en\/about-us\/requisites\/\" \/>\n<meta property=\"og:site_name\" content=\"International freight service | ETS Logistika\" \/>\n<meta property=\"article:publisher\" content=\"https:\/\/www.facebook.com\/etslogistika.ee\" \/>\n<meta property=\"article:modified_time\" content=\"2020-12-14T15:36:37+00:00\" \/>\n<meta property=\"og:image\" content=\"https:\/\/etslogistika.ee\/wp-content\/uploads\/2015\/06\/rekvisiidid.jpg\" \/>\n\t<meta property=\"og:image:width\" content=\"2740\" \/>\n\t<meta property=\"og:image:height\" content=\"652\" \/>\n\t<meta property=\"og:image:type\" content=\"image\/jpeg\" \/>\n<meta name=\"twitter:card\" content=\"summary_large_image\" \/>\n<script type=\"application\/ld+json\" class=\"yoast-schema-graph\">{\"@context\":\"https:\\\/\\\/schema.org\",\"@graph\":[{\"@type\":\"WebPage\",\"@id\":\"https:\\\/\\\/etslogistika.ee\\\/en\\\/about-us\\\/requisites\\\/\",\"url\":\"https:\\\/\\\/etslogistika.ee\\\/en\\\/about-us\\\/requisites\\\/\",\"name\":\"Requisites &#8212; International freight service | ETS Logistika\",\"isPartOf\":{\"@id\":\"https:\\\/\\\/etslogistika.ee\\\/#website\"},\"primaryImageOfPage\":{\"@id\":\"https:\\\/\\\/etslogistika.ee\\\/en\\\/about-us\\\/requisites\\\/#primaryimage\"},\"image\":{\"@id\":\"https:\\\/\\\/etslogistika.ee\\\/en\\\/about-us\\\/requisites\\\/#primaryimage\"},\"thumbnailUrl\":\"https:\\\/\\\/etslogistika.ee\\\/wp-content\\\/uploads\\\/2015\\\/06\\\/rekvisiidid.jpg\",\"datePublished\":\"2016-08-12T11:19:41+00:00\",\"dateModified\":\"2020-12-14T15:36:37+00:00\",\"breadcrumb\":{\"@id\":\"https:\\\/\\\/etslogistika.ee\\\/en\\\/about-us\\\/requisites\\\/#breadcrumb\"},\"inLanguage\":\"en-US\",\"potentialAction\":[{\"@type\":\"ReadAction\",\"target\":[\"https:\\\/\\\/etslogistika.ee\\\/en\\\/about-us\\\/requisites\\\/\"]}]},{\"@type\":\"ImageObject\",\"inLanguage\":\"en-US\",\"@id\":\"https:\\\/\\\/etslogistika.ee\\\/en\\\/about-us\\\/requisites\\\/#primaryimage\",\"url\":\"https:\\\/\\\/etslogistika.ee\\\/wp-content\\\/uploads\\\/2015\\\/06\\\/rekvisiidid.jpg\",\"contentUrl\":\"https:\\\/\\\/etslogistika.ee\\\/wp-content\\\/uploads\\\/2015\\\/06\\\/rekvisiidid.jpg\",\"width\":2740,\"height\":652},{\"@type\":\"BreadcrumbList\",\"@id\":\"https:\\\/\\\/etslogistika.ee\\\/en\\\/about-us\\\/requisites\\\/#breadcrumb\",\"itemListElement\":[{\"@type\":\"ListItem\",\"position\":1,\"name\":\"About us\",\"item\":\"https:\\\/\\\/etslogistika.ee\\\/en\\\/about-us\\\/\"},{\"@type\":\"ListItem\",\"position\":2,\"name\":\"Requisites\"}]},{\"@type\":\"WebSite\",\"@id\":\"https:\\\/\\\/etslogistika.ee\\\/#website\",\"url\":\"https:\\\/\\\/etslogistika.ee\\\/\",\"name\":\"Transport ja logistika uksest ukseni | ETS Logistika\",\"description\":\"Teeme logistika Sinu jaoks v\u00f5imalikult lihtsaks. Leiame hinnap\u00e4ringule kiiresti soodsa lahenduse ning administreerime vedu selle algusest kuni l\u00f5puni ise.\",\"potentialAction\":[{\"@type\":\"SearchAction\",\"target\":{\"@type\":\"EntryPoint\",\"urlTemplate\":\"https:\\\/\\\/etslogistika.ee\\\/?s={search_term_string}\"},\"query-input\":{\"@type\":\"PropertyValueSpecification\",\"valueRequired\":true,\"valueName\":\"search_term_string\"}}],\"inLanguage\":\"en-US\"}]}<\/script>\n<!-- \/ Yoast SEO plugin. -->","yoast_head_json":{"title":"Requisites &#8212; International freight service | ETS Logistika","robots":{"index":"index","follow":"follow","max-snippet":"max-snippet:-1","max-image-preview":"max-image-preview:large","max-video-preview":"max-video-preview:-1"},"canonical":"https:\/\/etslogistika.ee\/en\/about-us\/requisites\/","og_locale":"en_US","og_type":"article","og_title":"Requisites &#8212; International freight service | ETS Logistika","og_description":"ETS LOGISTICS O\u00dc Registry code\u00a011372168 V.A.T.\u00a0number EE101338260 Address V\u00f5idu 3, Rakvere\u00a044311, L\u00e4\u00e4ne-Viru maakond, Estonia Phone +372 6022 432 Fax\u00a0+372 60 108 18 E-mail\u00a0etslogistika@etslogistika.ee Bank AS LHV Pank (Tartu mnt 2, 10145 Tallinn) BIC\/SWIFT LHVBEE22 IBAN EE207700771001245575 \u00a0","og_url":"https:\/\/etslogistika.ee\/en\/about-us\/requisites\/","og_site_name":"International freight service | ETS Logistika","article_publisher":"https:\/\/www.facebook.com\/etslogistika.ee","article_modified_time":"2020-12-14T15:36:37+00:00","og_image":[{"width":2740,"height":652,"url":"https:\/\/etslogistika.ee\/wp-content\/uploads\/2015\/06\/rekvisiidid.jpg","type":"image\/jpeg"}],"twitter_card":"summary_large_image","schema":{"@context":"https:\/\/schema.org","@graph":[{"@type":"WebPage","@id":"https:\/\/etslogistika.ee\/en\/about-us\/requisites\/","url":"https:\/\/etslogistika.ee\/en\/about-us\/requisites\/","name":"Requisites &#8212; International freight service | ETS Logistika","isPartOf":{"@id":"https:\/\/etslogistika.ee\/#website"},"primaryImageOfPage":{"@id":"https:\/\/etslogistika.ee\/en\/about-us\/requisites\/#primaryimage"},"image":{"@id":"https:\/\/etslogistika.ee\/en\/about-us\/requisites\/#primaryimage"},"thumbnailUrl":"https:\/\/etslogistika.ee\/wp-content\/uploads\/2015\/06\/rekvisiidid.jpg","datePublished":"2016-08-12T11:19:41+00:00","dateModified":"2020-12-14T15:36:37+00:00","breadcrumb":{"@id":"https:\/\/etslogistika.ee\/en\/about-us\/requisites\/#breadcrumb"},"inLanguage":"en-US","potentialAction":[{"@type":"ReadAction","target":["https:\/\/etslogistika.ee\/en\/about-us\/requisites\/"]}]},{"@type":"ImageObject","inLanguage":"en-US","@id":"https:\/\/etslogistika.ee\/en\/about-us\/requisites\/#primaryimage","url":"https:\/\/etslogistika.ee\/wp-content\/uploads\/2015\/06\/rekvisiidid.jpg","contentUrl":"https:\/\/etslogistika.ee\/wp-content\/uploads\/2015\/06\/rekvisiidid.jpg","width":2740,"height":652},{"@type":"BreadcrumbList","@id":"https:\/\/etslogistika.ee\/en\/about-us\/requisites\/#breadcrumb","itemListElement":[{"@type":"ListItem","position":1,"name":"About us","item":"https:\/\/etslogistika.ee\/en\/about-us\/"},{"@type":"ListItem","position":2,"name":"Requisites"}]},{"@type":"WebSite","@id":"https:\/\/etslogistika.ee\/#website","url":"https:\/\/etslogistika.ee\/","name":"Transport ja logistika uksest ukseni | ETS Logistika","description":"Teeme logistika Sinu jaoks v\u00f5imalikult lihtsaks. Leiame hinnap\u00e4ringule kiiresti soodsa lahenduse ning administreerime vedu selle algusest kuni l\u00f5puni ise.","potentialAction":[{"@type":"SearchAction","target":{"@type":"EntryPoint","urlTemplate":"https:\/\/etslogistika.ee\/?s={search_term_string}"},"query-input":{"@type":"PropertyValueSpecification","valueRequired":true,"valueName":"search_term_string"}}],"inLanguage":"en-US"}]}},"_links":{"self":[{"href":"https:\/\/etslogistika.ee\/en\/wp-json\/wp\/v2\/pages\/10807","targetHints":{"allow":["GET"]}}],"collection":[{"href":"https:\/\/etslogistika.ee\/en\/wp-json\/wp\/v2\/pages"}],"about":[{"href":"https:\/\/etslogistika.ee\/en\/wp-json\/wp\/v2\/types\/page"}],"author":[{"embeddable":true,"href":"https:\/\/etslogistika.ee\/en\/wp-json\/wp\/v2\/users\/2"}],"replies":[{"embeddable":true,"href":"https:\/\/etslogistika.ee\/en\/wp-json\/wp\/v2\/comments?post=10807"}],"version-history":[{"count":5,"href":"https:\/\/etslogistika.ee\/en\/wp-json\/wp\/v2\/pages\/10807\/revisions"}],"predecessor-version":[{"id":114153,"href":"https:\/\/etslogistika.ee\/en\/wp-json\/wp\/v2\/pages\/10807\/revisions\/114153"}],"up":[{"embeddable":true,"href":"https:\/\/etslogistika.ee\/en\/wp-json\/wp\/v2\/pages\/133254"}],"wp:featuredmedia":[{"embeddable":true,"href":"https:\/\/etslogistika.ee\/en\/wp-json\/wp\/v2\/media\/10808"}],"wp:attachment":[{"href":"https:\/\/etslogistika.ee\/en\/wp-json\/wp\/v2\/media?parent=10807"}],"curies":[{"name":"wp","href":"https:\/\/api.w.org\/{rel}","templated":true}]}}