{"id":110917,"date":"2020-08-28T11:26:31","date_gmt":"2020-08-28T08:26:31","guid":{"rendered":"https:\/\/etslogistika.ee\/?page_id=110917"},"modified":"2025-06-05T18:32:55","modified_gmt":"2025-06-05T15:32:55","slug":"elerin-mumm","status":"publish","type":"page","link":"https:\/\/etslogistika.ee\/en\/about-us\/our-team\/elerin-mumm\/","title":{"rendered":"Elerin Korn"},"content":{"rendered":"<p class=\"lead\">Elerin is our Freight Forwarding Specialist<\/p>\n<p>You can reach Elerin by mobile at +372 52 909 61, via email at <a class=\"cursor-pointer\" href=\"mailto:raili@etslogistika.ee\" rel=\"noopener\" data-start=\"186\" data-end=\"207\">elerin@etslogistika.ee<\/a>, or on Teams under the username Elerin ETS Logistika.<\/p>\n<p>Elerin is our cheerful and determined freight operator whose aim is to make sure that everything works out as agreed upon. She is a great communicator who very much enjoys talking to people. She has contributed her heart and soul to different bars and lounges for almost ten years now \u2013 organised events, served the best cocktails and made countless jokes. Elerin likes seeing people smile and is willing to take the extra step to get a smile out of our clients.\u00a0In 2021 Elerin succesfully passed air transport training course at Be Smart training centre located in Riga, Latvia.<\/p>\n<p>Elerin spends her spare time either at home or at the nature between the fields and forests with her loved ones. She likes to relieve her stress by being physically active. Elerin also has an experience working at a casino where being confidential about the details is expected. Therefore she is very private about both her own life and also regarding our clients.<\/p>\n","protected":false},"excerpt":{"rendered":"<p>Elerin is our Freight Forwarding Specialist You can reach Elerin by mobile at +372 52 909 61, via email at elerin@etslogistika.ee, or on Teams under the username Elerin ETS Logistika. Elerin is our cheerful and determined freight operator whose aim is to make sure that everything works out as agreed upon. She is a great [&hellip;]<\/p>\n","protected":false},"author":2,"featured_media":110931,"parent":133263,"menu_order":0,"comment_status":"closed","ping_status":"closed","template":"","meta":{"footnotes":""},"class_list":["post-110917","page","type-page","status-publish","has-post-thumbnail","hentry"],"yoast_head":"<!-- This site is optimized with the Yoast SEO plugin v27.4 - https:\/\/yoast.com\/product\/yoast-seo-wordpress\/ -->\n<title>Elerin Mumm<\/title>\n<meta name=\"description\" content=\"You can reach Elerin by mobile at +372 52 909 61, via email at elerin@etslogistika.ee, or on Teams under the username Elerin ETS Logistika.\" \/>\n<meta name=\"robots\" content=\"index, follow, max-snippet:-1, max-image-preview:large, max-video-preview:-1\" \/>\n<link rel=\"canonical\" href=\"https:\/\/etslogistika.ee\/en\/about-us\/our-team\/elerin-mumm\/\" \/>\n<meta property=\"og:locale\" content=\"en_US\" \/>\n<meta property=\"og:type\" content=\"article\" \/>\n<meta property=\"og:title\" content=\"Elerin Mumm\" \/>\n<meta property=\"og:description\" content=\"You can reach Elerin by mobile at +372 52 909 61, via email at elerin@etslogistika.ee, or on Teams under the username Elerin ETS Logistika.\" \/>\n<meta property=\"og:url\" content=\"https:\/\/etslogistika.ee\/en\/about-us\/our-team\/elerin-mumm\/\" \/>\n<meta property=\"og:site_name\" content=\"International freight service | ETS Logistika\" \/>\n<meta property=\"article:publisher\" content=\"https:\/\/www.facebook.com\/etslogistika.ee\" \/>\n<meta property=\"article:modified_time\" content=\"2025-06-05T15:32:55+00:00\" \/>\n<meta property=\"og:image\" content=\"https:\/\/etslogistika.ee\/wp-content\/uploads\/2020\/08\/ElerinMumm.jpg\" \/>\n\t<meta property=\"og:image:width\" content=\"2740\" \/>\n\t<meta property=\"og:image:height\" content=\"652\" \/>\n\t<meta property=\"og:image:type\" content=\"image\/jpeg\" \/>\n<meta name=\"twitter:card\" content=\"summary_large_image\" \/>\n<meta name=\"twitter:label1\" content=\"Est. reading time\" \/>\n\t<meta name=\"twitter:data1\" content=\"2 minutes\" \/>\n<script type=\"application\/ld+json\" class=\"yoast-schema-graph\">{\"@context\":\"https:\\\/\\\/schema.org\",\"@graph\":[{\"@type\":\"WebPage\",\"@id\":\"https:\\\/\\\/etslogistika.ee\\\/en\\\/about-us\\\/our-team\\\/elerin-mumm\\\/\",\"url\":\"https:\\\/\\\/etslogistika.ee\\\/en\\\/about-us\\\/our-team\\\/elerin-mumm\\\/\",\"name\":\"Elerin Mumm\",\"isPartOf\":{\"@id\":\"https:\\\/\\\/etslogistika.ee\\\/#website\"},\"primaryImageOfPage\":{\"@id\":\"https:\\\/\\\/etslogistika.ee\\\/en\\\/about-us\\\/our-team\\\/elerin-mumm\\\/#primaryimage\"},\"image\":{\"@id\":\"https:\\\/\\\/etslogistika.ee\\\/en\\\/about-us\\\/our-team\\\/elerin-mumm\\\/#primaryimage\"},\"thumbnailUrl\":\"https:\\\/\\\/etslogistika.ee\\\/wp-content\\\/uploads\\\/2020\\\/08\\\/ElerinMumm.jpg\",\"datePublished\":\"2020-08-28T08:26:31+00:00\",\"dateModified\":\"2025-06-05T15:32:55+00:00\",\"description\":\"You can reach Elerin by mobile at +372 52 909 61, via email at elerin@etslogistika.ee, or on Teams under the username Elerin ETS Logistika.\",\"breadcrumb\":{\"@id\":\"https:\\\/\\\/etslogistika.ee\\\/en\\\/about-us\\\/our-team\\\/elerin-mumm\\\/#breadcrumb\"},\"inLanguage\":\"en-US\",\"potentialAction\":[{\"@type\":\"ReadAction\",\"target\":[\"https:\\\/\\\/etslogistika.ee\\\/en\\\/about-us\\\/our-team\\\/elerin-mumm\\\/\"]}]},{\"@type\":\"ImageObject\",\"inLanguage\":\"en-US\",\"@id\":\"https:\\\/\\\/etslogistika.ee\\\/en\\\/about-us\\\/our-team\\\/elerin-mumm\\\/#primaryimage\",\"url\":\"https:\\\/\\\/etslogistika.ee\\\/wp-content\\\/uploads\\\/2020\\\/08\\\/ElerinMumm.jpg\",\"contentUrl\":\"https:\\\/\\\/etslogistika.ee\\\/wp-content\\\/uploads\\\/2020\\\/08\\\/ElerinMumm.jpg\",\"width\":2740,\"height\":652},{\"@type\":\"BreadcrumbList\",\"@id\":\"https:\\\/\\\/etslogistika.ee\\\/en\\\/about-us\\\/our-team\\\/elerin-mumm\\\/#breadcrumb\",\"itemListElement\":[{\"@type\":\"ListItem\",\"position\":1,\"name\":\"About us\",\"item\":\"https:\\\/\\\/etslogistika.ee\\\/en\\\/about-us\\\/\"},{\"@type\":\"ListItem\",\"position\":2,\"name\":\"Our team\",\"item\":\"https:\\\/\\\/etslogistika.ee\\\/en\\\/about-us\\\/our-team\\\/\"},{\"@type\":\"ListItem\",\"position\":3,\"name\":\"Elerin Korn\"}]},{\"@type\":\"WebSite\",\"@id\":\"https:\\\/\\\/etslogistika.ee\\\/#website\",\"url\":\"https:\\\/\\\/etslogistika.ee\\\/\",\"name\":\"Transport ja logistika uksest ukseni | ETS Logistika\",\"description\":\"Teeme logistika Sinu jaoks v\u00f5imalikult lihtsaks. Leiame hinnap\u00e4ringule kiiresti soodsa lahenduse ning administreerime vedu selle algusest kuni l\u00f5puni ise.\",\"potentialAction\":[{\"@type\":\"SearchAction\",\"target\":{\"@type\":\"EntryPoint\",\"urlTemplate\":\"https:\\\/\\\/etslogistika.ee\\\/?s={search_term_string}\"},\"query-input\":{\"@type\":\"PropertyValueSpecification\",\"valueRequired\":true,\"valueName\":\"search_term_string\"}}],\"inLanguage\":\"en-US\"}]}<\/script>\n<!-- \/ Yoast SEO plugin. -->","yoast_head_json":{"title":"Elerin Mumm","description":"You can reach Elerin by mobile at +372 52 909 61, via email at elerin@etslogistika.ee, or on Teams under the username Elerin ETS Logistika.","robots":{"index":"index","follow":"follow","max-snippet":"max-snippet:-1","max-image-preview":"max-image-preview:large","max-video-preview":"max-video-preview:-1"},"canonical":"https:\/\/etslogistika.ee\/en\/about-us\/our-team\/elerin-mumm\/","og_locale":"en_US","og_type":"article","og_title":"Elerin Mumm","og_description":"You can reach Elerin by mobile at +372 52 909 61, via email at elerin@etslogistika.ee, or on Teams under the username Elerin ETS Logistika.","og_url":"https:\/\/etslogistika.ee\/en\/about-us\/our-team\/elerin-mumm\/","og_site_name":"International freight service | ETS Logistika","article_publisher":"https:\/\/www.facebook.com\/etslogistika.ee","article_modified_time":"2025-06-05T15:32:55+00:00","og_image":[{"width":2740,"height":652,"url":"https:\/\/etslogistika.ee\/wp-content\/uploads\/2020\/08\/ElerinMumm.jpg","type":"image\/jpeg"}],"twitter_card":"summary_large_image","twitter_misc":{"Est. reading time":"2 minutes"},"schema":{"@context":"https:\/\/schema.org","@graph":[{"@type":"WebPage","@id":"https:\/\/etslogistika.ee\/en\/about-us\/our-team\/elerin-mumm\/","url":"https:\/\/etslogistika.ee\/en\/about-us\/our-team\/elerin-mumm\/","name":"Elerin Mumm","isPartOf":{"@id":"https:\/\/etslogistika.ee\/#website"},"primaryImageOfPage":{"@id":"https:\/\/etslogistika.ee\/en\/about-us\/our-team\/elerin-mumm\/#primaryimage"},"image":{"@id":"https:\/\/etslogistika.ee\/en\/about-us\/our-team\/elerin-mumm\/#primaryimage"},"thumbnailUrl":"https:\/\/etslogistika.ee\/wp-content\/uploads\/2020\/08\/ElerinMumm.jpg","datePublished":"2020-08-28T08:26:31+00:00","dateModified":"2025-06-05T15:32:55+00:00","description":"You can reach Elerin by mobile at +372 52 909 61, via email at elerin@etslogistika.ee, or on Teams under the username Elerin ETS Logistika.","breadcrumb":{"@id":"https:\/\/etslogistika.ee\/en\/about-us\/our-team\/elerin-mumm\/#breadcrumb"},"inLanguage":"en-US","potentialAction":[{"@type":"ReadAction","target":["https:\/\/etslogistika.ee\/en\/about-us\/our-team\/elerin-mumm\/"]}]},{"@type":"ImageObject","inLanguage":"en-US","@id":"https:\/\/etslogistika.ee\/en\/about-us\/our-team\/elerin-mumm\/#primaryimage","url":"https:\/\/etslogistika.ee\/wp-content\/uploads\/2020\/08\/ElerinMumm.jpg","contentUrl":"https:\/\/etslogistika.ee\/wp-content\/uploads\/2020\/08\/ElerinMumm.jpg","width":2740,"height":652},{"@type":"BreadcrumbList","@id":"https:\/\/etslogistika.ee\/en\/about-us\/our-team\/elerin-mumm\/#breadcrumb","itemListElement":[{"@type":"ListItem","position":1,"name":"About us","item":"https:\/\/etslogistika.ee\/en\/about-us\/"},{"@type":"ListItem","position":2,"name":"Our team","item":"https:\/\/etslogistika.ee\/en\/about-us\/our-team\/"},{"@type":"ListItem","position":3,"name":"Elerin Korn"}]},{"@type":"WebSite","@id":"https:\/\/etslogistika.ee\/#website","url":"https:\/\/etslogistika.ee\/","name":"Transport ja logistika uksest ukseni | ETS Logistika","description":"Teeme logistika Sinu jaoks v\u00f5imalikult lihtsaks. Leiame hinnap\u00e4ringule kiiresti soodsa lahenduse ning administreerime vedu selle algusest kuni l\u00f5puni ise.","potentialAction":[{"@type":"SearchAction","target":{"@type":"EntryPoint","urlTemplate":"https:\/\/etslogistika.ee\/?s={search_term_string}"},"query-input":{"@type":"PropertyValueSpecification","valueRequired":true,"valueName":"search_term_string"}}],"inLanguage":"en-US"}]}},"_links":{"self":[{"href":"https:\/\/etslogistika.ee\/en\/wp-json\/wp\/v2\/pages\/110917","targetHints":{"allow":["GET"]}}],"collection":[{"href":"https:\/\/etslogistika.ee\/en\/wp-json\/wp\/v2\/pages"}],"about":[{"href":"https:\/\/etslogistika.ee\/en\/wp-json\/wp\/v2\/types\/page"}],"author":[{"embeddable":true,"href":"https:\/\/etslogistika.ee\/en\/wp-json\/wp\/v2\/users\/2"}],"replies":[{"embeddable":true,"href":"https:\/\/etslogistika.ee\/en\/wp-json\/wp\/v2\/comments?post=110917"}],"version-history":[{"count":8,"href":"https:\/\/etslogistika.ee\/en\/wp-json\/wp\/v2\/pages\/110917\/revisions"}],"predecessor-version":[{"id":174576,"href":"https:\/\/etslogistika.ee\/en\/wp-json\/wp\/v2\/pages\/110917\/revisions\/174576"}],"up":[{"embeddable":true,"href":"https:\/\/etslogistika.ee\/en\/wp-json\/wp\/v2\/pages\/133263"}],"wp:featuredmedia":[{"embeddable":true,"href":"https:\/\/etslogistika.ee\/en\/wp-json\/wp\/v2\/media\/110931"}],"wp:attachment":[{"href":"https:\/\/etslogistika.ee\/en\/wp-json\/wp\/v2\/media?parent=110917"}],"curies":[{"name":"wp","href":"https:\/\/api.w.org\/{rel}","templated":true}]}}