{"id":135314,"date":"2022-12-28T16:10:11","date_gmt":"2022-12-28T14:10:11","guid":{"rendered":"https:\/\/etslogistika.ee\/?page_id=135314"},"modified":"2023-01-06T10:58:16","modified_gmt":"2023-01-06T08:58:16","slug":"veterinary-border-control-eu-get-customs-service-freight","status":"publish","type":"page","link":"https:\/\/etslogistika.ee\/en\/veterinary-border-control-eu-get-customs-service-freight\/","title":{"rendered":"Veterinary border control EU \u2013 get the customs service and freight here!"},"content":{"rendered":"<p class=\"lead\">Veterinary border control EU? Are you planning to export\/import goods to\/from a country outside of European Union and the goods must subject to veterinary inspection? You are at the right place! We guide you with the documents and organize transport and customs procedures!<\/p>\n<p>Veterinary inspection is a procedure carried out on goods that require inspection upon entry into the European Union. The inspection is carried out by the Agriculture and Food Board at the border point of the European Union, where the goods enter the European Union from a third country. During the veterinary inspection at the border crossing point, the veterinary inspection officer performs a document, identity, and physical check of the consignment.<\/p>\n<p>Goods that must be subject to veterinary inspection when imported are, for example, animals, products of animal origin (including products containing a small amount of ingredients of animal origin), seeds, seedlings, used agricultural machinery, etc.<\/p>\n<p><strong>Why is veterinary inspection performed on certain goods?<\/strong><\/p>\n<p>To prevent the occurrence of plant pests on imported goods (e.g., in seeds, plants intended for planting, etc.). Also, to prevent the introduction of insects, mites, bacteria, viruses, roundworms, etc. with imported goods. For many goods, the veterinary inspection is related to the country of origin (e.g., harmful viruses are known to be spreading there).<\/p>\n<hr>\n<p><strong>What do we offer you?<\/strong><\/p>\n<ul>\n<li>We will inform you whether your goods are subject to bans\/restrictions.<\/li>\n<li>You will receive instructions from us on which certificates (e.g., <strong>phytosanitary certificate<\/strong>) and commercial documents must be provided for the customs.<\/li>\n<li>We check whether the documents are correctly completed.<\/li>\n<li>If necessary, we communicate with the sender and provide guidance to complete the documents.<\/li>\n<\/ul>\n<p>To carry out a veterinary inspection at the border, it is necessary to prepare <strong>CHED<\/strong> document (common health entry document) in the <strong>TRACES NT<\/strong> system. We will handle it for you.<\/p>\n<ul>\n<li>Veterinary inspection must be carried out at the border point when entering the European Union.<\/li>\n<li>A CHED document must be completed at the same border point.<\/li>\n<li>We will communicate with the authorities for you.<\/li>\n<\/ul>\n<hr>\n<p>You can conveniently get the whole package from us (from the formalization of export customs procedures to the formalization of import customs).<\/p>\n<ul>\n<li>We will explain the whole process to you in simple language and do not expect you to be familiar with complicated customs terms.<\/li>\n<li>You can get an affordable and high-quality transport service for your goods from us.<\/li>\n<li>We guarantee the smooth border crossing and worry-free service.<\/li>\n<\/ul>\n<p><strong>Please send us your contact on the right and we will respond quickly!<\/strong><\/p>\n<p><a  href=\"https:\/\/etslogistika.ee\/wp-content\/uploads\/2015\/05\/ets2021_vaike.png\" data-rel=\"lightbox-gallery-0\" data-rl_title=\"\" data-rl_caption=\"\" title=\"\"><img loading=\"lazy\" decoding=\"async\" width=\"700\" height=\"287\" src=\"https:\/\/etslogistika.ee\/wp-content\/uploads\/2015\/05\/ets2021_vaike.png\" class=\"aligncenter size-full wp-image-120904 attachment-1400x574\" alt=\"ets2021_vaike\" srcset=\"https:\/\/etslogistika.ee\/wp-content\/uploads\/2015\/05\/ets2021_vaike.png 700w, https:\/\/etslogistika.ee\/wp-content\/uploads\/2015\/05\/ets2021_vaike-300x123.png 300w\" sizes=\"auto, (max-width: 700px) 100vw, 700px\" \/><\/a><\/p>\n","protected":false},"excerpt":{"rendered":"<p>Veterinary border control EU? Are you planning to export\/import goods to\/from a country outside of European Union and the goods must subject to veterinary inspection? You are at the right place! We guide you with the documents and organize transport and customs procedures! Veterinary inspection is a procedure carried out on goods that require inspection [&hellip;]<\/p>\n","protected":false},"author":2,"featured_media":135315,"parent":0,"menu_order":0,"comment_status":"closed","ping_status":"closed","template":"page-landing_page.php","meta":{"footnotes":""},"class_list":["post-135314","page","type-page","status-publish","has-post-thumbnail","hentry"],"yoast_head":"<!-- This site is optimized with the Yoast SEO plugin v27.3 - https:\/\/yoast.com\/product\/yoast-seo-wordpress\/ -->\n<title>Veterinary border control EU \u2013 get the customs service and freight here!<\/title>\n<meta name=\"description\" content=\"Veterinary border control EU? Are you planning to export\/import goods which must subject to veterinary inspection? We will help you with all the procedures!\" \/>\n<meta name=\"robots\" content=\"index, follow, max-snippet:-1, max-image-preview:large, max-video-preview:-1\" \/>\n<link rel=\"canonical\" href=\"https:\/\/etslogistika.ee\/en\/veterinary-border-control-eu-get-customs-service-freight\/\" \/>\n<meta property=\"og:locale\" content=\"en_US\" \/>\n<meta property=\"og:type\" content=\"article\" \/>\n<meta property=\"og:title\" content=\"Veterinary border control EU \u2013 get the customs service and freight here!\" \/>\n<meta property=\"og:description\" content=\"Veterinary border control EU? Are you planning to export\/import goods which must subject to veterinary inspection? We will help you with all the procedures!\" \/>\n<meta property=\"og:url\" content=\"https:\/\/etslogistika.ee\/en\/veterinary-border-control-eu-get-customs-service-freight\/\" \/>\n<meta property=\"og:site_name\" content=\"International freight service | ETS Logistika\" \/>\n<meta property=\"article:publisher\" content=\"https:\/\/www.facebook.com\/etslogistika.ee\" \/>\n<meta property=\"article:modified_time\" content=\"2023-01-06T08:58:16+00:00\" \/>\n<meta property=\"og:image\" content=\"https:\/\/etslogistika.ee\/wp-content\/uploads\/2022\/12\/Veterinary-border-control-EU-scaled.jpg\" \/>\n\t<meta property=\"og:image:width\" content=\"2560\" \/>\n\t<meta property=\"og:image:height\" content=\"608\" \/>\n\t<meta property=\"og:image:type\" content=\"image\/jpeg\" \/>\n<meta name=\"twitter:card\" content=\"summary_large_image\" \/>\n<meta name=\"twitter:label1\" content=\"Est. reading time\" \/>\n\t<meta name=\"twitter:data1\" content=\"2 minutes\" \/>\n<script type=\"application\/ld+json\" class=\"yoast-schema-graph\">{\"@context\":\"https:\\\/\\\/schema.org\",\"@graph\":[{\"@type\":\"WebPage\",\"@id\":\"https:\\\/\\\/etslogistika.ee\\\/en\\\/veterinary-border-control-eu-get-customs-service-freight\\\/\",\"url\":\"https:\\\/\\\/etslogistika.ee\\\/en\\\/veterinary-border-control-eu-get-customs-service-freight\\\/\",\"name\":\"Veterinary border control EU \u2013 get the customs service and freight here!\",\"isPartOf\":{\"@id\":\"https:\\\/\\\/etslogistika.ee\\\/#website\"},\"primaryImageOfPage\":{\"@id\":\"https:\\\/\\\/etslogistika.ee\\\/en\\\/veterinary-border-control-eu-get-customs-service-freight\\\/#primaryimage\"},\"image\":{\"@id\":\"https:\\\/\\\/etslogistika.ee\\\/en\\\/veterinary-border-control-eu-get-customs-service-freight\\\/#primaryimage\"},\"thumbnailUrl\":\"https:\\\/\\\/etslogistika.ee\\\/wp-content\\\/uploads\\\/2022\\\/12\\\/Veterinary-border-control-EU-scaled.jpg\",\"datePublished\":\"2022-12-28T14:10:11+00:00\",\"dateModified\":\"2023-01-06T08:58:16+00:00\",\"description\":\"Veterinary border control EU? Are you planning to export\\\/import goods which must subject to veterinary inspection? We will help you with all the procedures!\",\"inLanguage\":\"en-US\",\"potentialAction\":[{\"@type\":\"ReadAction\",\"target\":[\"https:\\\/\\\/etslogistika.ee\\\/en\\\/veterinary-border-control-eu-get-customs-service-freight\\\/\"]}]},{\"@type\":\"ImageObject\",\"inLanguage\":\"en-US\",\"@id\":\"https:\\\/\\\/etslogistika.ee\\\/en\\\/veterinary-border-control-eu-get-customs-service-freight\\\/#primaryimage\",\"url\":\"https:\\\/\\\/etslogistika.ee\\\/wp-content\\\/uploads\\\/2022\\\/12\\\/Veterinary-border-control-EU-scaled.jpg\",\"contentUrl\":\"https:\\\/\\\/etslogistika.ee\\\/wp-content\\\/uploads\\\/2022\\\/12\\\/Veterinary-border-control-EU-scaled.jpg\",\"width\":2560,\"height\":608,\"caption\":\"Veterinary border control EU\"},{\"@type\":\"WebSite\",\"@id\":\"https:\\\/\\\/etslogistika.ee\\\/#website\",\"url\":\"https:\\\/\\\/etslogistika.ee\\\/\",\"name\":\"Transport ja logistika uksest ukseni | ETS Logistika\",\"description\":\"Teeme logistika Sinu jaoks v\u00f5imalikult lihtsaks. Leiame hinnap\u00e4ringule kiiresti soodsa lahenduse ning administreerime vedu selle algusest kuni l\u00f5puni ise.\",\"potentialAction\":[{\"@type\":\"SearchAction\",\"target\":{\"@type\":\"EntryPoint\",\"urlTemplate\":\"https:\\\/\\\/etslogistika.ee\\\/?s={search_term_string}\"},\"query-input\":{\"@type\":\"PropertyValueSpecification\",\"valueRequired\":true,\"valueName\":\"search_term_string\"}}],\"inLanguage\":\"en-US\"}]}<\/script>\n<!-- \/ Yoast SEO plugin. -->","yoast_head_json":{"title":"Veterinary border control EU \u2013 get the customs service and freight here!","description":"Veterinary border control EU? Are you planning to export\/import goods which must subject to veterinary inspection? We will help you with all the procedures!","robots":{"index":"index","follow":"follow","max-snippet":"max-snippet:-1","max-image-preview":"max-image-preview:large","max-video-preview":"max-video-preview:-1"},"canonical":"https:\/\/etslogistika.ee\/en\/veterinary-border-control-eu-get-customs-service-freight\/","og_locale":"en_US","og_type":"article","og_title":"Veterinary border control EU \u2013 get the customs service and freight here!","og_description":"Veterinary border control EU? Are you planning to export\/import goods which must subject to veterinary inspection? We will help you with all the procedures!","og_url":"https:\/\/etslogistika.ee\/en\/veterinary-border-control-eu-get-customs-service-freight\/","og_site_name":"International freight service | ETS Logistika","article_publisher":"https:\/\/www.facebook.com\/etslogistika.ee","article_modified_time":"2023-01-06T08:58:16+00:00","og_image":[{"width":2560,"height":608,"url":"https:\/\/etslogistika.ee\/wp-content\/uploads\/2022\/12\/Veterinary-border-control-EU-scaled.jpg","type":"image\/jpeg"}],"twitter_card":"summary_large_image","twitter_misc":{"Est. reading time":"2 minutes"},"schema":{"@context":"https:\/\/schema.org","@graph":[{"@type":"WebPage","@id":"https:\/\/etslogistika.ee\/en\/veterinary-border-control-eu-get-customs-service-freight\/","url":"https:\/\/etslogistika.ee\/en\/veterinary-border-control-eu-get-customs-service-freight\/","name":"Veterinary border control EU \u2013 get the customs service and freight here!","isPartOf":{"@id":"https:\/\/etslogistika.ee\/#website"},"primaryImageOfPage":{"@id":"https:\/\/etslogistika.ee\/en\/veterinary-border-control-eu-get-customs-service-freight\/#primaryimage"},"image":{"@id":"https:\/\/etslogistika.ee\/en\/veterinary-border-control-eu-get-customs-service-freight\/#primaryimage"},"thumbnailUrl":"https:\/\/etslogistika.ee\/wp-content\/uploads\/2022\/12\/Veterinary-border-control-EU-scaled.jpg","datePublished":"2022-12-28T14:10:11+00:00","dateModified":"2023-01-06T08:58:16+00:00","description":"Veterinary border control EU? Are you planning to export\/import goods which must subject to veterinary inspection? We will help you with all the procedures!","inLanguage":"en-US","potentialAction":[{"@type":"ReadAction","target":["https:\/\/etslogistika.ee\/en\/veterinary-border-control-eu-get-customs-service-freight\/"]}]},{"@type":"ImageObject","inLanguage":"en-US","@id":"https:\/\/etslogistika.ee\/en\/veterinary-border-control-eu-get-customs-service-freight\/#primaryimage","url":"https:\/\/etslogistika.ee\/wp-content\/uploads\/2022\/12\/Veterinary-border-control-EU-scaled.jpg","contentUrl":"https:\/\/etslogistika.ee\/wp-content\/uploads\/2022\/12\/Veterinary-border-control-EU-scaled.jpg","width":2560,"height":608,"caption":"Veterinary border control EU"},{"@type":"WebSite","@id":"https:\/\/etslogistika.ee\/#website","url":"https:\/\/etslogistika.ee\/","name":"Transport ja logistika uksest ukseni | ETS Logistika","description":"Teeme logistika Sinu jaoks v\u00f5imalikult lihtsaks. Leiame hinnap\u00e4ringule kiiresti soodsa lahenduse ning administreerime vedu selle algusest kuni l\u00f5puni ise.","potentialAction":[{"@type":"SearchAction","target":{"@type":"EntryPoint","urlTemplate":"https:\/\/etslogistika.ee\/?s={search_term_string}"},"query-input":{"@type":"PropertyValueSpecification","valueRequired":true,"valueName":"search_term_string"}}],"inLanguage":"en-US"}]}},"_links":{"self":[{"href":"https:\/\/etslogistika.ee\/en\/wp-json\/wp\/v2\/pages\/135314","targetHints":{"allow":["GET"]}}],"collection":[{"href":"https:\/\/etslogistika.ee\/en\/wp-json\/wp\/v2\/pages"}],"about":[{"href":"https:\/\/etslogistika.ee\/en\/wp-json\/wp\/v2\/types\/page"}],"author":[{"embeddable":true,"href":"https:\/\/etslogistika.ee\/en\/wp-json\/wp\/v2\/users\/2"}],"replies":[{"embeddable":true,"href":"https:\/\/etslogistika.ee\/en\/wp-json\/wp\/v2\/comments?post=135314"}],"version-history":[{"count":5,"href":"https:\/\/etslogistika.ee\/en\/wp-json\/wp\/v2\/pages\/135314\/revisions"}],"predecessor-version":[{"id":135455,"href":"https:\/\/etslogistika.ee\/en\/wp-json\/wp\/v2\/pages\/135314\/revisions\/135455"}],"wp:featuredmedia":[{"embeddable":true,"href":"https:\/\/etslogistika.ee\/en\/wp-json\/wp\/v2\/media\/135315"}],"wp:attachment":[{"href":"https:\/\/etslogistika.ee\/en\/wp-json\/wp\/v2\/media?parent=135314"}],"curies":[{"name":"wp","href":"https:\/\/api.w.org\/{rel}","templated":true}]}}