{"id":137998,"date":"2023-07-10T08:34:45","date_gmt":"2023-07-10T05:34:45","guid":{"rendered":"https:\/\/etslogistika.ee\/?page_id=137998"},"modified":"2025-06-05T18:31:44","modified_gmt":"2025-06-05T15:31:44","slug":"janeli-reinlo","status":"publish","type":"page","link":"https:\/\/etslogistika.ee\/en\/about-us\/our-team\/janeli-reinlo\/","title":{"rendered":"Janeli Reinlo"},"content":{"rendered":"<p class=\"lead\">Janeli is our Freight Forwarding Specialist<\/p>\n<p>You can reach Janeli by mobile at +372 51919349, via email at <a class=\"cursor-pointer\" href=\"mailto:janeli@etslogistika.ee\" rel=\"noopener\" data-start=\"186\" data-end=\"207\">janeli@etslogistika.ee<\/a>, or on Teams under the username Janeli ETS Logistika.<\/p>\n<p>Janeli is very straightforward, friendly and a good listener. She is an active person and prefers to be always on the go. Janeli enjoys discovering new places and gaining interesting experiences. She has previous work experience from customer service field having worked as a store manager at one of Estonian\u2019s biggest grocery store chains. Janeli is currently studying at the <a href=\"https:\/\/www.tktk.ee\/about-us\/ttk-university-of-applied-sciences\/?lang=en\">Tallinn University of Applied Sciences<\/a>. She likes to spend her spare time at nature, with her loved ones or just listening to music.<\/p>\n","protected":false},"excerpt":{"rendered":"<p>Janeli is our Freight Forwarding Specialist You can reach Janeli by mobile at +372 51919349, via email at janeli@etslogistika.ee, or on Teams under the username Janeli ETS Logistika. Janeli is very straightforward, friendly and a good listener. She is an active person and prefers to be always on the go. Janeli enjoys discovering new places [&hellip;]<\/p>\n","protected":false},"author":2,"featured_media":137632,"parent":133263,"menu_order":0,"comment_status":"closed","ping_status":"closed","template":"","meta":{"footnotes":""},"class_list":["post-137998","page","type-page","status-publish","has-post-thumbnail","hentry"],"yoast_head":"<!-- This site is optimized with the Yoast SEO plugin v27.4 - https:\/\/yoast.com\/product\/yoast-seo-wordpress\/ -->\n<title>Janeli Reinlo<\/title>\n<meta name=\"description\" content=\"You can reach Janeli by mobile at +372 51919349, via email at janeli@etslogistika.ee, or on Teams under the username Janeli ETS Logistika.\" \/>\n<meta name=\"robots\" content=\"index, follow, max-snippet:-1, max-image-preview:large, max-video-preview:-1\" \/>\n<link rel=\"canonical\" href=\"https:\/\/etslogistika.ee\/en\/about-us\/our-team\/janeli-reinlo\/\" \/>\n<meta property=\"og:locale\" content=\"en_US\" \/>\n<meta property=\"og:type\" content=\"article\" \/>\n<meta property=\"og:title\" content=\"Janeli Reinlo\" \/>\n<meta property=\"og:description\" content=\"You can reach Janeli by mobile at +372 51919349, via email at janeli@etslogistika.ee, or on Teams under the username Janeli ETS Logistika.\" \/>\n<meta property=\"og:url\" content=\"https:\/\/etslogistika.ee\/en\/about-us\/our-team\/janeli-reinlo\/\" \/>\n<meta property=\"og:site_name\" content=\"International freight service | ETS Logistika\" \/>\n<meta property=\"article:publisher\" content=\"https:\/\/www.facebook.com\/etslogistika.ee\" \/>\n<meta property=\"article:modified_time\" content=\"2025-06-05T15:31:44+00:00\" \/>\n<meta property=\"og:image\" content=\"https:\/\/etslogistika.ee\/wp-content\/uploads\/2023\/06\/Janeli-Reinlo-scaled.jpg\" \/>\n\t<meta property=\"og:image:width\" content=\"2560\" \/>\n\t<meta property=\"og:image:height\" content=\"597\" \/>\n\t<meta property=\"og:image:type\" content=\"image\/jpeg\" \/>\n<meta name=\"twitter:card\" content=\"summary_large_image\" \/>\n<meta name=\"twitter:label1\" content=\"Est. reading time\" \/>\n\t<meta name=\"twitter:data1\" content=\"1 minute\" \/>\n<script type=\"application\/ld+json\" class=\"yoast-schema-graph\">{\"@context\":\"https:\\\/\\\/schema.org\",\"@graph\":[{\"@type\":\"WebPage\",\"@id\":\"https:\\\/\\\/etslogistika.ee\\\/en\\\/about-us\\\/our-team\\\/janeli-reinlo\\\/\",\"url\":\"https:\\\/\\\/etslogistika.ee\\\/en\\\/about-us\\\/our-team\\\/janeli-reinlo\\\/\",\"name\":\"Janeli Reinlo\",\"isPartOf\":{\"@id\":\"https:\\\/\\\/etslogistika.ee\\\/#website\"},\"primaryImageOfPage\":{\"@id\":\"https:\\\/\\\/etslogistika.ee\\\/en\\\/about-us\\\/our-team\\\/janeli-reinlo\\\/#primaryimage\"},\"image\":{\"@id\":\"https:\\\/\\\/etslogistika.ee\\\/en\\\/about-us\\\/our-team\\\/janeli-reinlo\\\/#primaryimage\"},\"thumbnailUrl\":\"https:\\\/\\\/etslogistika.ee\\\/wp-content\\\/uploads\\\/2023\\\/06\\\/Janeli-Reinlo-scaled.jpg\",\"datePublished\":\"2023-07-10T05:34:45+00:00\",\"dateModified\":\"2025-06-05T15:31:44+00:00\",\"description\":\"You can reach Janeli by mobile at +372 51919349, via email at janeli@etslogistika.ee, or on Teams under the username Janeli ETS Logistika.\",\"breadcrumb\":{\"@id\":\"https:\\\/\\\/etslogistika.ee\\\/en\\\/about-us\\\/our-team\\\/janeli-reinlo\\\/#breadcrumb\"},\"inLanguage\":\"en-US\",\"potentialAction\":[{\"@type\":\"ReadAction\",\"target\":[\"https:\\\/\\\/etslogistika.ee\\\/en\\\/about-us\\\/our-team\\\/janeli-reinlo\\\/\"]}]},{\"@type\":\"ImageObject\",\"inLanguage\":\"en-US\",\"@id\":\"https:\\\/\\\/etslogistika.ee\\\/en\\\/about-us\\\/our-team\\\/janeli-reinlo\\\/#primaryimage\",\"url\":\"https:\\\/\\\/etslogistika.ee\\\/wp-content\\\/uploads\\\/2023\\\/06\\\/Janeli-Reinlo-scaled.jpg\",\"contentUrl\":\"https:\\\/\\\/etslogistika.ee\\\/wp-content\\\/uploads\\\/2023\\\/06\\\/Janeli-Reinlo-scaled.jpg\",\"width\":2560,\"height\":597},{\"@type\":\"BreadcrumbList\",\"@id\":\"https:\\\/\\\/etslogistika.ee\\\/en\\\/about-us\\\/our-team\\\/janeli-reinlo\\\/#breadcrumb\",\"itemListElement\":[{\"@type\":\"ListItem\",\"position\":1,\"name\":\"About us\",\"item\":\"https:\\\/\\\/etslogistika.ee\\\/en\\\/about-us\\\/\"},{\"@type\":\"ListItem\",\"position\":2,\"name\":\"Our team\",\"item\":\"https:\\\/\\\/etslogistika.ee\\\/en\\\/about-us\\\/our-team\\\/\"},{\"@type\":\"ListItem\",\"position\":3,\"name\":\"Janeli Reinlo\"}]},{\"@type\":\"WebSite\",\"@id\":\"https:\\\/\\\/etslogistika.ee\\\/#website\",\"url\":\"https:\\\/\\\/etslogistika.ee\\\/\",\"name\":\"Transport ja logistika uksest ukseni | ETS Logistika\",\"description\":\"Teeme logistika Sinu jaoks v\u00f5imalikult lihtsaks. Leiame hinnap\u00e4ringule kiiresti soodsa lahenduse ning administreerime vedu selle algusest kuni l\u00f5puni ise.\",\"potentialAction\":[{\"@type\":\"SearchAction\",\"target\":{\"@type\":\"EntryPoint\",\"urlTemplate\":\"https:\\\/\\\/etslogistika.ee\\\/?s={search_term_string}\"},\"query-input\":{\"@type\":\"PropertyValueSpecification\",\"valueRequired\":true,\"valueName\":\"search_term_string\"}}],\"inLanguage\":\"en-US\"}]}<\/script>\n<!-- \/ Yoast SEO plugin. -->","yoast_head_json":{"title":"Janeli Reinlo","description":"You can reach Janeli by mobile at +372 51919349, via email at janeli@etslogistika.ee, or on Teams under the username Janeli ETS Logistika.","robots":{"index":"index","follow":"follow","max-snippet":"max-snippet:-1","max-image-preview":"max-image-preview:large","max-video-preview":"max-video-preview:-1"},"canonical":"https:\/\/etslogistika.ee\/en\/about-us\/our-team\/janeli-reinlo\/","og_locale":"en_US","og_type":"article","og_title":"Janeli Reinlo","og_description":"You can reach Janeli by mobile at +372 51919349, via email at janeli@etslogistika.ee, or on Teams under the username Janeli ETS Logistika.","og_url":"https:\/\/etslogistika.ee\/en\/about-us\/our-team\/janeli-reinlo\/","og_site_name":"International freight service | ETS Logistika","article_publisher":"https:\/\/www.facebook.com\/etslogistika.ee","article_modified_time":"2025-06-05T15:31:44+00:00","og_image":[{"width":2560,"height":597,"url":"https:\/\/etslogistika.ee\/wp-content\/uploads\/2023\/06\/Janeli-Reinlo-scaled.jpg","type":"image\/jpeg"}],"twitter_card":"summary_large_image","twitter_misc":{"Est. reading time":"1 minute"},"schema":{"@context":"https:\/\/schema.org","@graph":[{"@type":"WebPage","@id":"https:\/\/etslogistika.ee\/en\/about-us\/our-team\/janeli-reinlo\/","url":"https:\/\/etslogistika.ee\/en\/about-us\/our-team\/janeli-reinlo\/","name":"Janeli Reinlo","isPartOf":{"@id":"https:\/\/etslogistika.ee\/#website"},"primaryImageOfPage":{"@id":"https:\/\/etslogistika.ee\/en\/about-us\/our-team\/janeli-reinlo\/#primaryimage"},"image":{"@id":"https:\/\/etslogistika.ee\/en\/about-us\/our-team\/janeli-reinlo\/#primaryimage"},"thumbnailUrl":"https:\/\/etslogistika.ee\/wp-content\/uploads\/2023\/06\/Janeli-Reinlo-scaled.jpg","datePublished":"2023-07-10T05:34:45+00:00","dateModified":"2025-06-05T15:31:44+00:00","description":"You can reach Janeli by mobile at +372 51919349, via email at janeli@etslogistika.ee, or on Teams under the username Janeli ETS Logistika.","breadcrumb":{"@id":"https:\/\/etslogistika.ee\/en\/about-us\/our-team\/janeli-reinlo\/#breadcrumb"},"inLanguage":"en-US","potentialAction":[{"@type":"ReadAction","target":["https:\/\/etslogistika.ee\/en\/about-us\/our-team\/janeli-reinlo\/"]}]},{"@type":"ImageObject","inLanguage":"en-US","@id":"https:\/\/etslogistika.ee\/en\/about-us\/our-team\/janeli-reinlo\/#primaryimage","url":"https:\/\/etslogistika.ee\/wp-content\/uploads\/2023\/06\/Janeli-Reinlo-scaled.jpg","contentUrl":"https:\/\/etslogistika.ee\/wp-content\/uploads\/2023\/06\/Janeli-Reinlo-scaled.jpg","width":2560,"height":597},{"@type":"BreadcrumbList","@id":"https:\/\/etslogistika.ee\/en\/about-us\/our-team\/janeli-reinlo\/#breadcrumb","itemListElement":[{"@type":"ListItem","position":1,"name":"About us","item":"https:\/\/etslogistika.ee\/en\/about-us\/"},{"@type":"ListItem","position":2,"name":"Our team","item":"https:\/\/etslogistika.ee\/en\/about-us\/our-team\/"},{"@type":"ListItem","position":3,"name":"Janeli Reinlo"}]},{"@type":"WebSite","@id":"https:\/\/etslogistika.ee\/#website","url":"https:\/\/etslogistika.ee\/","name":"Transport ja logistika uksest ukseni | ETS Logistika","description":"Teeme logistika Sinu jaoks v\u00f5imalikult lihtsaks. Leiame hinnap\u00e4ringule kiiresti soodsa lahenduse ning administreerime vedu selle algusest kuni l\u00f5puni ise.","potentialAction":[{"@type":"SearchAction","target":{"@type":"EntryPoint","urlTemplate":"https:\/\/etslogistika.ee\/?s={search_term_string}"},"query-input":{"@type":"PropertyValueSpecification","valueRequired":true,"valueName":"search_term_string"}}],"inLanguage":"en-US"}]}},"_links":{"self":[{"href":"https:\/\/etslogistika.ee\/en\/wp-json\/wp\/v2\/pages\/137998","targetHints":{"allow":["GET"]}}],"collection":[{"href":"https:\/\/etslogistika.ee\/en\/wp-json\/wp\/v2\/pages"}],"about":[{"href":"https:\/\/etslogistika.ee\/en\/wp-json\/wp\/v2\/types\/page"}],"author":[{"embeddable":true,"href":"https:\/\/etslogistika.ee\/en\/wp-json\/wp\/v2\/users\/2"}],"replies":[{"embeddable":true,"href":"https:\/\/etslogistika.ee\/en\/wp-json\/wp\/v2\/comments?post=137998"}],"version-history":[{"count":4,"href":"https:\/\/etslogistika.ee\/en\/wp-json\/wp\/v2\/pages\/137998\/revisions"}],"predecessor-version":[{"id":174575,"href":"https:\/\/etslogistika.ee\/en\/wp-json\/wp\/v2\/pages\/137998\/revisions\/174575"}],"up":[{"embeddable":true,"href":"https:\/\/etslogistika.ee\/en\/wp-json\/wp\/v2\/pages\/133263"}],"wp:featuredmedia":[{"embeddable":true,"href":"https:\/\/etslogistika.ee\/en\/wp-json\/wp\/v2\/media\/137632"}],"wp:attachment":[{"href":"https:\/\/etslogistika.ee\/en\/wp-json\/wp\/v2\/media?parent=137998"}],"curies":[{"name":"wp","href":"https:\/\/api.w.org\/{rel}","templated":true}]}}