{"id":174529,"date":"2025-06-04T13:06:30","date_gmt":"2025-06-04T10:06:30","guid":{"rendered":"https:\/\/etslogistika.ee\/?page_id=174529"},"modified":"2025-06-04T13:06:30","modified_gmt":"2025-06-04T10:06:30","slug":"doris-lahi","status":"publish","type":"page","link":"https:\/\/etslogistika.ee\/en\/about-us\/our-team\/doris-lahi\/","title":{"rendered":"Doris Lahi"},"content":{"rendered":"<p class=\"lead\" data-start=\"39\" data-end=\"102\">Doris is our freight operations manager.<\/p>\n<p data-start=\"104\" data-end=\"237\">You can contact Doris by mobile at +372 58502880, via email at <a class=\"cursor-pointer\" href=\"mailto:doris@etslogistika.ee\" rel=\"noopener\" data-start=\"167\" data-end=\"188\">doris@etslogistika.ee<\/a>, or on Teams under the user Doris ETS Logistika.<\/p>\n<p data-start=\"239\" data-end=\"629\">Doris holds a logistics vocational certificate from Rakvere Vocational School. She has previous work experience in both the social sector and retail. In her previous roles, she has interacted with a wide range of people and gained valuable experience in customer service and teamwork. Doris is responsible, precise, and helpful \u2013 qualities that also support her work in the logistics field.<\/p>\n<p data-start=\"631\" data-end=\"946\" data-is-last-node=\"\" data-is-only-node=\"\">Doris values clear communication and smooth cooperation and always finds a solution even in more complex situations. In her free time, Doris can often be found on a disc golf course. Listening to music is important to her as a way to unwind and relax. Doris is friendly, responsible, attentive, and a quick learner.<\/p>\n","protected":false},"excerpt":{"rendered":"<p>Doris is our freight operations manager. You can contact Doris by mobile at +372 58502880, via email at doris@etslogistika.ee, or on Teams under the user Doris ETS Logistika. Doris holds a logistics vocational certificate from Rakvere Vocational School. She has previous work experience in both the social sector and retail. In her previous roles, she [&hellip;]<\/p>\n","protected":false},"author":2,"featured_media":174519,"parent":133263,"menu_order":0,"comment_status":"closed","ping_status":"closed","template":"","meta":{"footnotes":""},"class_list":["post-174529","page","type-page","status-publish","has-post-thumbnail","hentry"],"yoast_head":"<!-- This site is optimized with the Yoast SEO plugin v27.4 - https:\/\/yoast.com\/product\/yoast-seo-wordpress\/ -->\n<title>Doris Lahi &#8212; International freight service | ETS Logistika<\/title>\n<meta name=\"description\" content=\"Doris can be contacted by mobile at +372 58502880, via email at doris@etslogistika.ee, or on Teams under the user Doris ETS Logistika.\" \/>\n<meta name=\"robots\" content=\"index, follow, max-snippet:-1, max-image-preview:large, max-video-preview:-1\" \/>\n<link rel=\"canonical\" href=\"https:\/\/etslogistika.ee\/en\/about-us\/our-team\/doris-lahi\/\" \/>\n<meta property=\"og:locale\" content=\"en_US\" \/>\n<meta property=\"og:type\" content=\"article\" \/>\n<meta property=\"og:title\" content=\"Doris Lahi &#8212; International freight service | ETS Logistika\" \/>\n<meta property=\"og:description\" content=\"Doris can be contacted by mobile at +372 58502880, via email at doris@etslogistika.ee, or on Teams under the user Doris ETS Logistika.\" \/>\n<meta property=\"og:url\" content=\"https:\/\/etslogistika.ee\/en\/about-us\/our-team\/doris-lahi\/\" \/>\n<meta property=\"og:site_name\" content=\"International freight service | ETS Logistika\" \/>\n<meta property=\"article:publisher\" content=\"https:\/\/www.facebook.com\/etslogistika.ee\" \/>\n<meta property=\"og:image\" content=\"https:\/\/etslogistika.ee\/wp-content\/uploads\/2025\/06\/DorisLahi.jpg\" \/>\n\t<meta property=\"og:image:width\" content=\"2740\" \/>\n\t<meta property=\"og:image:height\" content=\"652\" \/>\n\t<meta property=\"og:image:type\" content=\"image\/jpeg\" \/>\n<meta name=\"twitter:card\" content=\"summary_large_image\" \/>\n<meta name=\"twitter:label1\" content=\"Est. reading time\" \/>\n\t<meta name=\"twitter:data1\" content=\"1 minute\" \/>\n<script type=\"application\/ld+json\" class=\"yoast-schema-graph\">{\"@context\":\"https:\\\/\\\/schema.org\",\"@graph\":[{\"@type\":\"WebPage\",\"@id\":\"https:\\\/\\\/etslogistika.ee\\\/en\\\/about-us\\\/our-team\\\/doris-lahi\\\/\",\"url\":\"https:\\\/\\\/etslogistika.ee\\\/en\\\/about-us\\\/our-team\\\/doris-lahi\\\/\",\"name\":\"Doris Lahi &#8212; International freight service | ETS Logistika\",\"isPartOf\":{\"@id\":\"https:\\\/\\\/etslogistika.ee\\\/#website\"},\"primaryImageOfPage\":{\"@id\":\"https:\\\/\\\/etslogistika.ee\\\/en\\\/about-us\\\/our-team\\\/doris-lahi\\\/#primaryimage\"},\"image\":{\"@id\":\"https:\\\/\\\/etslogistika.ee\\\/en\\\/about-us\\\/our-team\\\/doris-lahi\\\/#primaryimage\"},\"thumbnailUrl\":\"https:\\\/\\\/etslogistika.ee\\\/wp-content\\\/uploads\\\/2025\\\/06\\\/DorisLahi.jpg\",\"datePublished\":\"2025-06-04T10:06:30+00:00\",\"description\":\"Doris can be contacted by mobile at +372 58502880, via email at doris@etslogistika.ee, or on Teams under the user Doris ETS Logistika.\",\"breadcrumb\":{\"@id\":\"https:\\\/\\\/etslogistika.ee\\\/en\\\/about-us\\\/our-team\\\/doris-lahi\\\/#breadcrumb\"},\"inLanguage\":\"en-US\",\"potentialAction\":[{\"@type\":\"ReadAction\",\"target\":[\"https:\\\/\\\/etslogistika.ee\\\/en\\\/about-us\\\/our-team\\\/doris-lahi\\\/\"]}]},{\"@type\":\"ImageObject\",\"inLanguage\":\"en-US\",\"@id\":\"https:\\\/\\\/etslogistika.ee\\\/en\\\/about-us\\\/our-team\\\/doris-lahi\\\/#primaryimage\",\"url\":\"https:\\\/\\\/etslogistika.ee\\\/wp-content\\\/uploads\\\/2025\\\/06\\\/DorisLahi.jpg\",\"contentUrl\":\"https:\\\/\\\/etslogistika.ee\\\/wp-content\\\/uploads\\\/2025\\\/06\\\/DorisLahi.jpg\",\"width\":2740,\"height\":652},{\"@type\":\"BreadcrumbList\",\"@id\":\"https:\\\/\\\/etslogistika.ee\\\/en\\\/about-us\\\/our-team\\\/doris-lahi\\\/#breadcrumb\",\"itemListElement\":[{\"@type\":\"ListItem\",\"position\":1,\"name\":\"About us\",\"item\":\"https:\\\/\\\/etslogistika.ee\\\/en\\\/about-us\\\/\"},{\"@type\":\"ListItem\",\"position\":2,\"name\":\"Our team\",\"item\":\"https:\\\/\\\/etslogistika.ee\\\/en\\\/about-us\\\/our-team\\\/\"},{\"@type\":\"ListItem\",\"position\":3,\"name\":\"Doris Lahi\"}]},{\"@type\":\"WebSite\",\"@id\":\"https:\\\/\\\/etslogistika.ee\\\/#website\",\"url\":\"https:\\\/\\\/etslogistika.ee\\\/\",\"name\":\"Transport ja logistika uksest ukseni | ETS Logistika\",\"description\":\"Teeme logistika Sinu jaoks v\u00f5imalikult lihtsaks. Leiame hinnap\u00e4ringule kiiresti soodsa lahenduse ning administreerime vedu selle algusest kuni l\u00f5puni ise.\",\"potentialAction\":[{\"@type\":\"SearchAction\",\"target\":{\"@type\":\"EntryPoint\",\"urlTemplate\":\"https:\\\/\\\/etslogistika.ee\\\/?s={search_term_string}\"},\"query-input\":{\"@type\":\"PropertyValueSpecification\",\"valueRequired\":true,\"valueName\":\"search_term_string\"}}],\"inLanguage\":\"en-US\"}]}<\/script>\n<!-- \/ Yoast SEO plugin. -->","yoast_head_json":{"title":"Doris Lahi &#8212; International freight service | ETS Logistika","description":"Doris can be contacted by mobile at +372 58502880, via email at doris@etslogistika.ee, or on Teams under the user Doris ETS Logistika.","robots":{"index":"index","follow":"follow","max-snippet":"max-snippet:-1","max-image-preview":"max-image-preview:large","max-video-preview":"max-video-preview:-1"},"canonical":"https:\/\/etslogistika.ee\/en\/about-us\/our-team\/doris-lahi\/","og_locale":"en_US","og_type":"article","og_title":"Doris Lahi &#8212; International freight service | ETS Logistika","og_description":"Doris can be contacted by mobile at +372 58502880, via email at doris@etslogistika.ee, or on Teams under the user Doris ETS Logistika.","og_url":"https:\/\/etslogistika.ee\/en\/about-us\/our-team\/doris-lahi\/","og_site_name":"International freight service | ETS Logistika","article_publisher":"https:\/\/www.facebook.com\/etslogistika.ee","og_image":[{"width":2740,"height":652,"url":"https:\/\/etslogistika.ee\/wp-content\/uploads\/2025\/06\/DorisLahi.jpg","type":"image\/jpeg"}],"twitter_card":"summary_large_image","twitter_misc":{"Est. reading time":"1 minute"},"schema":{"@context":"https:\/\/schema.org","@graph":[{"@type":"WebPage","@id":"https:\/\/etslogistika.ee\/en\/about-us\/our-team\/doris-lahi\/","url":"https:\/\/etslogistika.ee\/en\/about-us\/our-team\/doris-lahi\/","name":"Doris Lahi &#8212; International freight service | ETS Logistika","isPartOf":{"@id":"https:\/\/etslogistika.ee\/#website"},"primaryImageOfPage":{"@id":"https:\/\/etslogistika.ee\/en\/about-us\/our-team\/doris-lahi\/#primaryimage"},"image":{"@id":"https:\/\/etslogistika.ee\/en\/about-us\/our-team\/doris-lahi\/#primaryimage"},"thumbnailUrl":"https:\/\/etslogistika.ee\/wp-content\/uploads\/2025\/06\/DorisLahi.jpg","datePublished":"2025-06-04T10:06:30+00:00","description":"Doris can be contacted by mobile at +372 58502880, via email at doris@etslogistika.ee, or on Teams under the user Doris ETS Logistika.","breadcrumb":{"@id":"https:\/\/etslogistika.ee\/en\/about-us\/our-team\/doris-lahi\/#breadcrumb"},"inLanguage":"en-US","potentialAction":[{"@type":"ReadAction","target":["https:\/\/etslogistika.ee\/en\/about-us\/our-team\/doris-lahi\/"]}]},{"@type":"ImageObject","inLanguage":"en-US","@id":"https:\/\/etslogistika.ee\/en\/about-us\/our-team\/doris-lahi\/#primaryimage","url":"https:\/\/etslogistika.ee\/wp-content\/uploads\/2025\/06\/DorisLahi.jpg","contentUrl":"https:\/\/etslogistika.ee\/wp-content\/uploads\/2025\/06\/DorisLahi.jpg","width":2740,"height":652},{"@type":"BreadcrumbList","@id":"https:\/\/etslogistika.ee\/en\/about-us\/our-team\/doris-lahi\/#breadcrumb","itemListElement":[{"@type":"ListItem","position":1,"name":"About us","item":"https:\/\/etslogistika.ee\/en\/about-us\/"},{"@type":"ListItem","position":2,"name":"Our team","item":"https:\/\/etslogistika.ee\/en\/about-us\/our-team\/"},{"@type":"ListItem","position":3,"name":"Doris Lahi"}]},{"@type":"WebSite","@id":"https:\/\/etslogistika.ee\/#website","url":"https:\/\/etslogistika.ee\/","name":"Transport ja logistika uksest ukseni | ETS Logistika","description":"Teeme logistika Sinu jaoks v\u00f5imalikult lihtsaks. Leiame hinnap\u00e4ringule kiiresti soodsa lahenduse ning administreerime vedu selle algusest kuni l\u00f5puni ise.","potentialAction":[{"@type":"SearchAction","target":{"@type":"EntryPoint","urlTemplate":"https:\/\/etslogistika.ee\/?s={search_term_string}"},"query-input":{"@type":"PropertyValueSpecification","valueRequired":true,"valueName":"search_term_string"}}],"inLanguage":"en-US"}]}},"_links":{"self":[{"href":"https:\/\/etslogistika.ee\/en\/wp-json\/wp\/v2\/pages\/174529","targetHints":{"allow":["GET"]}}],"collection":[{"href":"https:\/\/etslogistika.ee\/en\/wp-json\/wp\/v2\/pages"}],"about":[{"href":"https:\/\/etslogistika.ee\/en\/wp-json\/wp\/v2\/types\/page"}],"author":[{"embeddable":true,"href":"https:\/\/etslogistika.ee\/en\/wp-json\/wp\/v2\/users\/2"}],"replies":[{"embeddable":true,"href":"https:\/\/etslogistika.ee\/en\/wp-json\/wp\/v2\/comments?post=174529"}],"version-history":[{"count":1,"href":"https:\/\/etslogistika.ee\/en\/wp-json\/wp\/v2\/pages\/174529\/revisions"}],"predecessor-version":[{"id":174530,"href":"https:\/\/etslogistika.ee\/en\/wp-json\/wp\/v2\/pages\/174529\/revisions\/174530"}],"up":[{"embeddable":true,"href":"https:\/\/etslogistika.ee\/en\/wp-json\/wp\/v2\/pages\/133263"}],"wp:featuredmedia":[{"embeddable":true,"href":"https:\/\/etslogistika.ee\/en\/wp-json\/wp\/v2\/media\/174519"}],"wp:attachment":[{"href":"https:\/\/etslogistika.ee\/en\/wp-json\/wp\/v2\/media?parent=174529"}],"curies":[{"name":"wp","href":"https:\/\/api.w.org\/{rel}","templated":true}]}}