{"id":174566,"date":"2025-06-05T18:24:44","date_gmt":"2025-06-05T15:24:44","guid":{"rendered":"https:\/\/etslogistika.ee\/?page_id=174566"},"modified":"2025-06-05T18:26:15","modified_gmt":"2025-06-05T15:26:15","slug":"matteo-kisand","status":"publish","type":"page","link":"https:\/\/etslogistika.ee\/en\/about-us\/our-team\/matteo-kisand\/","title":{"rendered":"Matteo Kisand"},"content":{"rendered":"<p class=\"lead\" data-start=\"49\" data-end=\"188\">Matteo is our Freight Forwarding Specialist<\/p>\n<p data-start=\"49\" data-end=\"188\">You can reach Matteo by phone at +372 554 4903, via email at <a class=\"cursor-pointer\" href=\"matteo@etslogistika.ee\" rel=\"noopener\" data-start=\"110\" data-end=\"132\">matteo@etslogistika.ee<\/a>, or on Teams under the username Matteo ETS Logistika.<\/p>\n<p data-start=\"190\" data-end=\"626\">Before entering the logistics sector, Matteo worked in the electrical field, which gave him a strong technical background and a practical approach to problem-solving. In his previous roles, he has worked with clients and partners from diverse backgrounds, which has helped him develop strong communication skills and self-confidence. Matteo is friendly, a good listener, and attentive \u2013 all essential qualities for success in logistics.<\/p>\n<p data-start=\"628\" data-end=\"880\">For Matteo, family and time spent with loved ones are the most important. Sports have always played a significant role in his life \u2013 he played football for 13 years with Rakvere JK Tarvas and nowadays enjoys playing disc golf on courses across Estonia.<\/p>\n","protected":false},"excerpt":{"rendered":"<p>Matteo is our Freight Forwarding Specialist You can reach Matteo by phone at +372 554 4903, via email at matteo@etslogistika.ee, or on Teams under the username Matteo ETS Logistika. Before entering the logistics sector, Matteo worked in the electrical field, which gave him a strong technical background and a practical approach to problem-solving. In his [&hellip;]<\/p>\n","protected":false},"author":2,"featured_media":174561,"parent":133263,"menu_order":0,"comment_status":"closed","ping_status":"closed","template":"","meta":{"footnotes":""},"class_list":["post-174566","page","type-page","status-publish","has-post-thumbnail","hentry"],"yoast_head":"<!-- This site is optimized with the Yoast SEO plugin v27.4 - https:\/\/yoast.com\/product\/yoast-seo-wordpress\/ -->\n<title>Matteo Kisand &#8212; International freight service | ETS Logistika<\/title>\n<meta name=\"description\" content=\"You can reach Matteo by phone at +372 554 4903, via email at matteo@etslogistika.ee, or on Teams under the username Matteo ETS Logistika.\" \/>\n<meta name=\"robots\" content=\"index, follow, max-snippet:-1, max-image-preview:large, max-video-preview:-1\" \/>\n<link rel=\"canonical\" href=\"https:\/\/etslogistika.ee\/en\/about-us\/our-team\/matteo-kisand\/\" \/>\n<meta property=\"og:locale\" content=\"en_US\" \/>\n<meta property=\"og:type\" content=\"article\" \/>\n<meta property=\"og:title\" content=\"Matteo Kisand &#8212; International freight service | ETS Logistika\" \/>\n<meta property=\"og:description\" content=\"You can reach Matteo by phone at +372 554 4903, via email at matteo@etslogistika.ee, or on Teams under the username Matteo ETS Logistika.\" \/>\n<meta property=\"og:url\" content=\"https:\/\/etslogistika.ee\/en\/about-us\/our-team\/matteo-kisand\/\" \/>\n<meta property=\"og:site_name\" content=\"International freight service | ETS Logistika\" \/>\n<meta property=\"article:publisher\" content=\"https:\/\/www.facebook.com\/etslogistika.ee\" \/>\n<meta property=\"article:modified_time\" content=\"2025-06-05T15:26:15+00:00\" \/>\n<meta property=\"og:image\" content=\"https:\/\/etslogistika.ee\/wp-content\/uploads\/2025\/06\/MatteoKisand-scaled.jpg\" \/>\n\t<meta property=\"og:image:width\" content=\"2560\" \/>\n\t<meta property=\"og:image:height\" content=\"609\" \/>\n\t<meta property=\"og:image:type\" content=\"image\/jpeg\" \/>\n<meta name=\"twitter:card\" content=\"summary_large_image\" \/>\n<meta name=\"twitter:label1\" content=\"Est. reading time\" \/>\n\t<meta name=\"twitter:data1\" content=\"1 minute\" \/>\n<script type=\"application\/ld+json\" class=\"yoast-schema-graph\">{\"@context\":\"https:\\\/\\\/schema.org\",\"@graph\":[{\"@type\":\"WebPage\",\"@id\":\"https:\\\/\\\/etslogistika.ee\\\/en\\\/about-us\\\/our-team\\\/matteo-kisand\\\/\",\"url\":\"https:\\\/\\\/etslogistika.ee\\\/en\\\/about-us\\\/our-team\\\/matteo-kisand\\\/\",\"name\":\"Matteo Kisand &#8212; International freight service | ETS Logistika\",\"isPartOf\":{\"@id\":\"https:\\\/\\\/etslogistika.ee\\\/#website\"},\"primaryImageOfPage\":{\"@id\":\"https:\\\/\\\/etslogistika.ee\\\/en\\\/about-us\\\/our-team\\\/matteo-kisand\\\/#primaryimage\"},\"image\":{\"@id\":\"https:\\\/\\\/etslogistika.ee\\\/en\\\/about-us\\\/our-team\\\/matteo-kisand\\\/#primaryimage\"},\"thumbnailUrl\":\"https:\\\/\\\/etslogistika.ee\\\/wp-content\\\/uploads\\\/2025\\\/06\\\/MatteoKisand-scaled.jpg\",\"datePublished\":\"2025-06-05T15:24:44+00:00\",\"dateModified\":\"2025-06-05T15:26:15+00:00\",\"description\":\"You can reach Matteo by phone at +372 554 4903, via email at matteo@etslogistika.ee, or on Teams under the username Matteo ETS Logistika.\",\"breadcrumb\":{\"@id\":\"https:\\\/\\\/etslogistika.ee\\\/en\\\/about-us\\\/our-team\\\/matteo-kisand\\\/#breadcrumb\"},\"inLanguage\":\"en-US\",\"potentialAction\":[{\"@type\":\"ReadAction\",\"target\":[\"https:\\\/\\\/etslogistika.ee\\\/en\\\/about-us\\\/our-team\\\/matteo-kisand\\\/\"]}]},{\"@type\":\"ImageObject\",\"inLanguage\":\"en-US\",\"@id\":\"https:\\\/\\\/etslogistika.ee\\\/en\\\/about-us\\\/our-team\\\/matteo-kisand\\\/#primaryimage\",\"url\":\"https:\\\/\\\/etslogistika.ee\\\/wp-content\\\/uploads\\\/2025\\\/06\\\/MatteoKisand-scaled.jpg\",\"contentUrl\":\"https:\\\/\\\/etslogistika.ee\\\/wp-content\\\/uploads\\\/2025\\\/06\\\/MatteoKisand-scaled.jpg\",\"width\":2560,\"height\":609},{\"@type\":\"BreadcrumbList\",\"@id\":\"https:\\\/\\\/etslogistika.ee\\\/en\\\/about-us\\\/our-team\\\/matteo-kisand\\\/#breadcrumb\",\"itemListElement\":[{\"@type\":\"ListItem\",\"position\":1,\"name\":\"About us\",\"item\":\"https:\\\/\\\/etslogistika.ee\\\/en\\\/about-us\\\/\"},{\"@type\":\"ListItem\",\"position\":2,\"name\":\"Our team\",\"item\":\"https:\\\/\\\/etslogistika.ee\\\/en\\\/about-us\\\/our-team\\\/\"},{\"@type\":\"ListItem\",\"position\":3,\"name\":\"Matteo Kisand\"}]},{\"@type\":\"WebSite\",\"@id\":\"https:\\\/\\\/etslogistika.ee\\\/#website\",\"url\":\"https:\\\/\\\/etslogistika.ee\\\/\",\"name\":\"Transport ja logistika uksest ukseni | ETS Logistika\",\"description\":\"Teeme logistika Sinu jaoks v\u00f5imalikult lihtsaks. Leiame hinnap\u00e4ringule kiiresti soodsa lahenduse ning administreerime vedu selle algusest kuni l\u00f5puni ise.\",\"potentialAction\":[{\"@type\":\"SearchAction\",\"target\":{\"@type\":\"EntryPoint\",\"urlTemplate\":\"https:\\\/\\\/etslogistika.ee\\\/?s={search_term_string}\"},\"query-input\":{\"@type\":\"PropertyValueSpecification\",\"valueRequired\":true,\"valueName\":\"search_term_string\"}}],\"inLanguage\":\"en-US\"}]}<\/script>\n<!-- \/ Yoast SEO plugin. -->","yoast_head_json":{"title":"Matteo Kisand &#8212; International freight service | ETS Logistika","description":"You can reach Matteo by phone at +372 554 4903, via email at matteo@etslogistika.ee, or on Teams under the username Matteo ETS Logistika.","robots":{"index":"index","follow":"follow","max-snippet":"max-snippet:-1","max-image-preview":"max-image-preview:large","max-video-preview":"max-video-preview:-1"},"canonical":"https:\/\/etslogistika.ee\/en\/about-us\/our-team\/matteo-kisand\/","og_locale":"en_US","og_type":"article","og_title":"Matteo Kisand &#8212; International freight service | ETS Logistika","og_description":"You can reach Matteo by phone at +372 554 4903, via email at matteo@etslogistika.ee, or on Teams under the username Matteo ETS Logistika.","og_url":"https:\/\/etslogistika.ee\/en\/about-us\/our-team\/matteo-kisand\/","og_site_name":"International freight service | ETS Logistika","article_publisher":"https:\/\/www.facebook.com\/etslogistika.ee","article_modified_time":"2025-06-05T15:26:15+00:00","og_image":[{"width":2560,"height":609,"url":"https:\/\/etslogistika.ee\/wp-content\/uploads\/2025\/06\/MatteoKisand-scaled.jpg","type":"image\/jpeg"}],"twitter_card":"summary_large_image","twitter_misc":{"Est. reading time":"1 minute"},"schema":{"@context":"https:\/\/schema.org","@graph":[{"@type":"WebPage","@id":"https:\/\/etslogistika.ee\/en\/about-us\/our-team\/matteo-kisand\/","url":"https:\/\/etslogistika.ee\/en\/about-us\/our-team\/matteo-kisand\/","name":"Matteo Kisand &#8212; International freight service | ETS Logistika","isPartOf":{"@id":"https:\/\/etslogistika.ee\/#website"},"primaryImageOfPage":{"@id":"https:\/\/etslogistika.ee\/en\/about-us\/our-team\/matteo-kisand\/#primaryimage"},"image":{"@id":"https:\/\/etslogistika.ee\/en\/about-us\/our-team\/matteo-kisand\/#primaryimage"},"thumbnailUrl":"https:\/\/etslogistika.ee\/wp-content\/uploads\/2025\/06\/MatteoKisand-scaled.jpg","datePublished":"2025-06-05T15:24:44+00:00","dateModified":"2025-06-05T15:26:15+00:00","description":"You can reach Matteo by phone at +372 554 4903, via email at matteo@etslogistika.ee, or on Teams under the username Matteo ETS Logistika.","breadcrumb":{"@id":"https:\/\/etslogistika.ee\/en\/about-us\/our-team\/matteo-kisand\/#breadcrumb"},"inLanguage":"en-US","potentialAction":[{"@type":"ReadAction","target":["https:\/\/etslogistika.ee\/en\/about-us\/our-team\/matteo-kisand\/"]}]},{"@type":"ImageObject","inLanguage":"en-US","@id":"https:\/\/etslogistika.ee\/en\/about-us\/our-team\/matteo-kisand\/#primaryimage","url":"https:\/\/etslogistika.ee\/wp-content\/uploads\/2025\/06\/MatteoKisand-scaled.jpg","contentUrl":"https:\/\/etslogistika.ee\/wp-content\/uploads\/2025\/06\/MatteoKisand-scaled.jpg","width":2560,"height":609},{"@type":"BreadcrumbList","@id":"https:\/\/etslogistika.ee\/en\/about-us\/our-team\/matteo-kisand\/#breadcrumb","itemListElement":[{"@type":"ListItem","position":1,"name":"About us","item":"https:\/\/etslogistika.ee\/en\/about-us\/"},{"@type":"ListItem","position":2,"name":"Our team","item":"https:\/\/etslogistika.ee\/en\/about-us\/our-team\/"},{"@type":"ListItem","position":3,"name":"Matteo Kisand"}]},{"@type":"WebSite","@id":"https:\/\/etslogistika.ee\/#website","url":"https:\/\/etslogistika.ee\/","name":"Transport ja logistika uksest ukseni | ETS Logistika","description":"Teeme logistika Sinu jaoks v\u00f5imalikult lihtsaks. Leiame hinnap\u00e4ringule kiiresti soodsa lahenduse ning administreerime vedu selle algusest kuni l\u00f5puni ise.","potentialAction":[{"@type":"SearchAction","target":{"@type":"EntryPoint","urlTemplate":"https:\/\/etslogistika.ee\/?s={search_term_string}"},"query-input":{"@type":"PropertyValueSpecification","valueRequired":true,"valueName":"search_term_string"}}],"inLanguage":"en-US"}]}},"_links":{"self":[{"href":"https:\/\/etslogistika.ee\/en\/wp-json\/wp\/v2\/pages\/174566","targetHints":{"allow":["GET"]}}],"collection":[{"href":"https:\/\/etslogistika.ee\/en\/wp-json\/wp\/v2\/pages"}],"about":[{"href":"https:\/\/etslogistika.ee\/en\/wp-json\/wp\/v2\/types\/page"}],"author":[{"embeddable":true,"href":"https:\/\/etslogistika.ee\/en\/wp-json\/wp\/v2\/users\/2"}],"replies":[{"embeddable":true,"href":"https:\/\/etslogistika.ee\/en\/wp-json\/wp\/v2\/comments?post=174566"}],"version-history":[{"count":2,"href":"https:\/\/etslogistika.ee\/en\/wp-json\/wp\/v2\/pages\/174566\/revisions"}],"predecessor-version":[{"id":174569,"href":"https:\/\/etslogistika.ee\/en\/wp-json\/wp\/v2\/pages\/174566\/revisions\/174569"}],"up":[{"embeddable":true,"href":"https:\/\/etslogistika.ee\/en\/wp-json\/wp\/v2\/pages\/133263"}],"wp:featuredmedia":[{"embeddable":true,"href":"https:\/\/etslogistika.ee\/en\/wp-json\/wp\/v2\/media\/174561"}],"wp:attachment":[{"href":"https:\/\/etslogistika.ee\/en\/wp-json\/wp\/v2\/media?parent=174566"}],"curies":[{"name":"wp","href":"https:\/\/api.w.org\/{rel}","templated":true}]}}