{"id":7661,"date":"2016-03-18T14:28:50","date_gmt":"2016-03-18T12:28:50","guid":{"rendered":"https:\/\/etslogistika.ee\/?page_id=7661"},"modified":"2018-03-05T16:32:39","modified_gmt":"2018-03-05T14:32:39","slug":"international-transportation","status":"publish","type":"page","link":"https:\/\/etslogistika.ee\/en\/services\/international-transportation\/","title":{"rendered":"International transportation"},"content":{"rendered":"<p class=\"lead\"><strong>Are you in need of international transportation and a good price is determinative? Then you are at the right place. Simply write what, to where and when into the form on the right, and you will receive a price offer within minutes.<\/strong><\/p>\n<ul>\n<li>You can transport the goods all over the world with land, marine or air transportation.<\/li>\n<li>You will be given a personal freight organizer who will recommend you the cheapest way suitable for your goods.<\/li>\n<li>You can confirm your order at any working day of the week.<\/li>\n<li><strong>International transportation<\/strong> does not include any hidden expenses.<\/li>\n<li>You do not need to worry about customs formalities because our customs declarant will assist you with that.<\/li>\n<li>In case of pricier goods you can request for a separate freight insurance.<\/li>\n<\/ul>\n<p>When requesting for an international transportation you do not need to drop off or pick up the goods from anywhere \u2013 our international transportation is a door to door service.<\/p>\n<p>To get a good price offer simply write to us using the form on the right. We will answer you within minutes.<\/p>\n","protected":false},"excerpt":{"rendered":"<p>Are you in need of international transportation and a good price is determinative? Then you are at the right place. Simply write what, to where and when into the form on the right, and you will receive a price offer within minutes. You can transport the goods all over the world with land, marine or [&hellip;]<\/p>\n","protected":false},"author":2,"featured_media":7662,"parent":10150,"menu_order":1,"comment_status":"closed","ping_status":"closed","template":"","meta":{"footnotes":""},"class_list":["post-7661","page","type-page","status-publish","has-post-thumbnail","hentry"],"yoast_head":"<!-- This site is optimized with the Yoast SEO plugin v27.4 - https:\/\/yoast.com\/product\/yoast-seo-wordpress\/ -->\n<title>International transportation | ETS Logistics<\/title>\n<meta name=\"description\" content=\"Are you in need of international transportation and a good price is determinative? Then you are at the right place. You will get a price offer in minutes.\" \/>\n<meta name=\"robots\" content=\"index, follow, max-snippet:-1, max-image-preview:large, max-video-preview:-1\" \/>\n<link rel=\"canonical\" href=\"https:\/\/etslogistika.ee\/en\/services\/international-transportation\/\" \/>\n<meta property=\"og:locale\" content=\"en_US\" \/>\n<meta property=\"og:type\" content=\"article\" \/>\n<meta property=\"og:title\" content=\"International transportation | ETS Logistics\" \/>\n<meta property=\"og:description\" content=\"Are you in need of international transportation and a good price is determinative? Then you are at the right place. You will get a price offer in minutes.\" \/>\n<meta property=\"og:url\" content=\"https:\/\/etslogistika.ee\/en\/services\/international-transportation\/\" \/>\n<meta property=\"og:site_name\" content=\"International freight service | ETS Logistika\" \/>\n<meta property=\"article:publisher\" content=\"https:\/\/www.facebook.com\/etslogistika.ee\" \/>\n<meta property=\"article:modified_time\" content=\"2018-03-05T14:32:39+00:00\" \/>\n<meta property=\"og:image\" content=\"https:\/\/etslogistika.ee\/wp-content\/uploads\/2015\/04\/rahvusvaheline-transport.jpg\" \/>\n\t<meta property=\"og:image:width\" content=\"2740\" \/>\n\t<meta property=\"og:image:height\" content=\"652\" \/>\n\t<meta property=\"og:image:type\" content=\"image\/jpeg\" \/>\n<meta name=\"twitter:card\" content=\"summary_large_image\" \/>\n<meta name=\"twitter:label1\" content=\"Est. reading time\" \/>\n\t<meta name=\"twitter:data1\" content=\"1 minute\" \/>\n<script type=\"application\/ld+json\" class=\"yoast-schema-graph\">{\"@context\":\"https:\\\/\\\/schema.org\",\"@graph\":[{\"@type\":\"WebPage\",\"@id\":\"https:\\\/\\\/etslogistika.ee\\\/en\\\/services\\\/international-transportation\\\/\",\"url\":\"https:\\\/\\\/etslogistika.ee\\\/en\\\/services\\\/international-transportation\\\/\",\"name\":\"International transportation | ETS Logistics\",\"isPartOf\":{\"@id\":\"https:\\\/\\\/etslogistika.ee\\\/#website\"},\"primaryImageOfPage\":{\"@id\":\"https:\\\/\\\/etslogistika.ee\\\/en\\\/services\\\/international-transportation\\\/#primaryimage\"},\"image\":{\"@id\":\"https:\\\/\\\/etslogistika.ee\\\/en\\\/services\\\/international-transportation\\\/#primaryimage\"},\"thumbnailUrl\":\"https:\\\/\\\/etslogistika.ee\\\/wp-content\\\/uploads\\\/2015\\\/04\\\/rahvusvaheline-transport.jpg\",\"datePublished\":\"2016-03-18T12:28:50+00:00\",\"dateModified\":\"2018-03-05T14:32:39+00:00\",\"description\":\"Are you in need of international transportation and a good price is determinative? Then you are at the right place. You will get a price offer in minutes.\",\"breadcrumb\":{\"@id\":\"https:\\\/\\\/etslogistika.ee\\\/en\\\/services\\\/international-transportation\\\/#breadcrumb\"},\"inLanguage\":\"en-US\",\"potentialAction\":[{\"@type\":\"ReadAction\",\"target\":[\"https:\\\/\\\/etslogistika.ee\\\/en\\\/services\\\/international-transportation\\\/\"]}]},{\"@type\":\"ImageObject\",\"inLanguage\":\"en-US\",\"@id\":\"https:\\\/\\\/etslogistika.ee\\\/en\\\/services\\\/international-transportation\\\/#primaryimage\",\"url\":\"https:\\\/\\\/etslogistika.ee\\\/wp-content\\\/uploads\\\/2015\\\/04\\\/rahvusvaheline-transport.jpg\",\"contentUrl\":\"https:\\\/\\\/etslogistika.ee\\\/wp-content\\\/uploads\\\/2015\\\/04\\\/rahvusvaheline-transport.jpg\",\"width\":2740,\"height\":652},{\"@type\":\"BreadcrumbList\",\"@id\":\"https:\\\/\\\/etslogistika.ee\\\/en\\\/services\\\/international-transportation\\\/#breadcrumb\",\"itemListElement\":[{\"@type\":\"ListItem\",\"position\":1,\"name\":\"Services\",\"item\":\"https:\\\/\\\/etslogistika.ee\\\/en\\\/services\\\/\"},{\"@type\":\"ListItem\",\"position\":2,\"name\":\"International transportation\"}]},{\"@type\":\"WebSite\",\"@id\":\"https:\\\/\\\/etslogistika.ee\\\/#website\",\"url\":\"https:\\\/\\\/etslogistika.ee\\\/\",\"name\":\"Transport ja logistika uksest ukseni | ETS Logistika\",\"description\":\"Teeme logistika Sinu jaoks v\u00f5imalikult lihtsaks. Leiame hinnap\u00e4ringule kiiresti soodsa lahenduse ning administreerime vedu selle algusest kuni l\u00f5puni ise.\",\"potentialAction\":[{\"@type\":\"SearchAction\",\"target\":{\"@type\":\"EntryPoint\",\"urlTemplate\":\"https:\\\/\\\/etslogistika.ee\\\/?s={search_term_string}\"},\"query-input\":{\"@type\":\"PropertyValueSpecification\",\"valueRequired\":true,\"valueName\":\"search_term_string\"}}],\"inLanguage\":\"en-US\"}]}<\/script>\n<!-- \/ Yoast SEO plugin. -->","yoast_head_json":{"title":"International transportation | ETS Logistics","description":"Are you in need of international transportation and a good price is determinative? Then you are at the right place. You will get a price offer in minutes.","robots":{"index":"index","follow":"follow","max-snippet":"max-snippet:-1","max-image-preview":"max-image-preview:large","max-video-preview":"max-video-preview:-1"},"canonical":"https:\/\/etslogistika.ee\/en\/services\/international-transportation\/","og_locale":"en_US","og_type":"article","og_title":"International transportation | ETS Logistics","og_description":"Are you in need of international transportation and a good price is determinative? Then you are at the right place. You will get a price offer in minutes.","og_url":"https:\/\/etslogistika.ee\/en\/services\/international-transportation\/","og_site_name":"International freight service | ETS Logistika","article_publisher":"https:\/\/www.facebook.com\/etslogistika.ee","article_modified_time":"2018-03-05T14:32:39+00:00","og_image":[{"width":2740,"height":652,"url":"https:\/\/etslogistika.ee\/wp-content\/uploads\/2015\/04\/rahvusvaheline-transport.jpg","type":"image\/jpeg"}],"twitter_card":"summary_large_image","twitter_misc":{"Est. reading time":"1 minute"},"schema":{"@context":"https:\/\/schema.org","@graph":[{"@type":"WebPage","@id":"https:\/\/etslogistika.ee\/en\/services\/international-transportation\/","url":"https:\/\/etslogistika.ee\/en\/services\/international-transportation\/","name":"International transportation | ETS Logistics","isPartOf":{"@id":"https:\/\/etslogistika.ee\/#website"},"primaryImageOfPage":{"@id":"https:\/\/etslogistika.ee\/en\/services\/international-transportation\/#primaryimage"},"image":{"@id":"https:\/\/etslogistika.ee\/en\/services\/international-transportation\/#primaryimage"},"thumbnailUrl":"https:\/\/etslogistika.ee\/wp-content\/uploads\/2015\/04\/rahvusvaheline-transport.jpg","datePublished":"2016-03-18T12:28:50+00:00","dateModified":"2018-03-05T14:32:39+00:00","description":"Are you in need of international transportation and a good price is determinative? Then you are at the right place. You will get a price offer in minutes.","breadcrumb":{"@id":"https:\/\/etslogistika.ee\/en\/services\/international-transportation\/#breadcrumb"},"inLanguage":"en-US","potentialAction":[{"@type":"ReadAction","target":["https:\/\/etslogistika.ee\/en\/services\/international-transportation\/"]}]},{"@type":"ImageObject","inLanguage":"en-US","@id":"https:\/\/etslogistika.ee\/en\/services\/international-transportation\/#primaryimage","url":"https:\/\/etslogistika.ee\/wp-content\/uploads\/2015\/04\/rahvusvaheline-transport.jpg","contentUrl":"https:\/\/etslogistika.ee\/wp-content\/uploads\/2015\/04\/rahvusvaheline-transport.jpg","width":2740,"height":652},{"@type":"BreadcrumbList","@id":"https:\/\/etslogistika.ee\/en\/services\/international-transportation\/#breadcrumb","itemListElement":[{"@type":"ListItem","position":1,"name":"Services","item":"https:\/\/etslogistika.ee\/en\/services\/"},{"@type":"ListItem","position":2,"name":"International transportation"}]},{"@type":"WebSite","@id":"https:\/\/etslogistika.ee\/#website","url":"https:\/\/etslogistika.ee\/","name":"Transport ja logistika uksest ukseni | ETS Logistika","description":"Teeme logistika Sinu jaoks v\u00f5imalikult lihtsaks. Leiame hinnap\u00e4ringule kiiresti soodsa lahenduse ning administreerime vedu selle algusest kuni l\u00f5puni ise.","potentialAction":[{"@type":"SearchAction","target":{"@type":"EntryPoint","urlTemplate":"https:\/\/etslogistika.ee\/?s={search_term_string}"},"query-input":{"@type":"PropertyValueSpecification","valueRequired":true,"valueName":"search_term_string"}}],"inLanguage":"en-US"}]}},"_links":{"self":[{"href":"https:\/\/etslogistika.ee\/en\/wp-json\/wp\/v2\/pages\/7661","targetHints":{"allow":["GET"]}}],"collection":[{"href":"https:\/\/etslogistika.ee\/en\/wp-json\/wp\/v2\/pages"}],"about":[{"href":"https:\/\/etslogistika.ee\/en\/wp-json\/wp\/v2\/types\/page"}],"author":[{"embeddable":true,"href":"https:\/\/etslogistika.ee\/en\/wp-json\/wp\/v2\/users\/2"}],"replies":[{"embeddable":true,"href":"https:\/\/etslogistika.ee\/en\/wp-json\/wp\/v2\/comments?post=7661"}],"version-history":[{"count":2,"href":"https:\/\/etslogistika.ee\/en\/wp-json\/wp\/v2\/pages\/7661\/revisions"}],"predecessor-version":[{"id":11140,"href":"https:\/\/etslogistika.ee\/en\/wp-json\/wp\/v2\/pages\/7661\/revisions\/11140"}],"up":[{"embeddable":true,"href":"https:\/\/etslogistika.ee\/en\/wp-json\/wp\/v2\/pages\/10150"}],"wp:featuredmedia":[{"embeddable":true,"href":"https:\/\/etslogistika.ee\/en\/wp-json\/wp\/v2\/media\/7662"}],"wp:attachment":[{"href":"https:\/\/etslogistika.ee\/en\/wp-json\/wp\/v2\/media?parent=7661"}],"curies":[{"name":"wp","href":"https:\/\/api.w.org\/{rel}","templated":true}]}}