{"id":87657,"date":"2019-08-20T13:01:52","date_gmt":"2019-08-20T10:01:52","guid":{"rendered":"https:\/\/etslogistika.ee\/?page_id=87657"},"modified":"2019-08-24T12:04:53","modified_gmt":"2019-08-24T09:04:53","slug":"shipping-from-china-to-estonia-book-cheap-transport-from-here","status":"publish","type":"page","link":"https:\/\/etslogistika.ee\/en\/shipping-from-china-to-estonia-book-cheap-transport-from-here\/","title":{"rendered":"Shipping from China to Estonia &#8211; book cheap transport from here"},"content":{"rendered":"<p class=\"lead\">Looking for an opportunity for shipping from China to Estonia? China\u2019s transportation is our daily business. Feel free to contact us, our freight forwarder will answer you.<\/p>\n<ul>\n<li>We will not run you between different departments \u2013 you will get a personal freight forwarder.<\/li>\n<li>Make your choice between three different types of shipping: <strong>sea, air or railtransport<\/strong>. Our freight forwarder will advise you which of these is best for your shipment (depending on time, volume, weight and exact addresses).<\/li>\n<li>You can order the transport as door-to-door shipment or according to your stated incoterm (FOB, EXW etc).\u00a0Do not worry if you are not familiar with the term \u201cincoterm\u201d. You will\u00a0get <strong>free advice<\/strong> on which incoterm is best for you.<\/li>\n<li>In case you prefer sea or rail transport you can book the order as FCL (full container load) or LCL (less than container load).<\/li>\n<\/ul>\n<p>The <strong>best price<\/strong> on the market\u00a0is guaranteed (we regularly monitor different sea-, rail- and airlines rates from China and always offer you the best possible tariff).<\/p>\n<p>We will also assist you in communication with the Chinese seller.\u00a0ETS Logistics\u00b4\u00a0China\u00b4s agent <strong>does all the communication<\/strong> regarding dates, documentation etc\u00a0to ensure the smooth pick up.<\/p>\n<p><strong>Please contact us through the contact form. Our freight forwarder\u00a0contacts you shortly.<\/strong><\/p>\n","protected":false},"excerpt":{"rendered":"<p>Looking for an opportunity for shipping from China to Estonia? China\u2019s transportation is our daily business. Feel free to contact us, our freight forwarder will answer you. We will not run you between different departments \u2013 you will get a personal freight forwarder. Make your choice between three different types of shipping: sea, air or [&hellip;]<\/p>\n","protected":false},"author":2,"featured_media":87659,"parent":0,"menu_order":0,"comment_status":"closed","ping_status":"closed","template":"page-landing_page.php","meta":{"footnotes":""},"class_list":["post-87657","page","type-page","status-publish","has-post-thumbnail","hentry"],"yoast_head":"<!-- This site is optimized with the Yoast SEO plugin v27.3 - https:\/\/yoast.com\/product\/yoast-seo-wordpress\/ -->\n<title>Shipping from China to Estonia - book cheap transport from here<\/title>\n<meta name=\"description\" content=\"Do you need shipping from China to Estonia? In that case contact us. Our transport manager will respond you quickly. Sea, air and railtransport.\" \/>\n<meta name=\"robots\" content=\"index, follow, max-snippet:-1, max-image-preview:large, max-video-preview:-1\" \/>\n<link rel=\"canonical\" href=\"https:\/\/etslogistika.ee\/en\/shipping-from-china-to-estonia-book-cheap-transport-from-here\/\" \/>\n<meta property=\"og:locale\" content=\"en_US\" \/>\n<meta property=\"og:type\" content=\"article\" \/>\n<meta property=\"og:title\" content=\"Shipping from China to Estonia - book cheap transport from here\" \/>\n<meta property=\"og:description\" content=\"Do you need shipping from China to Estonia? In that case contact us. Our transport manager will respond you quickly. Sea, air and railtransport.\" \/>\n<meta property=\"og:url\" content=\"https:\/\/etslogistika.ee\/en\/shipping-from-china-to-estonia-book-cheap-transport-from-here\/\" \/>\n<meta property=\"og:site_name\" content=\"International freight service | ETS Logistika\" \/>\n<meta property=\"article:publisher\" content=\"https:\/\/www.facebook.com\/etslogistika.ee\" \/>\n<meta property=\"article:modified_time\" content=\"2019-08-24T09:04:53+00:00\" \/>\n<meta property=\"og:image\" content=\"https:\/\/etslogistika.ee\/wp-content\/uploads\/2019\/08\/Shipping-from-China-to-Estonia.jpg\" \/>\n\t<meta property=\"og:image:width\" content=\"2740\" \/>\n\t<meta property=\"og:image:height\" content=\"652\" \/>\n\t<meta property=\"og:image:type\" content=\"image\/jpeg\" \/>\n<meta name=\"twitter:card\" content=\"summary_large_image\" \/>\n<meta name=\"twitter:label1\" content=\"Est. reading time\" \/>\n\t<meta name=\"twitter:data1\" content=\"1 minute\" \/>\n<script type=\"application\/ld+json\" class=\"yoast-schema-graph\">{\"@context\":\"https:\\\/\\\/schema.org\",\"@graph\":[{\"@type\":\"WebPage\",\"@id\":\"https:\\\/\\\/etslogistika.ee\\\/en\\\/shipping-from-china-to-estonia-book-cheap-transport-from-here\\\/\",\"url\":\"https:\\\/\\\/etslogistika.ee\\\/en\\\/shipping-from-china-to-estonia-book-cheap-transport-from-here\\\/\",\"name\":\"Shipping from China to Estonia - book cheap transport from here\",\"isPartOf\":{\"@id\":\"https:\\\/\\\/etslogistika.ee\\\/#website\"},\"primaryImageOfPage\":{\"@id\":\"https:\\\/\\\/etslogistika.ee\\\/en\\\/shipping-from-china-to-estonia-book-cheap-transport-from-here\\\/#primaryimage\"},\"image\":{\"@id\":\"https:\\\/\\\/etslogistika.ee\\\/en\\\/shipping-from-china-to-estonia-book-cheap-transport-from-here\\\/#primaryimage\"},\"thumbnailUrl\":\"https:\\\/\\\/etslogistika.ee\\\/wp-content\\\/uploads\\\/2019\\\/08\\\/Shipping-from-China-to-Estonia.jpg\",\"datePublished\":\"2019-08-20T10:01:52+00:00\",\"dateModified\":\"2019-08-24T09:04:53+00:00\",\"description\":\"Do you need shipping from China to Estonia? In that case contact us. Our transport manager will respond you quickly. Sea, air and railtransport.\",\"inLanguage\":\"en-US\",\"potentialAction\":[{\"@type\":\"ReadAction\",\"target\":[\"https:\\\/\\\/etslogistika.ee\\\/en\\\/shipping-from-china-to-estonia-book-cheap-transport-from-here\\\/\"]}]},{\"@type\":\"ImageObject\",\"inLanguage\":\"en-US\",\"@id\":\"https:\\\/\\\/etslogistika.ee\\\/en\\\/shipping-from-china-to-estonia-book-cheap-transport-from-here\\\/#primaryimage\",\"url\":\"https:\\\/\\\/etslogistika.ee\\\/wp-content\\\/uploads\\\/2019\\\/08\\\/Shipping-from-China-to-Estonia.jpg\",\"contentUrl\":\"https:\\\/\\\/etslogistika.ee\\\/wp-content\\\/uploads\\\/2019\\\/08\\\/Shipping-from-China-to-Estonia.jpg\",\"width\":2740,\"height\":652,\"caption\":\"Shipping from China to Estonia\"},{\"@type\":\"WebSite\",\"@id\":\"https:\\\/\\\/etslogistika.ee\\\/#website\",\"url\":\"https:\\\/\\\/etslogistika.ee\\\/\",\"name\":\"Transport ja logistika uksest ukseni | ETS Logistika\",\"description\":\"Teeme logistika Sinu jaoks v\u00f5imalikult lihtsaks. Leiame hinnap\u00e4ringule kiiresti soodsa lahenduse ning administreerime vedu selle algusest kuni l\u00f5puni ise.\",\"potentialAction\":[{\"@type\":\"SearchAction\",\"target\":{\"@type\":\"EntryPoint\",\"urlTemplate\":\"https:\\\/\\\/etslogistika.ee\\\/?s={search_term_string}\"},\"query-input\":{\"@type\":\"PropertyValueSpecification\",\"valueRequired\":true,\"valueName\":\"search_term_string\"}}],\"inLanguage\":\"en-US\"}]}<\/script>\n<!-- \/ Yoast SEO plugin. -->","yoast_head_json":{"title":"Shipping from China to Estonia - book cheap transport from here","description":"Do you need shipping from China to Estonia? In that case contact us. Our transport manager will respond you quickly. Sea, air and railtransport.","robots":{"index":"index","follow":"follow","max-snippet":"max-snippet:-1","max-image-preview":"max-image-preview:large","max-video-preview":"max-video-preview:-1"},"canonical":"https:\/\/etslogistika.ee\/en\/shipping-from-china-to-estonia-book-cheap-transport-from-here\/","og_locale":"en_US","og_type":"article","og_title":"Shipping from China to Estonia - book cheap transport from here","og_description":"Do you need shipping from China to Estonia? In that case contact us. Our transport manager will respond you quickly. Sea, air and railtransport.","og_url":"https:\/\/etslogistika.ee\/en\/shipping-from-china-to-estonia-book-cheap-transport-from-here\/","og_site_name":"International freight service | ETS Logistika","article_publisher":"https:\/\/www.facebook.com\/etslogistika.ee","article_modified_time":"2019-08-24T09:04:53+00:00","og_image":[{"width":2740,"height":652,"url":"https:\/\/etslogistika.ee\/wp-content\/uploads\/2019\/08\/Shipping-from-China-to-Estonia.jpg","type":"image\/jpeg"}],"twitter_card":"summary_large_image","twitter_misc":{"Est. reading time":"1 minute"},"schema":{"@context":"https:\/\/schema.org","@graph":[{"@type":"WebPage","@id":"https:\/\/etslogistika.ee\/en\/shipping-from-china-to-estonia-book-cheap-transport-from-here\/","url":"https:\/\/etslogistika.ee\/en\/shipping-from-china-to-estonia-book-cheap-transport-from-here\/","name":"Shipping from China to Estonia - book cheap transport from here","isPartOf":{"@id":"https:\/\/etslogistika.ee\/#website"},"primaryImageOfPage":{"@id":"https:\/\/etslogistika.ee\/en\/shipping-from-china-to-estonia-book-cheap-transport-from-here\/#primaryimage"},"image":{"@id":"https:\/\/etslogistika.ee\/en\/shipping-from-china-to-estonia-book-cheap-transport-from-here\/#primaryimage"},"thumbnailUrl":"https:\/\/etslogistika.ee\/wp-content\/uploads\/2019\/08\/Shipping-from-China-to-Estonia.jpg","datePublished":"2019-08-20T10:01:52+00:00","dateModified":"2019-08-24T09:04:53+00:00","description":"Do you need shipping from China to Estonia? In that case contact us. Our transport manager will respond you quickly. Sea, air and railtransport.","inLanguage":"en-US","potentialAction":[{"@type":"ReadAction","target":["https:\/\/etslogistika.ee\/en\/shipping-from-china-to-estonia-book-cheap-transport-from-here\/"]}]},{"@type":"ImageObject","inLanguage":"en-US","@id":"https:\/\/etslogistika.ee\/en\/shipping-from-china-to-estonia-book-cheap-transport-from-here\/#primaryimage","url":"https:\/\/etslogistika.ee\/wp-content\/uploads\/2019\/08\/Shipping-from-China-to-Estonia.jpg","contentUrl":"https:\/\/etslogistika.ee\/wp-content\/uploads\/2019\/08\/Shipping-from-China-to-Estonia.jpg","width":2740,"height":652,"caption":"Shipping from China to Estonia"},{"@type":"WebSite","@id":"https:\/\/etslogistika.ee\/#website","url":"https:\/\/etslogistika.ee\/","name":"Transport ja logistika uksest ukseni | ETS Logistika","description":"Teeme logistika Sinu jaoks v\u00f5imalikult lihtsaks. Leiame hinnap\u00e4ringule kiiresti soodsa lahenduse ning administreerime vedu selle algusest kuni l\u00f5puni ise.","potentialAction":[{"@type":"SearchAction","target":{"@type":"EntryPoint","urlTemplate":"https:\/\/etslogistika.ee\/?s={search_term_string}"},"query-input":{"@type":"PropertyValueSpecification","valueRequired":true,"valueName":"search_term_string"}}],"inLanguage":"en-US"}]}},"_links":{"self":[{"href":"https:\/\/etslogistika.ee\/en\/wp-json\/wp\/v2\/pages\/87657","targetHints":{"allow":["GET"]}}],"collection":[{"href":"https:\/\/etslogistika.ee\/en\/wp-json\/wp\/v2\/pages"}],"about":[{"href":"https:\/\/etslogistika.ee\/en\/wp-json\/wp\/v2\/types\/page"}],"author":[{"embeddable":true,"href":"https:\/\/etslogistika.ee\/en\/wp-json\/wp\/v2\/users\/2"}],"replies":[{"embeddable":true,"href":"https:\/\/etslogistika.ee\/en\/wp-json\/wp\/v2\/comments?post=87657"}],"version-history":[{"count":5,"href":"https:\/\/etslogistika.ee\/en\/wp-json\/wp\/v2\/pages\/87657\/revisions"}],"predecessor-version":[{"id":87685,"href":"https:\/\/etslogistika.ee\/en\/wp-json\/wp\/v2\/pages\/87657\/revisions\/87685"}],"wp:featuredmedia":[{"embeddable":true,"href":"https:\/\/etslogistika.ee\/en\/wp-json\/wp\/v2\/media\/87659"}],"wp:attachment":[{"href":"https:\/\/etslogistika.ee\/en\/wp-json\/wp\/v2\/media?parent=87657"}],"curies":[{"name":"wp","href":"https:\/\/api.w.org\/{rel}","templated":true}]}}