{"id":87831,"date":"2019-08-24T11:06:57","date_gmt":"2019-08-24T08:06:57","guid":{"rendered":"https:\/\/etslogistika.ee\/?page_id=87831"},"modified":"2019-08-30T07:37:44","modified_gmt":"2019-08-30T04:37:44","slug":"shipping-usa-estonia-will-help-transport","status":"publish","type":"page","link":"https:\/\/etslogistika.ee\/en\/shipping-usa-estonia-will-help-transport\/","title":{"rendered":"Shipping from USA to Estonia &#8211; we will help you with transport"},"content":{"rendered":"<p class=\"lead\">Searching\u00a0for an opportunity for shipping from USA to Estonia? USA\u2019s transportation to Europe is our specialty. Feel free to reach our\u00a0transport manager (through the contact form on the right).<\/p>\n<ul>\n<li>You will get a <strong>personal freight forwarder<\/strong> who communicates with you since receiving your inquiry till the delivery of the cargo to the final destination.<\/li>\n<li>The service includes free consultation. We will advise you on the most rational way to ship your goods\u00a0depending on the required delivery time, dimensions, weight and destination.<\/li>\n<li>You can choose between <strong>air and sea\u00a0(including ro-ro) transport<\/strong>. For maritime transport three different types of service can be used:\n<ul>\n<li>FCL (full container load)<\/li>\n<li>LCL (less than container load)<\/li>\n<li>ro-ro (roll on\/ roll off, used for transporting vehicles, tractors, etc).<\/li>\n<\/ul>\n<\/li>\n<li>We will advise you on which <strong>international incoterm<\/strong> (EXW, FOB, CIF etc) to prefer for shipping based on your role in the deal (seller or buyer of the goods). Do not get worried if you are not familiar with the concept of \u201cincoterm\u201d. We will be happy to explain.<\/li>\n<li>You can also order the transport if you are in both roles (sender and receiver).<\/li>\n<li>We will assist you in dealing with your foreign partner. We will do all the communication.<\/li>\n<\/ul>\n<p><strong>Competitive\u00a0price<\/strong> is\u00a0guaranteed. How so? ETS Logistics is an agent of various shipping lines and airlines.\u00a0We check regularly\u00a0which line is the most favorable. We always offer you the <strong>best solution<\/strong> for a specific moment.<\/p>\n<p><strong>Let us know what, when and add USA and EST addresses.\u00a0Our team is happy to assist you.<\/strong><\/p>\n<p><img loading=\"lazy\" decoding=\"async\" width=\"700\" height=\"200\" src=\"https:\/\/etslogistika.ee\/wp-content\/uploads\/2019\/08\/etslogisticsusa.jpg\" class=\"aligncenter size-full wp-image-87842 attachment-1400x400\" alt=\"etslogisticsusa\" srcset=\"https:\/\/etslogistika.ee\/wp-content\/uploads\/2019\/08\/etslogisticsusa.jpg 700w, https:\/\/etslogistika.ee\/wp-content\/uploads\/2019\/08\/etslogisticsusa-300x86.jpg 300w\" sizes=\"auto, (max-width: 700px) 100vw, 700px\" \/><\/p>\n<p>\u00a0<\/p>\n<p>\u00a0<\/p>\n","protected":false},"excerpt":{"rendered":"<p>Searching\u00a0for an opportunity for shipping from USA to Estonia? USA\u2019s transportation to Europe is our specialty. Feel free to reach our\u00a0transport manager (through the contact form on the right). You will get a personal freight forwarder who communicates with you since receiving your inquiry till the delivery of the cargo to the final destination. The [&hellip;]<\/p>\n","protected":false},"author":2,"featured_media":87832,"parent":0,"menu_order":0,"comment_status":"closed","ping_status":"closed","template":"page-landing_page.php","meta":{"footnotes":""},"class_list":["post-87831","page","type-page","status-publish","has-post-thumbnail","hentry"],"yoast_head":"<!-- This site is optimized with the Yoast SEO plugin v27.4 - https:\/\/yoast.com\/product\/yoast-seo-wordpress\/ -->\n<title>Shipping from USA to Estonia - we will help you with transport<\/title>\n<meta name=\"description\" content=\"Looking for a way for shipping from USA to Estonia? You found it. Book sea or air cargo transport from here. You will get a personal freight forwarder.\" \/>\n<meta name=\"robots\" content=\"index, follow, max-snippet:-1, max-image-preview:large, max-video-preview:-1\" \/>\n<link rel=\"canonical\" href=\"https:\/\/etslogistika.ee\/en\/shipping-usa-estonia-will-help-transport\/\" \/>\n<meta property=\"og:locale\" content=\"en_US\" \/>\n<meta property=\"og:type\" content=\"article\" \/>\n<meta property=\"og:title\" content=\"Shipping from USA to Estonia - we will help you with transport\" \/>\n<meta property=\"og:description\" content=\"Looking for a way for shipping from USA to Estonia? You found it. Book sea or air cargo transport from here. You will get a personal freight forwarder.\" \/>\n<meta property=\"og:url\" content=\"https:\/\/etslogistika.ee\/en\/shipping-usa-estonia-will-help-transport\/\" \/>\n<meta property=\"og:site_name\" content=\"International freight service | ETS Logistika\" \/>\n<meta property=\"article:publisher\" content=\"https:\/\/www.facebook.com\/etslogistika.ee\" \/>\n<meta property=\"article:modified_time\" content=\"2019-08-30T04:37:44+00:00\" \/>\n<meta property=\"og:image\" content=\"https:\/\/etslogistika.ee\/wp-content\/uploads\/2019\/08\/shipping-from-usa-to-estonia.jpg\" \/>\n\t<meta property=\"og:image:width\" content=\"2740\" \/>\n\t<meta property=\"og:image:height\" content=\"652\" \/>\n\t<meta property=\"og:image:type\" content=\"image\/jpeg\" \/>\n<meta name=\"twitter:card\" content=\"summary_large_image\" \/>\n<meta name=\"twitter:label1\" content=\"Est. reading time\" \/>\n\t<meta name=\"twitter:data1\" content=\"1 minute\" \/>\n<script type=\"application\/ld+json\" class=\"yoast-schema-graph\">{\"@context\":\"https:\\\/\\\/schema.org\",\"@graph\":[{\"@type\":\"WebPage\",\"@id\":\"https:\\\/\\\/etslogistika.ee\\\/en\\\/shipping-usa-estonia-will-help-transport\\\/\",\"url\":\"https:\\\/\\\/etslogistika.ee\\\/en\\\/shipping-usa-estonia-will-help-transport\\\/\",\"name\":\"Shipping from USA to Estonia - we will help you with transport\",\"isPartOf\":{\"@id\":\"https:\\\/\\\/etslogistika.ee\\\/#website\"},\"primaryImageOfPage\":{\"@id\":\"https:\\\/\\\/etslogistika.ee\\\/en\\\/shipping-usa-estonia-will-help-transport\\\/#primaryimage\"},\"image\":{\"@id\":\"https:\\\/\\\/etslogistika.ee\\\/en\\\/shipping-usa-estonia-will-help-transport\\\/#primaryimage\"},\"thumbnailUrl\":\"https:\\\/\\\/etslogistika.ee\\\/wp-content\\\/uploads\\\/2019\\\/08\\\/shipping-from-usa-to-estonia.jpg\",\"datePublished\":\"2019-08-24T08:06:57+00:00\",\"dateModified\":\"2019-08-30T04:37:44+00:00\",\"description\":\"Looking for a way for shipping from USA to Estonia? You found it. Book sea or air cargo transport from here. You will get a personal freight forwarder.\",\"inLanguage\":\"en-US\",\"potentialAction\":[{\"@type\":\"ReadAction\",\"target\":[\"https:\\\/\\\/etslogistika.ee\\\/en\\\/shipping-usa-estonia-will-help-transport\\\/\"]}]},{\"@type\":\"ImageObject\",\"inLanguage\":\"en-US\",\"@id\":\"https:\\\/\\\/etslogistika.ee\\\/en\\\/shipping-usa-estonia-will-help-transport\\\/#primaryimage\",\"url\":\"https:\\\/\\\/etslogistika.ee\\\/wp-content\\\/uploads\\\/2019\\\/08\\\/shipping-from-usa-to-estonia.jpg\",\"contentUrl\":\"https:\\\/\\\/etslogistika.ee\\\/wp-content\\\/uploads\\\/2019\\\/08\\\/shipping-from-usa-to-estonia.jpg\",\"width\":2740,\"height\":652,\"caption\":\"shipping from usa to estonia\"},{\"@type\":\"WebSite\",\"@id\":\"https:\\\/\\\/etslogistika.ee\\\/#website\",\"url\":\"https:\\\/\\\/etslogistika.ee\\\/\",\"name\":\"Transport ja logistika uksest ukseni | ETS Logistika\",\"description\":\"Teeme logistika Sinu jaoks v\u00f5imalikult lihtsaks. Leiame hinnap\u00e4ringule kiiresti soodsa lahenduse ning administreerime vedu selle algusest kuni l\u00f5puni ise.\",\"potentialAction\":[{\"@type\":\"SearchAction\",\"target\":{\"@type\":\"EntryPoint\",\"urlTemplate\":\"https:\\\/\\\/etslogistika.ee\\\/?s={search_term_string}\"},\"query-input\":{\"@type\":\"PropertyValueSpecification\",\"valueRequired\":true,\"valueName\":\"search_term_string\"}}],\"inLanguage\":\"en-US\"}]}<\/script>\n<!-- \/ Yoast SEO plugin. -->","yoast_head_json":{"title":"Shipping from USA to Estonia - we will help you with transport","description":"Looking for a way for shipping from USA to Estonia? You found it. Book sea or air cargo transport from here. You will get a personal freight forwarder.","robots":{"index":"index","follow":"follow","max-snippet":"max-snippet:-1","max-image-preview":"max-image-preview:large","max-video-preview":"max-video-preview:-1"},"canonical":"https:\/\/etslogistika.ee\/en\/shipping-usa-estonia-will-help-transport\/","og_locale":"en_US","og_type":"article","og_title":"Shipping from USA to Estonia - we will help you with transport","og_description":"Looking for a way for shipping from USA to Estonia? You found it. Book sea or air cargo transport from here. You will get a personal freight forwarder.","og_url":"https:\/\/etslogistika.ee\/en\/shipping-usa-estonia-will-help-transport\/","og_site_name":"International freight service | ETS Logistika","article_publisher":"https:\/\/www.facebook.com\/etslogistika.ee","article_modified_time":"2019-08-30T04:37:44+00:00","og_image":[{"width":2740,"height":652,"url":"https:\/\/etslogistika.ee\/wp-content\/uploads\/2019\/08\/shipping-from-usa-to-estonia.jpg","type":"image\/jpeg"}],"twitter_card":"summary_large_image","twitter_misc":{"Est. reading time":"1 minute"},"schema":{"@context":"https:\/\/schema.org","@graph":[{"@type":"WebPage","@id":"https:\/\/etslogistika.ee\/en\/shipping-usa-estonia-will-help-transport\/","url":"https:\/\/etslogistika.ee\/en\/shipping-usa-estonia-will-help-transport\/","name":"Shipping from USA to Estonia - we will help you with transport","isPartOf":{"@id":"https:\/\/etslogistika.ee\/#website"},"primaryImageOfPage":{"@id":"https:\/\/etslogistika.ee\/en\/shipping-usa-estonia-will-help-transport\/#primaryimage"},"image":{"@id":"https:\/\/etslogistika.ee\/en\/shipping-usa-estonia-will-help-transport\/#primaryimage"},"thumbnailUrl":"https:\/\/etslogistika.ee\/wp-content\/uploads\/2019\/08\/shipping-from-usa-to-estonia.jpg","datePublished":"2019-08-24T08:06:57+00:00","dateModified":"2019-08-30T04:37:44+00:00","description":"Looking for a way for shipping from USA to Estonia? You found it. Book sea or air cargo transport from here. You will get a personal freight forwarder.","inLanguage":"en-US","potentialAction":[{"@type":"ReadAction","target":["https:\/\/etslogistika.ee\/en\/shipping-usa-estonia-will-help-transport\/"]}]},{"@type":"ImageObject","inLanguage":"en-US","@id":"https:\/\/etslogistika.ee\/en\/shipping-usa-estonia-will-help-transport\/#primaryimage","url":"https:\/\/etslogistika.ee\/wp-content\/uploads\/2019\/08\/shipping-from-usa-to-estonia.jpg","contentUrl":"https:\/\/etslogistika.ee\/wp-content\/uploads\/2019\/08\/shipping-from-usa-to-estonia.jpg","width":2740,"height":652,"caption":"shipping from usa to estonia"},{"@type":"WebSite","@id":"https:\/\/etslogistika.ee\/#website","url":"https:\/\/etslogistika.ee\/","name":"Transport ja logistika uksest ukseni | ETS Logistika","description":"Teeme logistika Sinu jaoks v\u00f5imalikult lihtsaks. Leiame hinnap\u00e4ringule kiiresti soodsa lahenduse ning administreerime vedu selle algusest kuni l\u00f5puni ise.","potentialAction":[{"@type":"SearchAction","target":{"@type":"EntryPoint","urlTemplate":"https:\/\/etslogistika.ee\/?s={search_term_string}"},"query-input":{"@type":"PropertyValueSpecification","valueRequired":true,"valueName":"search_term_string"}}],"inLanguage":"en-US"}]}},"_links":{"self":[{"href":"https:\/\/etslogistika.ee\/en\/wp-json\/wp\/v2\/pages\/87831","targetHints":{"allow":["GET"]}}],"collection":[{"href":"https:\/\/etslogistika.ee\/en\/wp-json\/wp\/v2\/pages"}],"about":[{"href":"https:\/\/etslogistika.ee\/en\/wp-json\/wp\/v2\/types\/page"}],"author":[{"embeddable":true,"href":"https:\/\/etslogistika.ee\/en\/wp-json\/wp\/v2\/users\/2"}],"replies":[{"embeddable":true,"href":"https:\/\/etslogistika.ee\/en\/wp-json\/wp\/v2\/comments?post=87831"}],"version-history":[{"count":5,"href":"https:\/\/etslogistika.ee\/en\/wp-json\/wp\/v2\/pages\/87831\/revisions"}],"predecessor-version":[{"id":88294,"href":"https:\/\/etslogistika.ee\/en\/wp-json\/wp\/v2\/pages\/87831\/revisions\/88294"}],"wp:featuredmedia":[{"embeddable":true,"href":"https:\/\/etslogistika.ee\/en\/wp-json\/wp\/v2\/media\/87832"}],"wp:attachment":[{"href":"https:\/\/etslogistika.ee\/en\/wp-json\/wp\/v2\/media?parent=87831"}],"curies":[{"name":"wp","href":"https:\/\/api.w.org\/{rel}","templated":true}]}}