{"id":9321,"date":"2016-06-17T12:50:59","date_gmt":"2016-06-17T09:50:59","guid":{"rendered":"https:\/\/etslogistika.ee\/?page_id=9321"},"modified":"2018-03-05T16:30:30","modified_gmt":"2018-03-05T14:30:30","slug":"air-transportation","status":"publish","type":"page","link":"https:\/\/etslogistika.ee\/en\/services\/air-transportation\/","title":{"rendered":"Air transportation"},"content":{"rendered":"<p class=\"lead\"><strong>You are in a hurry to transport your goods? You are at the right place \u2013 choose air transportation.<\/strong><\/p>\n<ul>\n<li>The goods can be delivered quickly.<\/li>\n<li>You do not have to drop off the goods anywhere as air transportation is a door to door service.<\/li>\n<li>You will be given a propitious price.<\/li>\n<li>If the goods are expensive you can also request for a whole risk freight insurance that covers 100% of all risks.<\/li>\n<li>You can leave all the documentation for us to handle.<\/li>\n<li>You do not have to worry about customs related paperwork as we will assist you.<\/li>\n<\/ul>\n<p>Contact us right away and get a propitious and quick air transportation for your goods to anywhere in the world.<\/p>\n","protected":false},"excerpt":{"rendered":"<p>You are in a hurry to transport your goods? You are at the right place \u2013 choose air transportation. The goods can be delivered quickly. You do not have to drop off the goods anywhere as air transportation is a door to door service. You will be given a propitious price. If the goods are [&hellip;]<\/p>\n","protected":false},"author":2,"featured_media":134028,"parent":10150,"menu_order":0,"comment_status":"closed","ping_status":"closed","template":"","meta":{"footnotes":""},"class_list":["post-9321","page","type-page","status-publish","has-post-thumbnail","hentry"],"yoast_head":"<!-- This site is optimized with the Yoast SEO plugin v27.4 - https:\/\/yoast.com\/product\/yoast-seo-wordpress\/ -->\n<title>Air transportation | ETS Logistics<\/title>\n<meta name=\"description\" content=\"You are in a hurry to transport your goods? You are at the right place \u2013 choose air transportation and you will get price offer in minutes.\" \/>\n<meta name=\"robots\" content=\"index, follow, max-snippet:-1, max-image-preview:large, max-video-preview:-1\" \/>\n<link rel=\"canonical\" href=\"https:\/\/etslogistika.ee\/en\/services\/air-transportation\/\" \/>\n<meta property=\"og:locale\" content=\"en_US\" \/>\n<meta property=\"og:type\" content=\"article\" \/>\n<meta property=\"og:title\" content=\"Air transportation | ETS Logistics\" \/>\n<meta property=\"og:description\" content=\"You are in a hurry to transport your goods? You are at the right place \u2013 choose air transportation and you will get price offer in minutes.\" \/>\n<meta property=\"og:url\" content=\"https:\/\/etslogistika.ee\/en\/services\/air-transportation\/\" \/>\n<meta property=\"og:site_name\" content=\"International freight service | ETS Logistika\" \/>\n<meta property=\"article:publisher\" content=\"https:\/\/www.facebook.com\/etslogistika.ee\" \/>\n<meta property=\"article:modified_time\" content=\"2018-03-05T14:30:30+00:00\" \/>\n<meta property=\"og:image\" content=\"https:\/\/etslogistika.ee\/wp-content\/uploads\/2022\/10\/Lennutransport-scaled.jpg\" \/>\n\t<meta property=\"og:image:width\" content=\"2560\" \/>\n\t<meta property=\"og:image:height\" content=\"608\" \/>\n\t<meta property=\"og:image:type\" content=\"image\/jpeg\" \/>\n<meta name=\"twitter:card\" content=\"summary_large_image\" \/>\n<meta name=\"twitter:label1\" content=\"Est. reading time\" \/>\n\t<meta name=\"twitter:data1\" content=\"1 minute\" \/>\n<script type=\"application\/ld+json\" class=\"yoast-schema-graph\">{\"@context\":\"https:\\\/\\\/schema.org\",\"@graph\":[{\"@type\":\"WebPage\",\"@id\":\"https:\\\/\\\/etslogistika.ee\\\/en\\\/services\\\/air-transportation\\\/\",\"url\":\"https:\\\/\\\/etslogistika.ee\\\/en\\\/services\\\/air-transportation\\\/\",\"name\":\"Air transportation | ETS Logistics\",\"isPartOf\":{\"@id\":\"https:\\\/\\\/etslogistika.ee\\\/#website\"},\"primaryImageOfPage\":{\"@id\":\"https:\\\/\\\/etslogistika.ee\\\/en\\\/services\\\/air-transportation\\\/#primaryimage\"},\"image\":{\"@id\":\"https:\\\/\\\/etslogistika.ee\\\/en\\\/services\\\/air-transportation\\\/#primaryimage\"},\"thumbnailUrl\":\"https:\\\/\\\/etslogistika.ee\\\/wp-content\\\/uploads\\\/2022\\\/10\\\/Lennutransport-scaled.jpg\",\"datePublished\":\"2016-06-17T09:50:59+00:00\",\"dateModified\":\"2018-03-05T14:30:30+00:00\",\"description\":\"You are in a hurry to transport your goods? You are at the right place \u2013 choose air transportation and you will get price offer in minutes.\",\"breadcrumb\":{\"@id\":\"https:\\\/\\\/etslogistika.ee\\\/en\\\/services\\\/air-transportation\\\/#breadcrumb\"},\"inLanguage\":\"en-US\",\"potentialAction\":[{\"@type\":\"ReadAction\",\"target\":[\"https:\\\/\\\/etslogistika.ee\\\/en\\\/services\\\/air-transportation\\\/\"]}]},{\"@type\":\"ImageObject\",\"inLanguage\":\"en-US\",\"@id\":\"https:\\\/\\\/etslogistika.ee\\\/en\\\/services\\\/air-transportation\\\/#primaryimage\",\"url\":\"https:\\\/\\\/etslogistika.ee\\\/wp-content\\\/uploads\\\/2022\\\/10\\\/Lennutransport-scaled.jpg\",\"contentUrl\":\"https:\\\/\\\/etslogistika.ee\\\/wp-content\\\/uploads\\\/2022\\\/10\\\/Lennutransport-scaled.jpg\",\"width\":2560,\"height\":608},{\"@type\":\"BreadcrumbList\",\"@id\":\"https:\\\/\\\/etslogistika.ee\\\/en\\\/services\\\/air-transportation\\\/#breadcrumb\",\"itemListElement\":[{\"@type\":\"ListItem\",\"position\":1,\"name\":\"Services\",\"item\":\"https:\\\/\\\/etslogistika.ee\\\/en\\\/services\\\/\"},{\"@type\":\"ListItem\",\"position\":2,\"name\":\"Air transportation\"}]},{\"@type\":\"WebSite\",\"@id\":\"https:\\\/\\\/etslogistika.ee\\\/#website\",\"url\":\"https:\\\/\\\/etslogistika.ee\\\/\",\"name\":\"Transport ja logistika uksest ukseni | ETS Logistika\",\"description\":\"Teeme logistika Sinu jaoks v\u00f5imalikult lihtsaks. Leiame hinnap\u00e4ringule kiiresti soodsa lahenduse ning administreerime vedu selle algusest kuni l\u00f5puni ise.\",\"potentialAction\":[{\"@type\":\"SearchAction\",\"target\":{\"@type\":\"EntryPoint\",\"urlTemplate\":\"https:\\\/\\\/etslogistika.ee\\\/?s={search_term_string}\"},\"query-input\":{\"@type\":\"PropertyValueSpecification\",\"valueRequired\":true,\"valueName\":\"search_term_string\"}}],\"inLanguage\":\"en-US\"}]}<\/script>\n<!-- \/ Yoast SEO plugin. -->","yoast_head_json":{"title":"Air transportation | ETS Logistics","description":"You are in a hurry to transport your goods? You are at the right place \u2013 choose air transportation and you will get price offer in minutes.","robots":{"index":"index","follow":"follow","max-snippet":"max-snippet:-1","max-image-preview":"max-image-preview:large","max-video-preview":"max-video-preview:-1"},"canonical":"https:\/\/etslogistika.ee\/en\/services\/air-transportation\/","og_locale":"en_US","og_type":"article","og_title":"Air transportation | ETS Logistics","og_description":"You are in a hurry to transport your goods? You are at the right place \u2013 choose air transportation and you will get price offer in minutes.","og_url":"https:\/\/etslogistika.ee\/en\/services\/air-transportation\/","og_site_name":"International freight service | ETS Logistika","article_publisher":"https:\/\/www.facebook.com\/etslogistika.ee","article_modified_time":"2018-03-05T14:30:30+00:00","og_image":[{"width":2560,"height":608,"url":"https:\/\/etslogistika.ee\/wp-content\/uploads\/2022\/10\/Lennutransport-scaled.jpg","type":"image\/jpeg"}],"twitter_card":"summary_large_image","twitter_misc":{"Est. reading time":"1 minute"},"schema":{"@context":"https:\/\/schema.org","@graph":[{"@type":"WebPage","@id":"https:\/\/etslogistika.ee\/en\/services\/air-transportation\/","url":"https:\/\/etslogistika.ee\/en\/services\/air-transportation\/","name":"Air transportation | ETS Logistics","isPartOf":{"@id":"https:\/\/etslogistika.ee\/#website"},"primaryImageOfPage":{"@id":"https:\/\/etslogistika.ee\/en\/services\/air-transportation\/#primaryimage"},"image":{"@id":"https:\/\/etslogistika.ee\/en\/services\/air-transportation\/#primaryimage"},"thumbnailUrl":"https:\/\/etslogistika.ee\/wp-content\/uploads\/2022\/10\/Lennutransport-scaled.jpg","datePublished":"2016-06-17T09:50:59+00:00","dateModified":"2018-03-05T14:30:30+00:00","description":"You are in a hurry to transport your goods? You are at the right place \u2013 choose air transportation and you will get price offer in minutes.","breadcrumb":{"@id":"https:\/\/etslogistika.ee\/en\/services\/air-transportation\/#breadcrumb"},"inLanguage":"en-US","potentialAction":[{"@type":"ReadAction","target":["https:\/\/etslogistika.ee\/en\/services\/air-transportation\/"]}]},{"@type":"ImageObject","inLanguage":"en-US","@id":"https:\/\/etslogistika.ee\/en\/services\/air-transportation\/#primaryimage","url":"https:\/\/etslogistika.ee\/wp-content\/uploads\/2022\/10\/Lennutransport-scaled.jpg","contentUrl":"https:\/\/etslogistika.ee\/wp-content\/uploads\/2022\/10\/Lennutransport-scaled.jpg","width":2560,"height":608},{"@type":"BreadcrumbList","@id":"https:\/\/etslogistika.ee\/en\/services\/air-transportation\/#breadcrumb","itemListElement":[{"@type":"ListItem","position":1,"name":"Services","item":"https:\/\/etslogistika.ee\/en\/services\/"},{"@type":"ListItem","position":2,"name":"Air transportation"}]},{"@type":"WebSite","@id":"https:\/\/etslogistika.ee\/#website","url":"https:\/\/etslogistika.ee\/","name":"Transport ja logistika uksest ukseni | ETS Logistika","description":"Teeme logistika Sinu jaoks v\u00f5imalikult lihtsaks. Leiame hinnap\u00e4ringule kiiresti soodsa lahenduse ning administreerime vedu selle algusest kuni l\u00f5puni ise.","potentialAction":[{"@type":"SearchAction","target":{"@type":"EntryPoint","urlTemplate":"https:\/\/etslogistika.ee\/?s={search_term_string}"},"query-input":{"@type":"PropertyValueSpecification","valueRequired":true,"valueName":"search_term_string"}}],"inLanguage":"en-US"}]}},"_links":{"self":[{"href":"https:\/\/etslogistika.ee\/en\/wp-json\/wp\/v2\/pages\/9321","targetHints":{"allow":["GET"]}}],"collection":[{"href":"https:\/\/etslogistika.ee\/en\/wp-json\/wp\/v2\/pages"}],"about":[{"href":"https:\/\/etslogistika.ee\/en\/wp-json\/wp\/v2\/types\/page"}],"author":[{"embeddable":true,"href":"https:\/\/etslogistika.ee\/en\/wp-json\/wp\/v2\/users\/2"}],"replies":[{"embeddable":true,"href":"https:\/\/etslogistika.ee\/en\/wp-json\/wp\/v2\/comments?post=9321"}],"version-history":[{"count":2,"href":"https:\/\/etslogistika.ee\/en\/wp-json\/wp\/v2\/pages\/9321\/revisions"}],"predecessor-version":[{"id":11143,"href":"https:\/\/etslogistika.ee\/en\/wp-json\/wp\/v2\/pages\/9321\/revisions\/11143"}],"up":[{"embeddable":true,"href":"https:\/\/etslogistika.ee\/en\/wp-json\/wp\/v2\/pages\/10150"}],"wp:featuredmedia":[{"embeddable":true,"href":"https:\/\/etslogistika.ee\/en\/wp-json\/wp\/v2\/media\/134028"}],"wp:attachment":[{"href":"https:\/\/etslogistika.ee\/en\/wp-json\/wp\/v2\/media?parent=9321"}],"curies":[{"name":"wp","href":"https:\/\/api.w.org\/{rel}","templated":true}]}}