{"id":9326,"date":"2016-06-17T12:59:39","date_gmt":"2016-06-17T09:59:39","guid":{"rendered":"https:\/\/etslogistika.ee\/?page_id=9326"},"modified":"2018-03-05T16:31:01","modified_gmt":"2018-03-05T14:31:01","slug":"freight-insurance","status":"publish","type":"page","link":"https:\/\/etslogistika.ee\/en\/services\/freight-insurance\/","title":{"rendered":"Freight insurance"},"content":{"rendered":"<p class=\"lead\"><strong>Are you planning on transporting goods which are high in value and you are looking to insurance them? You have come to the right place.<\/strong><\/p>\n<p>Let us know about the exact information regarding the goods by using the form on the right and you will be quickly given an offer for fright insurance by ETS Logistics in cooperation with\u00a0PZU Insurance.<\/p>\n<ul>\n<li>Your will get a 100% freight insurance for your goods.<\/li>\n<li>You can make both a one time or multiple time freight insurance.<\/li>\n<li>You will get a guarantee by ETS Logistics in cooperation with\u00a0PZU Insurance in the event of any goods being damaged or lost.<\/li>\n<li>In case the goods are damaged you can leave the claim handling to us.<\/li>\n<\/ul>\n<p>You are welcome to contact us if you have any additional questions or wish to get freight insurance. We will answer you gladly.<\/p>\n","protected":false},"excerpt":{"rendered":"<p>Are you planning on transporting goods which are high in value and you are looking to insurance them? You have come to the right place. Let us know about the exact information regarding the goods by using the form on the right and you will be quickly given an offer for fright insurance by ETS [&hellip;]<\/p>\n","protected":false},"author":2,"featured_media":9327,"parent":10150,"menu_order":0,"comment_status":"closed","ping_status":"closed","template":"","meta":{"footnotes":""},"class_list":["post-9326","page","type-page","status-publish","has-post-thumbnail","hentry"],"yoast_head":"<!-- This site is optimized with the Yoast SEO plugin v27.4 - https:\/\/yoast.com\/product\/yoast-seo-wordpress\/ -->\n<title>Freight insurance | ETS Logistics<\/title>\n<meta name=\"description\" content=\"Are you planning on transporting goods which are high in value and you are looking to insurance them? Here you will get a proper freight insurance.\" \/>\n<meta name=\"robots\" content=\"index, follow, max-snippet:-1, max-image-preview:large, max-video-preview:-1\" \/>\n<link rel=\"canonical\" href=\"https:\/\/etslogistika.ee\/en\/services\/freight-insurance\/\" \/>\n<meta property=\"og:locale\" content=\"en_US\" \/>\n<meta property=\"og:type\" content=\"article\" \/>\n<meta property=\"og:title\" content=\"Freight insurance | ETS Logistics\" \/>\n<meta property=\"og:description\" content=\"Are you planning on transporting goods which are high in value and you are looking to insurance them? Here you will get a proper freight insurance.\" \/>\n<meta property=\"og:url\" content=\"https:\/\/etslogistika.ee\/en\/services\/freight-insurance\/\" \/>\n<meta property=\"og:site_name\" content=\"International freight service | ETS Logistika\" \/>\n<meta property=\"article:publisher\" content=\"https:\/\/www.facebook.com\/etslogistika.ee\" \/>\n<meta property=\"article:modified_time\" content=\"2018-03-05T14:31:01+00:00\" \/>\n<meta property=\"og:image\" content=\"https:\/\/etslogistika.ee\/wp-content\/uploads\/2015\/04\/veosekindlustus.jpg\" \/>\n\t<meta property=\"og:image:width\" content=\"2740\" \/>\n\t<meta property=\"og:image:height\" content=\"652\" \/>\n\t<meta property=\"og:image:type\" content=\"image\/jpeg\" \/>\n<meta name=\"twitter:card\" content=\"summary_large_image\" \/>\n<meta name=\"twitter:label1\" content=\"Est. reading time\" \/>\n\t<meta name=\"twitter:data1\" content=\"1 minute\" \/>\n<script type=\"application\/ld+json\" class=\"yoast-schema-graph\">{\"@context\":\"https:\\\/\\\/schema.org\",\"@graph\":[{\"@type\":\"WebPage\",\"@id\":\"https:\\\/\\\/etslogistika.ee\\\/en\\\/services\\\/freight-insurance\\\/\",\"url\":\"https:\\\/\\\/etslogistika.ee\\\/en\\\/services\\\/freight-insurance\\\/\",\"name\":\"Freight insurance | ETS Logistics\",\"isPartOf\":{\"@id\":\"https:\\\/\\\/etslogistika.ee\\\/#website\"},\"primaryImageOfPage\":{\"@id\":\"https:\\\/\\\/etslogistika.ee\\\/en\\\/services\\\/freight-insurance\\\/#primaryimage\"},\"image\":{\"@id\":\"https:\\\/\\\/etslogistika.ee\\\/en\\\/services\\\/freight-insurance\\\/#primaryimage\"},\"thumbnailUrl\":\"https:\\\/\\\/etslogistika.ee\\\/wp-content\\\/uploads\\\/2015\\\/04\\\/veosekindlustus.jpg\",\"datePublished\":\"2016-06-17T09:59:39+00:00\",\"dateModified\":\"2018-03-05T14:31:01+00:00\",\"description\":\"Are you planning on transporting goods which are high in value and you are looking to insurance them? Here you will get a proper freight insurance.\",\"breadcrumb\":{\"@id\":\"https:\\\/\\\/etslogistika.ee\\\/en\\\/services\\\/freight-insurance\\\/#breadcrumb\"},\"inLanguage\":\"en-US\",\"potentialAction\":[{\"@type\":\"ReadAction\",\"target\":[\"https:\\\/\\\/etslogistika.ee\\\/en\\\/services\\\/freight-insurance\\\/\"]}]},{\"@type\":\"ImageObject\",\"inLanguage\":\"en-US\",\"@id\":\"https:\\\/\\\/etslogistika.ee\\\/en\\\/services\\\/freight-insurance\\\/#primaryimage\",\"url\":\"https:\\\/\\\/etslogistika.ee\\\/wp-content\\\/uploads\\\/2015\\\/04\\\/veosekindlustus.jpg\",\"contentUrl\":\"https:\\\/\\\/etslogistika.ee\\\/wp-content\\\/uploads\\\/2015\\\/04\\\/veosekindlustus.jpg\",\"width\":2740,\"height\":652},{\"@type\":\"BreadcrumbList\",\"@id\":\"https:\\\/\\\/etslogistika.ee\\\/en\\\/services\\\/freight-insurance\\\/#breadcrumb\",\"itemListElement\":[{\"@type\":\"ListItem\",\"position\":1,\"name\":\"Services\",\"item\":\"https:\\\/\\\/etslogistika.ee\\\/en\\\/services\\\/\"},{\"@type\":\"ListItem\",\"position\":2,\"name\":\"Freight insurance\"}]},{\"@type\":\"WebSite\",\"@id\":\"https:\\\/\\\/etslogistika.ee\\\/#website\",\"url\":\"https:\\\/\\\/etslogistika.ee\\\/\",\"name\":\"Transport ja logistika uksest ukseni | ETS Logistika\",\"description\":\"Teeme logistika Sinu jaoks v\u00f5imalikult lihtsaks. Leiame hinnap\u00e4ringule kiiresti soodsa lahenduse ning administreerime vedu selle algusest kuni l\u00f5puni ise.\",\"potentialAction\":[{\"@type\":\"SearchAction\",\"target\":{\"@type\":\"EntryPoint\",\"urlTemplate\":\"https:\\\/\\\/etslogistika.ee\\\/?s={search_term_string}\"},\"query-input\":{\"@type\":\"PropertyValueSpecification\",\"valueRequired\":true,\"valueName\":\"search_term_string\"}}],\"inLanguage\":\"en-US\"}]}<\/script>\n<!-- \/ Yoast SEO plugin. -->","yoast_head_json":{"title":"Freight insurance | ETS Logistics","description":"Are you planning on transporting goods which are high in value and you are looking to insurance them? Here you will get a proper freight insurance.","robots":{"index":"index","follow":"follow","max-snippet":"max-snippet:-1","max-image-preview":"max-image-preview:large","max-video-preview":"max-video-preview:-1"},"canonical":"https:\/\/etslogistika.ee\/en\/services\/freight-insurance\/","og_locale":"en_US","og_type":"article","og_title":"Freight insurance | ETS Logistics","og_description":"Are you planning on transporting goods which are high in value and you are looking to insurance them? Here you will get a proper freight insurance.","og_url":"https:\/\/etslogistika.ee\/en\/services\/freight-insurance\/","og_site_name":"International freight service | ETS Logistika","article_publisher":"https:\/\/www.facebook.com\/etslogistika.ee","article_modified_time":"2018-03-05T14:31:01+00:00","og_image":[{"width":2740,"height":652,"url":"https:\/\/etslogistika.ee\/wp-content\/uploads\/2015\/04\/veosekindlustus.jpg","type":"image\/jpeg"}],"twitter_card":"summary_large_image","twitter_misc":{"Est. reading time":"1 minute"},"schema":{"@context":"https:\/\/schema.org","@graph":[{"@type":"WebPage","@id":"https:\/\/etslogistika.ee\/en\/services\/freight-insurance\/","url":"https:\/\/etslogistika.ee\/en\/services\/freight-insurance\/","name":"Freight insurance | ETS Logistics","isPartOf":{"@id":"https:\/\/etslogistika.ee\/#website"},"primaryImageOfPage":{"@id":"https:\/\/etslogistika.ee\/en\/services\/freight-insurance\/#primaryimage"},"image":{"@id":"https:\/\/etslogistika.ee\/en\/services\/freight-insurance\/#primaryimage"},"thumbnailUrl":"https:\/\/etslogistika.ee\/wp-content\/uploads\/2015\/04\/veosekindlustus.jpg","datePublished":"2016-06-17T09:59:39+00:00","dateModified":"2018-03-05T14:31:01+00:00","description":"Are you planning on transporting goods which are high in value and you are looking to insurance them? Here you will get a proper freight insurance.","breadcrumb":{"@id":"https:\/\/etslogistika.ee\/en\/services\/freight-insurance\/#breadcrumb"},"inLanguage":"en-US","potentialAction":[{"@type":"ReadAction","target":["https:\/\/etslogistika.ee\/en\/services\/freight-insurance\/"]}]},{"@type":"ImageObject","inLanguage":"en-US","@id":"https:\/\/etslogistika.ee\/en\/services\/freight-insurance\/#primaryimage","url":"https:\/\/etslogistika.ee\/wp-content\/uploads\/2015\/04\/veosekindlustus.jpg","contentUrl":"https:\/\/etslogistika.ee\/wp-content\/uploads\/2015\/04\/veosekindlustus.jpg","width":2740,"height":652},{"@type":"BreadcrumbList","@id":"https:\/\/etslogistika.ee\/en\/services\/freight-insurance\/#breadcrumb","itemListElement":[{"@type":"ListItem","position":1,"name":"Services","item":"https:\/\/etslogistika.ee\/en\/services\/"},{"@type":"ListItem","position":2,"name":"Freight insurance"}]},{"@type":"WebSite","@id":"https:\/\/etslogistika.ee\/#website","url":"https:\/\/etslogistika.ee\/","name":"Transport ja logistika uksest ukseni | ETS Logistika","description":"Teeme logistika Sinu jaoks v\u00f5imalikult lihtsaks. Leiame hinnap\u00e4ringule kiiresti soodsa lahenduse ning administreerime vedu selle algusest kuni l\u00f5puni ise.","potentialAction":[{"@type":"SearchAction","target":{"@type":"EntryPoint","urlTemplate":"https:\/\/etslogistika.ee\/?s={search_term_string}"},"query-input":{"@type":"PropertyValueSpecification","valueRequired":true,"valueName":"search_term_string"}}],"inLanguage":"en-US"}]}},"_links":{"self":[{"href":"https:\/\/etslogistika.ee\/en\/wp-json\/wp\/v2\/pages\/9326","targetHints":{"allow":["GET"]}}],"collection":[{"href":"https:\/\/etslogistika.ee\/en\/wp-json\/wp\/v2\/pages"}],"about":[{"href":"https:\/\/etslogistika.ee\/en\/wp-json\/wp\/v2\/types\/page"}],"author":[{"embeddable":true,"href":"https:\/\/etslogistika.ee\/en\/wp-json\/wp\/v2\/users\/2"}],"replies":[{"embeddable":true,"href":"https:\/\/etslogistika.ee\/en\/wp-json\/wp\/v2\/comments?post=9326"}],"version-history":[{"count":3,"href":"https:\/\/etslogistika.ee\/en\/wp-json\/wp\/v2\/pages\/9326\/revisions"}],"predecessor-version":[{"id":11145,"href":"https:\/\/etslogistika.ee\/en\/wp-json\/wp\/v2\/pages\/9326\/revisions\/11145"}],"up":[{"embeddable":true,"href":"https:\/\/etslogistika.ee\/en\/wp-json\/wp\/v2\/pages\/10150"}],"wp:featuredmedia":[{"embeddable":true,"href":"https:\/\/etslogistika.ee\/en\/wp-json\/wp\/v2\/media\/9327"}],"wp:attachment":[{"href":"https:\/\/etslogistika.ee\/en\/wp-json\/wp\/v2\/media?parent=9326"}],"curies":[{"name":"wp","href":"https:\/\/api.w.org\/{rel}","templated":true}]}}