{"id":9329,"date":"2016-06-17T13:04:38","date_gmt":"2016-06-17T10:04:38","guid":{"rendered":"https:\/\/etslogistika.ee\/?page_id=9329"},"modified":"2018-03-05T16:30:51","modified_gmt":"2018-03-05T14:30:51","slug":"customs-declarations","status":"publish","type":"page","link":"https:\/\/etslogistika.ee\/en\/services\/customs-declarations\/","title":{"rendered":"Customs declarations"},"content":{"rendered":"<p class=\"lead\"><strong>Are you planning on sending any goods out of EU or are you looking to import some goods to Estonia? Maybe you just need to transit goods through EU?<\/strong><\/p>\n<p>In that case you are at the right place. Let us know about your wish trough the form on the right and our customs declarant will give you a helping hand.<\/p>\n<ul>\n<li>You will be assisted with filling out the customs declarations<\/li>\n<li>You can also leave all the paper work to our customs declarant<\/li>\n<li>You to not have to go anywhere to do this, as customs clearance is done electronically and the filled out customs declaration will be sent to you by e-mail<\/li>\n<li>Customs declarant will assist you with the paperwork in case of transit goods<\/li>\n<\/ul>\n<p>Let us know on the right what kind of customs declarations are you interested in and our customs declarant will answer you quickly.<\/p>\n","protected":false},"excerpt":{"rendered":"<p>Are you planning on sending any goods out of EU or are you looking to import some goods to Estonia? Maybe you just need to transit goods through EU? In that case you are at the right place. Let us know about your wish trough the form on the right and our customs declarant will [&hellip;]<\/p>\n","protected":false},"author":2,"featured_media":8585,"parent":10150,"menu_order":0,"comment_status":"closed","ping_status":"closed","template":"","meta":{"footnotes":""},"class_list":["post-9329","page","type-page","status-publish","has-post-thumbnail","hentry"],"yoast_head":"<!-- This site is optimized with the Yoast SEO plugin v27.4 - https:\/\/yoast.com\/product\/yoast-seo-wordpress\/ -->\n<title>Customs declarations ETS Logistics<\/title>\n<meta name=\"description\" content=\"Are you planning on sending any goods out of EU or you just need to transit goods through EU? Here you will get a proper customs declarations service.\" \/>\n<meta name=\"robots\" content=\"index, follow, max-snippet:-1, max-image-preview:large, max-video-preview:-1\" \/>\n<link rel=\"canonical\" href=\"https:\/\/etslogistika.ee\/en\/services\/customs-declarations\/\" \/>\n<meta property=\"og:locale\" content=\"en_US\" \/>\n<meta property=\"og:type\" content=\"article\" \/>\n<meta property=\"og:title\" content=\"Customs declarations ETS Logistics\" \/>\n<meta property=\"og:description\" content=\"Are you planning on sending any goods out of EU or you just need to transit goods through EU? Here you will get a proper customs declarations service.\" \/>\n<meta property=\"og:url\" content=\"https:\/\/etslogistika.ee\/en\/services\/customs-declarations\/\" \/>\n<meta property=\"og:site_name\" content=\"International freight service | ETS Logistika\" \/>\n<meta property=\"article:publisher\" content=\"https:\/\/www.facebook.com\/etslogistika.ee\" \/>\n<meta property=\"article:modified_time\" content=\"2018-03-05T14:30:51+00:00\" \/>\n<meta property=\"og:image\" content=\"https:\/\/etslogistika.ee\/wp-content\/uploads\/2015\/04\/tollideklaratsioon.jpg\" \/>\n\t<meta property=\"og:image:width\" content=\"2740\" \/>\n\t<meta property=\"og:image:height\" content=\"652\" \/>\n\t<meta property=\"og:image:type\" content=\"image\/jpeg\" \/>\n<meta name=\"twitter:card\" content=\"summary_large_image\" \/>\n<meta name=\"twitter:label1\" content=\"Est. reading time\" \/>\n\t<meta name=\"twitter:data1\" content=\"1 minute\" \/>\n<script type=\"application\/ld+json\" class=\"yoast-schema-graph\">{\"@context\":\"https:\\\/\\\/schema.org\",\"@graph\":[{\"@type\":\"WebPage\",\"@id\":\"https:\\\/\\\/etslogistika.ee\\\/en\\\/services\\\/customs-declarations\\\/\",\"url\":\"https:\\\/\\\/etslogistika.ee\\\/en\\\/services\\\/customs-declarations\\\/\",\"name\":\"Customs declarations ETS Logistics\",\"isPartOf\":{\"@id\":\"https:\\\/\\\/etslogistika.ee\\\/#website\"},\"primaryImageOfPage\":{\"@id\":\"https:\\\/\\\/etslogistika.ee\\\/en\\\/services\\\/customs-declarations\\\/#primaryimage\"},\"image\":{\"@id\":\"https:\\\/\\\/etslogistika.ee\\\/en\\\/services\\\/customs-declarations\\\/#primaryimage\"},\"thumbnailUrl\":\"https:\\\/\\\/etslogistika.ee\\\/wp-content\\\/uploads\\\/2015\\\/04\\\/tollideklaratsioon.jpg\",\"datePublished\":\"2016-06-17T10:04:38+00:00\",\"dateModified\":\"2018-03-05T14:30:51+00:00\",\"description\":\"Are you planning on sending any goods out of EU or you just need to transit goods through EU? Here you will get a proper customs declarations service.\",\"breadcrumb\":{\"@id\":\"https:\\\/\\\/etslogistika.ee\\\/en\\\/services\\\/customs-declarations\\\/#breadcrumb\"},\"inLanguage\":\"en-US\",\"potentialAction\":[{\"@type\":\"ReadAction\",\"target\":[\"https:\\\/\\\/etslogistika.ee\\\/en\\\/services\\\/customs-declarations\\\/\"]}]},{\"@type\":\"ImageObject\",\"inLanguage\":\"en-US\",\"@id\":\"https:\\\/\\\/etslogistika.ee\\\/en\\\/services\\\/customs-declarations\\\/#primaryimage\",\"url\":\"https:\\\/\\\/etslogistika.ee\\\/wp-content\\\/uploads\\\/2015\\\/04\\\/tollideklaratsioon.jpg\",\"contentUrl\":\"https:\\\/\\\/etslogistika.ee\\\/wp-content\\\/uploads\\\/2015\\\/04\\\/tollideklaratsioon.jpg\",\"width\":2740,\"height\":652},{\"@type\":\"BreadcrumbList\",\"@id\":\"https:\\\/\\\/etslogistika.ee\\\/en\\\/services\\\/customs-declarations\\\/#breadcrumb\",\"itemListElement\":[{\"@type\":\"ListItem\",\"position\":1,\"name\":\"Services\",\"item\":\"https:\\\/\\\/etslogistika.ee\\\/en\\\/services\\\/\"},{\"@type\":\"ListItem\",\"position\":2,\"name\":\"Customs declarations\"}]},{\"@type\":\"WebSite\",\"@id\":\"https:\\\/\\\/etslogistika.ee\\\/#website\",\"url\":\"https:\\\/\\\/etslogistika.ee\\\/\",\"name\":\"Transport ja logistika uksest ukseni | ETS Logistika\",\"description\":\"Teeme logistika Sinu jaoks v\u00f5imalikult lihtsaks. Leiame hinnap\u00e4ringule kiiresti soodsa lahenduse ning administreerime vedu selle algusest kuni l\u00f5puni ise.\",\"potentialAction\":[{\"@type\":\"SearchAction\",\"target\":{\"@type\":\"EntryPoint\",\"urlTemplate\":\"https:\\\/\\\/etslogistika.ee\\\/?s={search_term_string}\"},\"query-input\":{\"@type\":\"PropertyValueSpecification\",\"valueRequired\":true,\"valueName\":\"search_term_string\"}}],\"inLanguage\":\"en-US\"}]}<\/script>\n<!-- \/ Yoast SEO plugin. -->","yoast_head_json":{"title":"Customs declarations ETS Logistics","description":"Are you planning on sending any goods out of EU or you just need to transit goods through EU? Here you will get a proper customs declarations service.","robots":{"index":"index","follow":"follow","max-snippet":"max-snippet:-1","max-image-preview":"max-image-preview:large","max-video-preview":"max-video-preview:-1"},"canonical":"https:\/\/etslogistika.ee\/en\/services\/customs-declarations\/","og_locale":"en_US","og_type":"article","og_title":"Customs declarations ETS Logistics","og_description":"Are you planning on sending any goods out of EU or you just need to transit goods through EU? Here you will get a proper customs declarations service.","og_url":"https:\/\/etslogistika.ee\/en\/services\/customs-declarations\/","og_site_name":"International freight service | ETS Logistika","article_publisher":"https:\/\/www.facebook.com\/etslogistika.ee","article_modified_time":"2018-03-05T14:30:51+00:00","og_image":[{"width":2740,"height":652,"url":"https:\/\/etslogistika.ee\/wp-content\/uploads\/2015\/04\/tollideklaratsioon.jpg","type":"image\/jpeg"}],"twitter_card":"summary_large_image","twitter_misc":{"Est. reading time":"1 minute"},"schema":{"@context":"https:\/\/schema.org","@graph":[{"@type":"WebPage","@id":"https:\/\/etslogistika.ee\/en\/services\/customs-declarations\/","url":"https:\/\/etslogistika.ee\/en\/services\/customs-declarations\/","name":"Customs declarations ETS Logistics","isPartOf":{"@id":"https:\/\/etslogistika.ee\/#website"},"primaryImageOfPage":{"@id":"https:\/\/etslogistika.ee\/en\/services\/customs-declarations\/#primaryimage"},"image":{"@id":"https:\/\/etslogistika.ee\/en\/services\/customs-declarations\/#primaryimage"},"thumbnailUrl":"https:\/\/etslogistika.ee\/wp-content\/uploads\/2015\/04\/tollideklaratsioon.jpg","datePublished":"2016-06-17T10:04:38+00:00","dateModified":"2018-03-05T14:30:51+00:00","description":"Are you planning on sending any goods out of EU or you just need to transit goods through EU? Here you will get a proper customs declarations service.","breadcrumb":{"@id":"https:\/\/etslogistika.ee\/en\/services\/customs-declarations\/#breadcrumb"},"inLanguage":"en-US","potentialAction":[{"@type":"ReadAction","target":["https:\/\/etslogistika.ee\/en\/services\/customs-declarations\/"]}]},{"@type":"ImageObject","inLanguage":"en-US","@id":"https:\/\/etslogistika.ee\/en\/services\/customs-declarations\/#primaryimage","url":"https:\/\/etslogistika.ee\/wp-content\/uploads\/2015\/04\/tollideklaratsioon.jpg","contentUrl":"https:\/\/etslogistika.ee\/wp-content\/uploads\/2015\/04\/tollideklaratsioon.jpg","width":2740,"height":652},{"@type":"BreadcrumbList","@id":"https:\/\/etslogistika.ee\/en\/services\/customs-declarations\/#breadcrumb","itemListElement":[{"@type":"ListItem","position":1,"name":"Services","item":"https:\/\/etslogistika.ee\/en\/services\/"},{"@type":"ListItem","position":2,"name":"Customs declarations"}]},{"@type":"WebSite","@id":"https:\/\/etslogistika.ee\/#website","url":"https:\/\/etslogistika.ee\/","name":"Transport ja logistika uksest ukseni | ETS Logistika","description":"Teeme logistika Sinu jaoks v\u00f5imalikult lihtsaks. Leiame hinnap\u00e4ringule kiiresti soodsa lahenduse ning administreerime vedu selle algusest kuni l\u00f5puni ise.","potentialAction":[{"@type":"SearchAction","target":{"@type":"EntryPoint","urlTemplate":"https:\/\/etslogistika.ee\/?s={search_term_string}"},"query-input":{"@type":"PropertyValueSpecification","valueRequired":true,"valueName":"search_term_string"}}],"inLanguage":"en-US"}]}},"_links":{"self":[{"href":"https:\/\/etslogistika.ee\/en\/wp-json\/wp\/v2\/pages\/9329","targetHints":{"allow":["GET"]}}],"collection":[{"href":"https:\/\/etslogistika.ee\/en\/wp-json\/wp\/v2\/pages"}],"about":[{"href":"https:\/\/etslogistika.ee\/en\/wp-json\/wp\/v2\/types\/page"}],"author":[{"embeddable":true,"href":"https:\/\/etslogistika.ee\/en\/wp-json\/wp\/v2\/users\/2"}],"replies":[{"embeddable":true,"href":"https:\/\/etslogistika.ee\/en\/wp-json\/wp\/v2\/comments?post=9329"}],"version-history":[{"count":1,"href":"https:\/\/etslogistika.ee\/en\/wp-json\/wp\/v2\/pages\/9329\/revisions"}],"predecessor-version":[{"id":9330,"href":"https:\/\/etslogistika.ee\/en\/wp-json\/wp\/v2\/pages\/9329\/revisions\/9330"}],"up":[{"embeddable":true,"href":"https:\/\/etslogistika.ee\/en\/wp-json\/wp\/v2\/pages\/10150"}],"wp:featuredmedia":[{"embeddable":true,"href":"https:\/\/etslogistika.ee\/en\/wp-json\/wp\/v2\/media\/8585"}],"wp:attachment":[{"href":"https:\/\/etslogistika.ee\/en\/wp-json\/wp\/v2\/media?parent=9329"}],"curies":[{"name":"wp","href":"https:\/\/api.w.org\/{rel}","templated":true}]}}