{"id":9332,"date":"2016-06-17T13:16:02","date_gmt":"2016-06-17T10:16:02","guid":{"rendered":"https:\/\/etslogistika.ee\/?page_id=9332"},"modified":"2018-03-05T16:30:40","modified_gmt":"2018-03-05T14:30:40","slug":"carrier-service-package-freight","status":"publish","type":"page","link":"https:\/\/etslogistika.ee\/en\/services\/carrier-service-package-freight\/","title":{"rendered":"Carrier service and package freight"},"content":{"rendered":"<p class=\"lead\"><strong>Are you looking for a way to send your package within EU or Estonia? The prices of other international or local carrier companies are too expensive? We will help you if you send us your carrier service request on the right and we will answer you within minutes.<\/strong><\/p>\n<p>With the help of ETS Logistics you can send your package to anywhere in EU or Estonia quickly for a good price. The carrier will come to you to pick up the package and will deliver it right to the front door of the consignee.<\/p>\n<ul>\n<li>Within Estonia your package will be delivered no later than the next day.<\/li>\n<li>Within Scandinavia and the Baltics it takes up to two days.<\/li>\n<li>Within EU maximum of seven days.<\/li>\n<\/ul>\n<p>When sending your package you do not have to communicate to any automatic machines. Instead you will be given a personal logistician who will answer all of your question and will keep you updated with everything related to the journey of your package.<\/p>\n<p>The international carrier service provided by ETS Logistics is provided under the Global\u00a0Postal Union in cooperation with <a href=\"https:\/\/www.omniva.ee\/\">AS Eesti Post (Omniva)<\/a>. In case of bigger packages we are cooperating with some of Europe\u2019s biggest terminal groups.<\/p>\n<p>If you have any additional questions or there is something that is unclear please let us know trough the contact form on the right and we will answer you immediately.<\/p>\n","protected":false},"excerpt":{"rendered":"<p>Are you looking for a way to send your package within EU or Estonia? The prices of other international or local carrier companies are too expensive? We will help you if you send us your carrier service request on the right and we will answer you within minutes. With the help of ETS Logistics you [&hellip;]<\/p>\n","protected":false},"author":2,"featured_media":9333,"parent":10150,"menu_order":0,"comment_status":"closed","ping_status":"closed","template":"","meta":{"footnotes":""},"class_list":["post-9332","page","type-page","status-publish","has-post-thumbnail","hentry"],"yoast_head":"<!-- This site is optimized with the Yoast SEO plugin v27.4 - https:\/\/yoast.com\/product\/yoast-seo-wordpress\/ -->\n<title>Carrier service and package freight | ETS Logistics<\/title>\n<meta name=\"description\" content=\"Are you looking for a way to send your package within EU or Estonia? We will help you, send us your request and we will answer you within minutes.\" \/>\n<meta name=\"robots\" content=\"index, follow, max-snippet:-1, max-image-preview:large, max-video-preview:-1\" \/>\n<link rel=\"canonical\" href=\"https:\/\/etslogistika.ee\/en\/services\/carrier-service-package-freight\/\" \/>\n<meta property=\"og:locale\" content=\"en_US\" \/>\n<meta property=\"og:type\" content=\"article\" \/>\n<meta property=\"og:title\" content=\"Carrier service and package freight | ETS Logistics\" \/>\n<meta property=\"og:description\" content=\"Are you looking for a way to send your package within EU or Estonia? We will help you, send us your request and we will answer you within minutes.\" \/>\n<meta property=\"og:url\" content=\"https:\/\/etslogistika.ee\/en\/services\/carrier-service-package-freight\/\" \/>\n<meta property=\"og:site_name\" content=\"International freight service | ETS Logistika\" \/>\n<meta property=\"article:publisher\" content=\"https:\/\/www.facebook.com\/etslogistika.ee\" \/>\n<meta property=\"article:modified_time\" content=\"2018-03-05T14:30:40+00:00\" \/>\n<meta property=\"og:image\" content=\"https:\/\/etslogistika.ee\/wp-content\/uploads\/2015\/04\/kullerteenus-ja-pakivedu3.jpg\" \/>\n\t<meta property=\"og:image:width\" content=\"2740\" \/>\n\t<meta property=\"og:image:height\" content=\"652\" \/>\n\t<meta property=\"og:image:type\" content=\"image\/jpeg\" \/>\n<meta name=\"twitter:card\" content=\"summary_large_image\" \/>\n<meta name=\"twitter:label1\" content=\"Est. reading time\" \/>\n\t<meta name=\"twitter:data1\" content=\"1 minute\" \/>\n<script type=\"application\/ld+json\" class=\"yoast-schema-graph\">{\"@context\":\"https:\\\/\\\/schema.org\",\"@graph\":[{\"@type\":\"WebPage\",\"@id\":\"https:\\\/\\\/etslogistika.ee\\\/en\\\/services\\\/carrier-service-package-freight\\\/\",\"url\":\"https:\\\/\\\/etslogistika.ee\\\/en\\\/services\\\/carrier-service-package-freight\\\/\",\"name\":\"Carrier service and package freight | ETS Logistics\",\"isPartOf\":{\"@id\":\"https:\\\/\\\/etslogistika.ee\\\/#website\"},\"primaryImageOfPage\":{\"@id\":\"https:\\\/\\\/etslogistika.ee\\\/en\\\/services\\\/carrier-service-package-freight\\\/#primaryimage\"},\"image\":{\"@id\":\"https:\\\/\\\/etslogistika.ee\\\/en\\\/services\\\/carrier-service-package-freight\\\/#primaryimage\"},\"thumbnailUrl\":\"https:\\\/\\\/etslogistika.ee\\\/wp-content\\\/uploads\\\/2015\\\/04\\\/kullerteenus-ja-pakivedu3.jpg\",\"datePublished\":\"2016-06-17T10:16:02+00:00\",\"dateModified\":\"2018-03-05T14:30:40+00:00\",\"description\":\"Are you looking for a way to send your package within EU or Estonia? We will help you, send us your request and we will answer you within minutes.\",\"breadcrumb\":{\"@id\":\"https:\\\/\\\/etslogistika.ee\\\/en\\\/services\\\/carrier-service-package-freight\\\/#breadcrumb\"},\"inLanguage\":\"en-US\",\"potentialAction\":[{\"@type\":\"ReadAction\",\"target\":[\"https:\\\/\\\/etslogistika.ee\\\/en\\\/services\\\/carrier-service-package-freight\\\/\"]}]},{\"@type\":\"ImageObject\",\"inLanguage\":\"en-US\",\"@id\":\"https:\\\/\\\/etslogistika.ee\\\/en\\\/services\\\/carrier-service-package-freight\\\/#primaryimage\",\"url\":\"https:\\\/\\\/etslogistika.ee\\\/wp-content\\\/uploads\\\/2015\\\/04\\\/kullerteenus-ja-pakivedu3.jpg\",\"contentUrl\":\"https:\\\/\\\/etslogistika.ee\\\/wp-content\\\/uploads\\\/2015\\\/04\\\/kullerteenus-ja-pakivedu3.jpg\",\"width\":2740,\"height\":652},{\"@type\":\"BreadcrumbList\",\"@id\":\"https:\\\/\\\/etslogistika.ee\\\/en\\\/services\\\/carrier-service-package-freight\\\/#breadcrumb\",\"itemListElement\":[{\"@type\":\"ListItem\",\"position\":1,\"name\":\"Services\",\"item\":\"https:\\\/\\\/etslogistika.ee\\\/en\\\/services\\\/\"},{\"@type\":\"ListItem\",\"position\":2,\"name\":\"Carrier service and package freight\"}]},{\"@type\":\"WebSite\",\"@id\":\"https:\\\/\\\/etslogistika.ee\\\/#website\",\"url\":\"https:\\\/\\\/etslogistika.ee\\\/\",\"name\":\"Transport ja logistika uksest ukseni | ETS Logistika\",\"description\":\"Teeme logistika Sinu jaoks v\u00f5imalikult lihtsaks. Leiame hinnap\u00e4ringule kiiresti soodsa lahenduse ning administreerime vedu selle algusest kuni l\u00f5puni ise.\",\"potentialAction\":[{\"@type\":\"SearchAction\",\"target\":{\"@type\":\"EntryPoint\",\"urlTemplate\":\"https:\\\/\\\/etslogistika.ee\\\/?s={search_term_string}\"},\"query-input\":{\"@type\":\"PropertyValueSpecification\",\"valueRequired\":true,\"valueName\":\"search_term_string\"}}],\"inLanguage\":\"en-US\"}]}<\/script>\n<!-- \/ Yoast SEO plugin. -->","yoast_head_json":{"title":"Carrier service and package freight | ETS Logistics","description":"Are you looking for a way to send your package within EU or Estonia? We will help you, send us your request and we will answer you within minutes.","robots":{"index":"index","follow":"follow","max-snippet":"max-snippet:-1","max-image-preview":"max-image-preview:large","max-video-preview":"max-video-preview:-1"},"canonical":"https:\/\/etslogistika.ee\/en\/services\/carrier-service-package-freight\/","og_locale":"en_US","og_type":"article","og_title":"Carrier service and package freight | ETS Logistics","og_description":"Are you looking for a way to send your package within EU or Estonia? We will help you, send us your request and we will answer you within minutes.","og_url":"https:\/\/etslogistika.ee\/en\/services\/carrier-service-package-freight\/","og_site_name":"International freight service | ETS Logistika","article_publisher":"https:\/\/www.facebook.com\/etslogistika.ee","article_modified_time":"2018-03-05T14:30:40+00:00","og_image":[{"width":2740,"height":652,"url":"https:\/\/etslogistika.ee\/wp-content\/uploads\/2015\/04\/kullerteenus-ja-pakivedu3.jpg","type":"image\/jpeg"}],"twitter_card":"summary_large_image","twitter_misc":{"Est. reading time":"1 minute"},"schema":{"@context":"https:\/\/schema.org","@graph":[{"@type":"WebPage","@id":"https:\/\/etslogistika.ee\/en\/services\/carrier-service-package-freight\/","url":"https:\/\/etslogistika.ee\/en\/services\/carrier-service-package-freight\/","name":"Carrier service and package freight | ETS Logistics","isPartOf":{"@id":"https:\/\/etslogistika.ee\/#website"},"primaryImageOfPage":{"@id":"https:\/\/etslogistika.ee\/en\/services\/carrier-service-package-freight\/#primaryimage"},"image":{"@id":"https:\/\/etslogistika.ee\/en\/services\/carrier-service-package-freight\/#primaryimage"},"thumbnailUrl":"https:\/\/etslogistika.ee\/wp-content\/uploads\/2015\/04\/kullerteenus-ja-pakivedu3.jpg","datePublished":"2016-06-17T10:16:02+00:00","dateModified":"2018-03-05T14:30:40+00:00","description":"Are you looking for a way to send your package within EU or Estonia? We will help you, send us your request and we will answer you within minutes.","breadcrumb":{"@id":"https:\/\/etslogistika.ee\/en\/services\/carrier-service-package-freight\/#breadcrumb"},"inLanguage":"en-US","potentialAction":[{"@type":"ReadAction","target":["https:\/\/etslogistika.ee\/en\/services\/carrier-service-package-freight\/"]}]},{"@type":"ImageObject","inLanguage":"en-US","@id":"https:\/\/etslogistika.ee\/en\/services\/carrier-service-package-freight\/#primaryimage","url":"https:\/\/etslogistika.ee\/wp-content\/uploads\/2015\/04\/kullerteenus-ja-pakivedu3.jpg","contentUrl":"https:\/\/etslogistika.ee\/wp-content\/uploads\/2015\/04\/kullerteenus-ja-pakivedu3.jpg","width":2740,"height":652},{"@type":"BreadcrumbList","@id":"https:\/\/etslogistika.ee\/en\/services\/carrier-service-package-freight\/#breadcrumb","itemListElement":[{"@type":"ListItem","position":1,"name":"Services","item":"https:\/\/etslogistika.ee\/en\/services\/"},{"@type":"ListItem","position":2,"name":"Carrier service and package freight"}]},{"@type":"WebSite","@id":"https:\/\/etslogistika.ee\/#website","url":"https:\/\/etslogistika.ee\/","name":"Transport ja logistika uksest ukseni | ETS Logistika","description":"Teeme logistika Sinu jaoks v\u00f5imalikult lihtsaks. Leiame hinnap\u00e4ringule kiiresti soodsa lahenduse ning administreerime vedu selle algusest kuni l\u00f5puni ise.","potentialAction":[{"@type":"SearchAction","target":{"@type":"EntryPoint","urlTemplate":"https:\/\/etslogistika.ee\/?s={search_term_string}"},"query-input":{"@type":"PropertyValueSpecification","valueRequired":true,"valueName":"search_term_string"}}],"inLanguage":"en-US"}]}},"_links":{"self":[{"href":"https:\/\/etslogistika.ee\/en\/wp-json\/wp\/v2\/pages\/9332","targetHints":{"allow":["GET"]}}],"collection":[{"href":"https:\/\/etslogistika.ee\/en\/wp-json\/wp\/v2\/pages"}],"about":[{"href":"https:\/\/etslogistika.ee\/en\/wp-json\/wp\/v2\/types\/page"}],"author":[{"embeddable":true,"href":"https:\/\/etslogistika.ee\/en\/wp-json\/wp\/v2\/users\/2"}],"replies":[{"embeddable":true,"href":"https:\/\/etslogistika.ee\/en\/wp-json\/wp\/v2\/comments?post=9332"}],"version-history":[{"count":4,"href":"https:\/\/etslogistika.ee\/en\/wp-json\/wp\/v2\/pages\/9332\/revisions"}],"predecessor-version":[{"id":11147,"href":"https:\/\/etslogistika.ee\/en\/wp-json\/wp\/v2\/pages\/9332\/revisions\/11147"}],"up":[{"embeddable":true,"href":"https:\/\/etslogistika.ee\/en\/wp-json\/wp\/v2\/pages\/10150"}],"wp:featuredmedia":[{"embeddable":true,"href":"https:\/\/etslogistika.ee\/en\/wp-json\/wp\/v2\/media\/9333"}],"wp:attachment":[{"href":"https:\/\/etslogistika.ee\/en\/wp-json\/wp\/v2\/media?parent=9332"}],"curies":[{"name":"wp","href":"https:\/\/api.w.org\/{rel}","templated":true}]}}