{"id":9367,"date":"2016-06-17T15:14:53","date_gmt":"2016-06-17T12:14:53","guid":{"rendered":"https:\/\/etslogistika.ee\/?page_id=9367"},"modified":"2022-10-17T16:52:55","modified_gmt":"2022-10-17T13:52:55","slug":"types-trucks-trailers","status":"publish","type":"page","link":"https:\/\/etslogistika.ee\/en\/fyi\/types-trucks-trailers\/","title":{"rendered":"Types of trucks and trailers and the capacities of them"},"content":{"rendered":"<p class=\"lead\">We are quite often asked about how much goods can a certain type of truck or trailer capacitate. Hereby, we are listing the most used types of trucks and trailers and their capacities.<\/p>\n<h3>Trucks with semi-trailers<\/h3>\n<ul>\n<li>The car consists of a saddle truck and a semi-trailer<\/li>\n<li>Measurements of the semi-trailer are 13,6 x 2,45 x 2,7 meters (there can be some variations)<\/li>\n<li>Maximum load-carrying capacity is 24000 kg<\/li>\n<li>Semi-trailer can capacitate up to 33 EUR pallets or 26 FIN pallets<\/li>\n<li>Capacity is 90m<sup>3<\/sup><\/li>\n<li>Mostly suitable for goods that are packed on pallets<\/li>\n<li>The goods can be loaded either through the back, the side or the roof<\/li>\n<\/ul>\n<p><a  href=\"https:\/\/etslogistika.ee\/wp-content\/uploads\/2015\/06\/poolhaagise-mahutavus.jpg\" data-rel=\"lightbox-gallery-0\" data-rl_title=\"\" data-rl_caption=\"\" title=\"\"><img loading=\"lazy\" decoding=\"async\" width=\"725\" height=\"250\" src=\"https:\/\/etslogistika.ee\/wp-content\/uploads\/2015\/06\/poolhaagise-mahutavus.jpg\" class=\" size-full wp-image-2293 alignnone attachment-1450x500\" alt=\"poolhaagise mahutavus\" srcset=\"https:\/\/etslogistika.ee\/wp-content\/uploads\/2015\/06\/poolhaagise-mahutavus.jpg 725w, https:\/\/etslogistika.ee\/wp-content\/uploads\/2015\/06\/poolhaagise-mahutavus-300x103.jpg 300w\" sizes=\"auto, (max-width: 725px) 100vw, 725px\" \/><\/a><\/p>\n<h3><strong>Trucks with full trailers<\/strong><\/h3>\n<ul>\n<li>The truck consists of a saddle truck and two separate parts of trailers<\/li>\n<li>The length of the trailers is usually 7,3m plus 8,1m (there can be some variations)<\/li>\n<li>The allowed maximum length of both trailers is 15,65m<\/li>\n<li>The maximum load-carrying capacity is 24000kg<\/li>\n<li>Capacity is 110-120m<sup>3<\/sup><\/li>\n<li>Full trailer can capacitate either 38 EUR pallets or 30 FIN pallets<\/li>\n<li>Full trailer is best suitable for goods with volume but light in weight (pillows, blankets, wool, soft furniture etc.)<\/li>\n<li>The goods can be loaded either through the back, the side or the roof<\/li>\n<\/ul>\n<p><img loading=\"lazy\" decoding=\"async\" width=\"750\" height=\"231\" src=\"https:\/\/etslogistika.ee\/wp-content\/uploads\/2015\/06\/t%C3%A4ishaagis.jpg\" class=\"aligncenter size-full wp-image-86170 attachment-1500x462\" alt=\"fulltrailer\"><\/p>\n<p>\u00a0<\/p>\n<h3><strong>Trucks with jumbo (mega-) trailers<\/strong><\/h3>\n<ul>\n<li>The car consists of a saddle truck and a jumbo trailer<\/li>\n<li>The measurements of the jumbo trailer are 13,6 x 2,45 x 3m (the first 4 meters of the jumbo trailer has lower height of 2,6m)<\/li>\n<li>The maximum load-carrying capacity is 24000kg<\/li>\n<li>The jumbo trailer can capacitate up to 33 EUR pallets or 26 FIN pallets, out of which 23 EUR or 18 FIN pallets can be loaded up to 3 meters in height<\/li>\n<li>The capacity of the jumbo trailer is 96m<sup>3<\/sup><\/li>\n<li>Suitable for lightweight and voluminous goods<\/li>\n<li>The goods can be loaded either through the back, the side or the roof<\/li>\n<\/ul>\n<p><img loading=\"lazy\" decoding=\"async\" width=\"650\" height=\"248\" src=\"https:\/\/etslogistika.ee\/wp-content\/uploads\/2015\/06\/megahaagis-5.png\" class=\"aligncenter size-full wp-image-86165 attachment-1300x496\" alt=\"megatrailer\" srcset=\"https:\/\/etslogistika.ee\/wp-content\/uploads\/2015\/06\/megahaagis-5.png 650w, https:\/\/etslogistika.ee\/wp-content\/uploads\/2015\/06\/megahaagis-5-300x114.png 300w\" sizes=\"auto, (max-width: 650px) 100vw, 650px\" \/><\/p>\n<figure class=\"embed-responsive embed-responsive-16by9\"><iframe loading=\"lazy\" title=\"What is a mega trailer (also called jumbo trailer)?\" width=\"500\" height=\"281\" src=\"https:\/\/www.youtube.com\/embed\/5wa69TJuwGg?feature=oembed\" frameborder=\"0\" allow=\"accelerometer; autoplay; clipboard-write; encrypted-media; gyroscope; picture-in-picture; web-share\" referrerpolicy=\"strict-origin-when-cross-origin\" allowfullscreen><\/iframe><\/figure>\n<h3>Refrigerated trailer (reefer)<\/h3>\n<ul>\n<li>The refrigerated truck consists of a saddle truck and a semi-trailer (equipped with cooling system)<\/li>\n<li>Measurements of the\u00a0refrigerated trailer are 13,41 x 2,46 x 2,65 meters (there can be variations)<\/li>\n<li>Maximum load-carrying capacity is till 24000 kg (there can be variations)<\/li>\n<li>The refrigerated trailer can capacitate up to 33 EUR pallets or 26 FIN pallets<\/li>\n<li>Temperature range is -25 \u00b0C to +25 \u00b0C (may vary)<\/li>\n<li>Capacity is 88m<sup>3\u00a0 <\/sup>(may vary)<\/li>\n<li>Mostly suitable for goods that are packed on pallets<\/li>\n<li>Goods can be loaded from the back only<\/li>\n<\/ul>\n<figure class=\"embed-responsive embed-responsive-16by9\"><iframe loading=\"lazy\" title=\"What is a refrigerator (reefer) truck?\" width=\"500\" height=\"281\" src=\"https:\/\/www.youtube.com\/embed\/ggH01e5zPFI?feature=oembed\" frameborder=\"0\" allow=\"accelerometer; autoplay; clipboard-write; encrypted-media; gyroscope; picture-in-picture; web-share\" referrerpolicy=\"strict-origin-when-cross-origin\" allowfullscreen><\/iframe><\/figure>\n<h3><strong>Tail-lift truck<\/strong><\/h3>\n<ul>\n<li>Tail-lift truck is equipped with a lifting mechanism which can be used to load the goods onto the truck<\/li>\n<li>Depending on the type of the tail-lift, the maximum weight load is from 500 to 2000 kg<\/li>\n<li>The cargo space in the truck is 7-9 x 2,45 x 2-2,5 meters (there are numerous variations)<\/li>\n<li>Tail-lift truck can capacitate up to 18-20 EUR pallets or 14-16 FIN pallets<\/li>\n<li>The goods can be loaded only through the back of the truck<\/li>\n<li>Used mainly on distribution freights<\/li>\n<\/ul>\n<p><a  href=\"https:\/\/etslogistika.ee\/wp-content\/uploads\/2015\/06\/Tagaluuk_m%C3%B5%C3%B5dud.jpg\" data-rel=\"lightbox-gallery-0\" data-rl_title=\"\" data-rl_caption=\"\" title=\"\"><img loading=\"lazy\" decoding=\"async\" width=\"300\" height=\"230\" src=\"https:\/\/etslogistika.ee\/wp-content\/uploads\/2015\/06\/Tagaluuk_m%C3%B5%C3%B5dud.jpg\" class=\"aligncenter size-full wp-image-2303 attachment-600x460\" alt=\"Tagaluuk_m\u00f5\u00f5dud\"><\/a><\/p>\n","protected":false},"excerpt":{"rendered":"<p>We are quite often asked about how much goods can a certain type of truck or trailer capacitate. Hereby, we are listing the most used types of trucks and trailers and their capacities. Trucks with semi-trailers The car consists of a saddle truck and a semi-trailer Measurements of the semi-trailer are 13,6 x 2,45 x [&hellip;]<\/p>\n","protected":false},"author":2,"featured_media":9372,"parent":133225,"menu_order":0,"comment_status":"closed","ping_status":"closed","template":"","meta":{"footnotes":""},"class_list":["post-9367","page","type-page","status-publish","has-post-thumbnail","hentry"],"yoast_head":"<!-- This site is optimized with the Yoast SEO plugin v27.4 - https:\/\/yoast.com\/product\/yoast-seo-wordpress\/ -->\n<title>Types of trucks and trailers | ETS Logistics<\/title>\n<meta name=\"description\" content=\"Do you want to know how much goods can a certain type of truck or trailer capacitate. Hereby, we are listing the most used types of trucks and trailers.\" \/>\n<meta name=\"robots\" content=\"index, follow, max-snippet:-1, max-image-preview:large, max-video-preview:-1\" \/>\n<link rel=\"canonical\" href=\"https:\/\/etslogistika.ee\/en\/fyi\/types-trucks-trailers\/\" \/>\n<meta property=\"og:locale\" content=\"en_US\" \/>\n<meta property=\"og:type\" content=\"article\" \/>\n<meta property=\"og:title\" content=\"Types of trucks and trailers | ETS Logistics\" \/>\n<meta property=\"og:description\" content=\"Do you want to know how much goods can a certain type of truck or trailer capacitate. Hereby, we are listing the most used types of trucks and trailers.\" \/>\n<meta property=\"og:url\" content=\"https:\/\/etslogistika.ee\/en\/fyi\/types-trucks-trailers\/\" \/>\n<meta property=\"og:site_name\" content=\"International freight service | ETS Logistika\" \/>\n<meta property=\"article:publisher\" content=\"https:\/\/www.facebook.com\/etslogistika.ee\" \/>\n<meta property=\"article:modified_time\" content=\"2022-10-17T13:52:55+00:00\" \/>\n<meta property=\"og:image\" content=\"https:\/\/etslogistika.ee\/wp-content\/uploads\/2015\/06\/veokite-ja-haagiste-mahutavus.jpg\" \/>\n\t<meta property=\"og:image:width\" content=\"2740\" \/>\n\t<meta property=\"og:image:height\" content=\"652\" \/>\n\t<meta property=\"og:image:type\" content=\"image\/jpeg\" \/>\n<meta name=\"twitter:card\" content=\"summary_large_image\" \/>\n<meta name=\"twitter:label1\" content=\"Est. reading time\" \/>\n\t<meta name=\"twitter:data1\" content=\"2 minutes\" \/>\n<script type=\"application\/ld+json\" class=\"yoast-schema-graph\">{\"@context\":\"https:\\\/\\\/schema.org\",\"@graph\":[{\"@type\":\"WebPage\",\"@id\":\"https:\\\/\\\/etslogistika.ee\\\/en\\\/fyi\\\/types-trucks-trailers\\\/\",\"url\":\"https:\\\/\\\/etslogistika.ee\\\/en\\\/fyi\\\/types-trucks-trailers\\\/\",\"name\":\"Types of trucks and trailers | ETS Logistics\",\"isPartOf\":{\"@id\":\"https:\\\/\\\/etslogistika.ee\\\/#website\"},\"primaryImageOfPage\":{\"@id\":\"https:\\\/\\\/etslogistika.ee\\\/en\\\/fyi\\\/types-trucks-trailers\\\/#primaryimage\"},\"image\":{\"@id\":\"https:\\\/\\\/etslogistika.ee\\\/en\\\/fyi\\\/types-trucks-trailers\\\/#primaryimage\"},\"thumbnailUrl\":\"https:\\\/\\\/etslogistika.ee\\\/wp-content\\\/uploads\\\/2015\\\/06\\\/veokite-ja-haagiste-mahutavus.jpg\",\"datePublished\":\"2016-06-17T12:14:53+00:00\",\"dateModified\":\"2022-10-17T13:52:55+00:00\",\"description\":\"Do you want to know how much goods can a certain type of truck or trailer capacitate. Hereby, we are listing the most used types of trucks and trailers.\",\"breadcrumb\":{\"@id\":\"https:\\\/\\\/etslogistika.ee\\\/en\\\/fyi\\\/types-trucks-trailers\\\/#breadcrumb\"},\"inLanguage\":\"en-US\",\"potentialAction\":[{\"@type\":\"ReadAction\",\"target\":[\"https:\\\/\\\/etslogistika.ee\\\/en\\\/fyi\\\/types-trucks-trailers\\\/\"]}]},{\"@type\":\"ImageObject\",\"inLanguage\":\"en-US\",\"@id\":\"https:\\\/\\\/etslogistika.ee\\\/en\\\/fyi\\\/types-trucks-trailers\\\/#primaryimage\",\"url\":\"https:\\\/\\\/etslogistika.ee\\\/wp-content\\\/uploads\\\/2015\\\/06\\\/veokite-ja-haagiste-mahutavus.jpg\",\"contentUrl\":\"https:\\\/\\\/etslogistika.ee\\\/wp-content\\\/uploads\\\/2015\\\/06\\\/veokite-ja-haagiste-mahutavus.jpg\",\"width\":2740,\"height\":652},{\"@type\":\"BreadcrumbList\",\"@id\":\"https:\\\/\\\/etslogistika.ee\\\/en\\\/fyi\\\/types-trucks-trailers\\\/#breadcrumb\",\"itemListElement\":[{\"@type\":\"ListItem\",\"position\":1,\"name\":\"FYI\",\"item\":\"https:\\\/\\\/etslogistika.ee\\\/en\\\/fyi\\\/\"},{\"@type\":\"ListItem\",\"position\":2,\"name\":\"Types of trucks and trailers and the capacities of them\"}]},{\"@type\":\"WebSite\",\"@id\":\"https:\\\/\\\/etslogistika.ee\\\/#website\",\"url\":\"https:\\\/\\\/etslogistika.ee\\\/\",\"name\":\"Transport ja logistika uksest ukseni | ETS Logistika\",\"description\":\"Teeme logistika Sinu jaoks v\u00f5imalikult lihtsaks. Leiame hinnap\u00e4ringule kiiresti soodsa lahenduse ning administreerime vedu selle algusest kuni l\u00f5puni ise.\",\"potentialAction\":[{\"@type\":\"SearchAction\",\"target\":{\"@type\":\"EntryPoint\",\"urlTemplate\":\"https:\\\/\\\/etslogistika.ee\\\/?s={search_term_string}\"},\"query-input\":{\"@type\":\"PropertyValueSpecification\",\"valueRequired\":true,\"valueName\":\"search_term_string\"}}],\"inLanguage\":\"en-US\"}]}<\/script>\n<!-- \/ Yoast SEO plugin. -->","yoast_head_json":{"title":"Types of trucks and trailers | ETS Logistics","description":"Do you want to know how much goods can a certain type of truck or trailer capacitate. Hereby, we are listing the most used types of trucks and trailers.","robots":{"index":"index","follow":"follow","max-snippet":"max-snippet:-1","max-image-preview":"max-image-preview:large","max-video-preview":"max-video-preview:-1"},"canonical":"https:\/\/etslogistika.ee\/en\/fyi\/types-trucks-trailers\/","og_locale":"en_US","og_type":"article","og_title":"Types of trucks and trailers | ETS Logistics","og_description":"Do you want to know how much goods can a certain type of truck or trailer capacitate. Hereby, we are listing the most used types of trucks and trailers.","og_url":"https:\/\/etslogistika.ee\/en\/fyi\/types-trucks-trailers\/","og_site_name":"International freight service | ETS Logistika","article_publisher":"https:\/\/www.facebook.com\/etslogistika.ee","article_modified_time":"2022-10-17T13:52:55+00:00","og_image":[{"width":2740,"height":652,"url":"https:\/\/etslogistika.ee\/wp-content\/uploads\/2015\/06\/veokite-ja-haagiste-mahutavus.jpg","type":"image\/jpeg"}],"twitter_card":"summary_large_image","twitter_misc":{"Est. reading time":"2 minutes"},"schema":{"@context":"https:\/\/schema.org","@graph":[{"@type":"WebPage","@id":"https:\/\/etslogistika.ee\/en\/fyi\/types-trucks-trailers\/","url":"https:\/\/etslogistika.ee\/en\/fyi\/types-trucks-trailers\/","name":"Types of trucks and trailers | ETS Logistics","isPartOf":{"@id":"https:\/\/etslogistika.ee\/#website"},"primaryImageOfPage":{"@id":"https:\/\/etslogistika.ee\/en\/fyi\/types-trucks-trailers\/#primaryimage"},"image":{"@id":"https:\/\/etslogistika.ee\/en\/fyi\/types-trucks-trailers\/#primaryimage"},"thumbnailUrl":"https:\/\/etslogistika.ee\/wp-content\/uploads\/2015\/06\/veokite-ja-haagiste-mahutavus.jpg","datePublished":"2016-06-17T12:14:53+00:00","dateModified":"2022-10-17T13:52:55+00:00","description":"Do you want to know how much goods can a certain type of truck or trailer capacitate. Hereby, we are listing the most used types of trucks and trailers.","breadcrumb":{"@id":"https:\/\/etslogistika.ee\/en\/fyi\/types-trucks-trailers\/#breadcrumb"},"inLanguage":"en-US","potentialAction":[{"@type":"ReadAction","target":["https:\/\/etslogistika.ee\/en\/fyi\/types-trucks-trailers\/"]}]},{"@type":"ImageObject","inLanguage":"en-US","@id":"https:\/\/etslogistika.ee\/en\/fyi\/types-trucks-trailers\/#primaryimage","url":"https:\/\/etslogistika.ee\/wp-content\/uploads\/2015\/06\/veokite-ja-haagiste-mahutavus.jpg","contentUrl":"https:\/\/etslogistika.ee\/wp-content\/uploads\/2015\/06\/veokite-ja-haagiste-mahutavus.jpg","width":2740,"height":652},{"@type":"BreadcrumbList","@id":"https:\/\/etslogistika.ee\/en\/fyi\/types-trucks-trailers\/#breadcrumb","itemListElement":[{"@type":"ListItem","position":1,"name":"FYI","item":"https:\/\/etslogistika.ee\/en\/fyi\/"},{"@type":"ListItem","position":2,"name":"Types of trucks and trailers and the capacities of them"}]},{"@type":"WebSite","@id":"https:\/\/etslogistika.ee\/#website","url":"https:\/\/etslogistika.ee\/","name":"Transport ja logistika uksest ukseni | ETS Logistika","description":"Teeme logistika Sinu jaoks v\u00f5imalikult lihtsaks. Leiame hinnap\u00e4ringule kiiresti soodsa lahenduse ning administreerime vedu selle algusest kuni l\u00f5puni ise.","potentialAction":[{"@type":"SearchAction","target":{"@type":"EntryPoint","urlTemplate":"https:\/\/etslogistika.ee\/?s={search_term_string}"},"query-input":{"@type":"PropertyValueSpecification","valueRequired":true,"valueName":"search_term_string"}}],"inLanguage":"en-US"}]}},"_links":{"self":[{"href":"https:\/\/etslogistika.ee\/en\/wp-json\/wp\/v2\/pages\/9367","targetHints":{"allow":["GET"]}}],"collection":[{"href":"https:\/\/etslogistika.ee\/en\/wp-json\/wp\/v2\/pages"}],"about":[{"href":"https:\/\/etslogistika.ee\/en\/wp-json\/wp\/v2\/types\/page"}],"author":[{"embeddable":true,"href":"https:\/\/etslogistika.ee\/en\/wp-json\/wp\/v2\/users\/2"}],"replies":[{"embeddable":true,"href":"https:\/\/etslogistika.ee\/en\/wp-json\/wp\/v2\/comments?post=9367"}],"version-history":[{"count":5,"href":"https:\/\/etslogistika.ee\/en\/wp-json\/wp\/v2\/pages\/9367\/revisions"}],"predecessor-version":[{"id":87814,"href":"https:\/\/etslogistika.ee\/en\/wp-json\/wp\/v2\/pages\/9367\/revisions\/87814"}],"up":[{"embeddable":true,"href":"https:\/\/etslogistika.ee\/en\/wp-json\/wp\/v2\/pages\/133225"}],"wp:featuredmedia":[{"embeddable":true,"href":"https:\/\/etslogistika.ee\/en\/wp-json\/wp\/v2\/media\/9372"}],"wp:attachment":[{"href":"https:\/\/etslogistika.ee\/en\/wp-json\/wp\/v2\/media?parent=9367"}],"curies":[{"name":"wp","href":"https:\/\/api.w.org\/{rel}","templated":true}]}}