{"id":133235,"date":"2022-10-17T16:05:21","date_gmt":"2022-10-17T13:05:21","guid":{"rendered":"https:\/\/etslogistika.ee\/?page_id=133235"},"modified":"2022-10-17T16:05:21","modified_gmt":"2022-10-17T13:05:21","slug":"fyi-4","status":"publish","type":"page","link":"https:\/\/etslogistika.ee\/sv\/fyi-4\/","title":{"rendered":"FYI"},"content":{"rendered":"<!DOCTYPE html PUBLIC \"-\/\/W3C\/\/DTD HTML 4.0 Transitional\/\/EN\" \"http:\/\/www.w3.org\/TR\/REC-html40\/loose.dtd\">\n<html><head><meta http-equiv=\"Content-Type\" content=\"text\/html; charset=UTF-8\"><\/head><\/html>\n","protected":false},"excerpt":{"rendered":"","protected":false},"author":2,"featured_media":0,"parent":0,"menu_order":0,"comment_status":"closed","ping_status":"closed","template":"","meta":{"footnotes":""},"class_list":["post-133235","page","type-page","status-publish","hentry"],"yoast_head":"<!-- This site is optimized with the Yoast SEO plugin v27.4 - https:\/\/yoast.com\/product\/yoast-seo-wordpress\/ -->\n<title>FYI<\/title>\n<meta name=\"robots\" content=\"index, follow, max-snippet:-1, max-image-preview:large, max-video-preview:-1\" \/>\n<link rel=\"canonical\" href=\"https:\/\/etslogistika.ee\/sv\/fyi-4\/\" \/>\n<meta property=\"og:locale\" content=\"sv_SE\" \/>\n<meta property=\"og:type\" content=\"article\" \/>\n<meta property=\"og:title\" content=\"FYI\" \/>\n<meta property=\"og:url\" content=\"https:\/\/etslogistika.ee\/sv\/fyi-4\/\" \/>\n<meta property=\"og:site_name\" content=\"Transport och logistik fr\u00e5n d\u00f6rr till d\u00f6rr | ETS Logistika\" \/>\n<meta property=\"article:publisher\" content=\"https:\/\/www.facebook.com\/etslogistika.ee\" \/>\n<meta name=\"twitter:card\" content=\"summary_large_image\" \/>\n<script type=\"application\/ld+json\" class=\"yoast-schema-graph\">{\"@context\":\"https:\\\/\\\/schema.org\",\"@graph\":[{\"@type\":\"WebPage\",\"@id\":\"https:\\\/\\\/etslogistika.ee\\\/sv\\\/fyi-4\\\/\",\"url\":\"https:\\\/\\\/etslogistika.ee\\\/sv\\\/fyi-4\\\/\",\"name\":\"FYI\",\"isPartOf\":{\"@id\":\"https:\\\/\\\/etslogistika.ee\\\/#website\"},\"datePublished\":\"2022-10-17T13:05:21+00:00\",\"inLanguage\":\"sv-SE\",\"potentialAction\":[{\"@type\":\"ReadAction\",\"target\":[\"https:\\\/\\\/etslogistika.ee\\\/sv\\\/fyi-4\\\/\"]}]},{\"@type\":\"WebSite\",\"@id\":\"https:\\\/\\\/etslogistika.ee\\\/#website\",\"url\":\"https:\\\/\\\/etslogistika.ee\\\/\",\"name\":\"Transport ja logistika uksest ukseni | ETS Logistika\",\"description\":\"Teeme logistika Sinu jaoks v\u00f5imalikult lihtsaks. Leiame hinnap\u00e4ringule kiiresti soodsa lahenduse ning administreerime vedu selle algusest kuni l\u00f5puni ise.\",\"potentialAction\":[{\"@type\":\"SearchAction\",\"target\":{\"@type\":\"EntryPoint\",\"urlTemplate\":\"https:\\\/\\\/etslogistika.ee\\\/?s={search_term_string}\"},\"query-input\":{\"@type\":\"PropertyValueSpecification\",\"valueRequired\":true,\"valueName\":\"search_term_string\"}}],\"inLanguage\":\"sv-SE\"}]}<\/script>\n<!-- \/ Yoast SEO plugin. -->","yoast_head_json":{"title":"FYI","robots":{"index":"index","follow":"follow","max-snippet":"max-snippet:-1","max-image-preview":"max-image-preview:large","max-video-preview":"max-video-preview:-1"},"canonical":"https:\/\/etslogistika.ee\/sv\/fyi-4\/","og_locale":"sv_SE","og_type":"article","og_title":"FYI","og_url":"https:\/\/etslogistika.ee\/sv\/fyi-4\/","og_site_name":"Transport och logistik fr\u00e5n d\u00f6rr till d\u00f6rr | ETS Logistika","article_publisher":"https:\/\/www.facebook.com\/etslogistika.ee","twitter_card":"summary_large_image","schema":{"@context":"https:\/\/schema.org","@graph":[{"@type":"WebPage","@id":"https:\/\/etslogistika.ee\/sv\/fyi-4\/","url":"https:\/\/etslogistika.ee\/sv\/fyi-4\/","name":"FYI","isPartOf":{"@id":"https:\/\/etslogistika.ee\/#website"},"datePublished":"2022-10-17T13:05:21+00:00","inLanguage":"sv-SE","potentialAction":[{"@type":"ReadAction","target":["https:\/\/etslogistika.ee\/sv\/fyi-4\/"]}]},{"@type":"WebSite","@id":"https:\/\/etslogistika.ee\/#website","url":"https:\/\/etslogistika.ee\/","name":"Transport ja logistika uksest ukseni | ETS Logistika","description":"Teeme logistika Sinu jaoks v\u00f5imalikult lihtsaks. Leiame hinnap\u00e4ringule kiiresti soodsa lahenduse ning administreerime vedu selle algusest kuni l\u00f5puni ise.","potentialAction":[{"@type":"SearchAction","target":{"@type":"EntryPoint","urlTemplate":"https:\/\/etslogistika.ee\/?s={search_term_string}"},"query-input":{"@type":"PropertyValueSpecification","valueRequired":true,"valueName":"search_term_string"}}],"inLanguage":"sv-SE"}]}},"_links":{"self":[{"href":"https:\/\/etslogistika.ee\/sv\/wp-json\/wp\/v2\/pages\/133235","targetHints":{"allow":["GET"]}}],"collection":[{"href":"https:\/\/etslogistika.ee\/sv\/wp-json\/wp\/v2\/pages"}],"about":[{"href":"https:\/\/etslogistika.ee\/sv\/wp-json\/wp\/v2\/types\/page"}],"author":[{"embeddable":true,"href":"https:\/\/etslogistika.ee\/sv\/wp-json\/wp\/v2\/users\/2"}],"replies":[{"embeddable":true,"href":"https:\/\/etslogistika.ee\/sv\/wp-json\/wp\/v2\/comments?post=133235"}],"version-history":[{"count":1,"href":"https:\/\/etslogistika.ee\/sv\/wp-json\/wp\/v2\/pages\/133235\/revisions"}],"predecessor-version":[{"id":133236,"href":"https:\/\/etslogistika.ee\/sv\/wp-json\/wp\/v2\/pages\/133235\/revisions\/133236"}],"wp:attachment":[{"href":"https:\/\/etslogistika.ee\/sv\/wp-json\/wp\/v2\/media?parent=133235"}],"curies":[{"name":"wp","href":"https:\/\/api.w.org\/{rel}","templated":true}]}}